{"id":89,"date":"2024-05-15T15:30:24","date_gmt":"2024-05-15T15:30:24","guid":{"rendered":"https:\/\/piscinemarket.piscinetunisie.com\/?post_type=product&#038;p=89"},"modified":"2024-05-15T15:30:57","modified_gmt":"2024-05-15T15:30:57","slug":"import-placeholder-for-946","status":"publish","type":"product","link":"https:\/\/piscinemarket.piscinetunisie.com\/?product=import-placeholder-for-946","title":{"rendered":"Import placeholder for 946"},"content":{"rendered":"<p>La Brosse d&#8217;angle piscine circulaire pour les pr\u00e9cisions d&#8217;angles<br \/>\nId\u00e9ale pour le nettoyage du fond et des parois de la piscine, la brosse circulaire Shark est fabriqu\u00e9e en polypropyl\u00e8ne. Elle est compos\u00e9e de poils en polypropyl\u00e8ne de couleurs blanche et bleue.<br \/>\nLa Brosse d&#8217;angle piscine, est grise et dispose d&#8217;une finition rugueuse pour un nettoyage parfait.<br \/>\nSa l\u00e9g\u00e8ret\u00e9 vous facilitera son utilisation. Pratique pour les angles, elle dispose d&#8217;une connexion pour le tuyau d&#8217;aspiration.<\/p>\n<p>Visitez notre page Facebook pour vous inspirer de nos r\u00e9alisations ou les r\u00e9alisations des piscinistes qui nous font confiance.<br \/>\n<a https:\/\/www.piscinetunisie.com\/astralpool\/\"><\/a><br \/>\n<strong>Marque : <\/strong> <a href=\"https:\/\/www.astralpool.com\/fr\/\">ASTRALPOOL<\/a><br \/>\n<strong>Marque Made in\u00a0: <\/strong>ESPAGNOL<\/p>\n","protected":false},"excerpt":{"rendered":"<p>La Brosse d&#8217;angle piscine circulaire pour les pr\u00e9cisions d&#8217;angles Id\u00e9ale pour le nettoyage du fond et des parois de la piscine, la brosse circulaire Shark est fabriqu\u00e9e en polypropyl\u00e8ne. Elle est compos\u00e9e de poils en polypropyl\u00e8ne de couleurs blanche et bleue. La Brosse d&#8217;angle piscine, est grise et dispose d&#8217;une finition rugueuse pour un nettoyage [&hellip;]<\/p>\n","protected":false},"featured_media":144,"comment_status":"open","ping_status":"closed","template":"","meta":[],"product_cat":[15],"product_tag":[],"class_list":{"0":"post-89","1":"product","2":"type-product","3":"status-publish","4":"has-post-thumbnail","6":"product_cat-uncategorized","8":"first","9":"instock","10":"shipping-taxable","11":"product-type-simple"},"jetpack_sharing_enabled":true,"_links":{"self":[{"href":"https:\/\/piscinemarket.piscinetunisie.com\/index.php?rest_route=\/wp\/v2\/product\/89","targetHints":{"allow":["GET"]}}],"collection":[{"href":"https:\/\/piscinemarket.piscinetunisie.com\/index.php?rest_route=\/wp\/v2\/product"}],"about":[{"href":"https:\/\/piscinemarket.piscinetunisie.com\/index.php?rest_route=\/wp\/v2\/types\/product"}],"replies":[{"embeddable":true,"href":"https:\/\/piscinemarket.piscinetunisie.com\/index.php?rest_route=%2Fwp%2Fv2%2Fcomments&post=89"}],"wp:featuredmedia":[{"embeddable":true,"href":"https:\/\/piscinemarket.piscinetunisie.com\/index.php?rest_route=\/wp\/v2\/media\/144"}],"wp:attachment":[{"href":"https:\/\/piscinemarket.piscinetunisie.com\/index.php?rest_route=%2Fwp%2Fv2%2Fmedia&parent=89"}],"wp:term":[{"taxonomy":"product_cat","embeddable":true,"href":"https:\/\/piscinemarket.piscinetunisie.com\/index.php?rest_route=%2Fwp%2Fv2%2Fproduct_cat&post=89"},{"taxonomy":"product_tag","embeddable":true,"href":"https:\/\/piscinemarket.piscinetunisie.com\/index.php?rest_route=%2Fwp%2Fv2%2Fproduct_tag&post=89"}],"curies":[{"name":"wp","href":"https:\/\/api.w.org\/{rel}","templated":true}]}}