{"id":88,"date":"2024-05-15T15:30:23","date_gmt":"2024-05-15T15:30:23","guid":{"rendered":"https:\/\/piscinemarket.piscinetunisie.com\/?post_type=product&#038;p=88"},"modified":"2024-05-15T15:30:53","modified_gmt":"2024-05-15T15:30:53","slug":"import-placeholder-for-944","status":"publish","type":"product","link":"https:\/\/piscinemarket.piscinetunisie.com\/?product=import-placeholder-for-944","title":{"rendered":"Import placeholder for 944"},"content":{"rendered":"<p>\u2981 Nous vous pr\u00e9sentons la Brosse courbe Astralpool SHARK SERIES d&#8217;Astralpool une nouvelle g\u00e9n\u00e9ration d&#8217;accessoires pour l&#8217;entretien de la piscine. Fournit un nettoyage parfait du fond et des parois de la piscine.<\/p>\n<p>\u2981 Fabriqu\u00e9 en polypropyl\u00e8ne gris requin avec une finition robuste. Les poils sont en polypropyl\u00e8ne blanc et bleu.<\/p>\n<p>\u2981 Longueur (M) : 0,142. Largeur (M) : 0,445. Hauteur des poils : 0,049. Couleur : requin.<\/p>\n<p>\u2981 Exclusivit\u00e9 et fiabilit\u00e9 garanties pour les besoins de l&#8217;entretien de la piscine : caract\u00e9ris\u00e9e par des designs exclusifs et avant-gardistes, la gamme d&#8217;accessoires de la s\u00e9rie Shark se distingue par leur force et leur efficacit\u00e9 dans l&#8217;ex\u00e9cution de l&#8217;entretien de base de la piscine.<\/p>\n<p>\u2981 la Brosse courbe Astralpool Esth\u00e9tiquement attrayant, design innovant : avec notre gamme Shark, fonctionnalit\u00e9 et efficacit\u00e9 sont au-del\u00e0 de la hauteur de l&#8217;image du produit. Le design avant-gardiste et la finition gris requin, conf\u00e8rent \u00e0 l&#8217;ensemble de la gamme une \u00e9l\u00e9gance qui les caract\u00e9rise.<\/p>\n<p>Visitez notre page Facebook pour vous inspirer de nos r\u00e9alisations ou les r\u00e9alisations des piscinistes qui nous font confiance.<br \/>\n<a https:\/\/www.piscinetunisie.com\/astralpool\/\"><\/a><br \/>\n<strong>Marque : <\/strong> <a href=\"https:\/\/www.astralpool.com\/fr\/\">ASTRALPOOL<\/a><br \/>\n<strong>Marque Made in\u00a0: <\/strong>ESPAGNOL<\/p>\n","protected":false},"excerpt":{"rendered":"<p>\u2981 Nous vous pr\u00e9sentons la Brosse courbe Astralpool SHARK SERIES d&#8217;Astralpool une nouvelle g\u00e9n\u00e9ration d&#8217;accessoires pour l&#8217;entretien de la piscine. Fournit un nettoyage parfait du fond et des parois de la piscine. \u2981 Fabriqu\u00e9 en polypropyl\u00e8ne gris requin avec une finition robuste. Les poils sont en polypropyl\u00e8ne blanc et bleu. \u2981 Longueur (M) : 0,142. [&hellip;]<\/p>\n","protected":false},"featured_media":143,"comment_status":"open","ping_status":"closed","template":"","meta":[],"product_cat":[15],"product_tag":[],"class_list":{"0":"post-88","1":"product","2":"type-product","3":"status-publish","4":"has-post-thumbnail","6":"product_cat-uncategorized","8":"first","9":"instock","10":"shipping-taxable","11":"product-type-simple"},"jetpack_sharing_enabled":true,"_links":{"self":[{"href":"https:\/\/piscinemarket.piscinetunisie.com\/index.php?rest_route=\/wp\/v2\/product\/88","targetHints":{"allow":["GET"]}}],"collection":[{"href":"https:\/\/piscinemarket.piscinetunisie.com\/index.php?rest_route=\/wp\/v2\/product"}],"about":[{"href":"https:\/\/piscinemarket.piscinetunisie.com\/index.php?rest_route=\/wp\/v2\/types\/product"}],"replies":[{"embeddable":true,"href":"https:\/\/piscinemarket.piscinetunisie.com\/index.php?rest_route=%2Fwp%2Fv2%2Fcomments&post=88"}],"wp:featuredmedia":[{"embeddable":true,"href":"https:\/\/piscinemarket.piscinetunisie.com\/index.php?rest_route=\/wp\/v2\/media\/143"}],"wp:attachment":[{"href":"https:\/\/piscinemarket.piscinetunisie.com\/index.php?rest_route=%2Fwp%2Fv2%2Fmedia&parent=88"}],"wp:term":[{"taxonomy":"product_cat","embeddable":true,"href":"https:\/\/piscinemarket.piscinetunisie.com\/index.php?rest_route=%2Fwp%2Fv2%2Fproduct_cat&post=88"},{"taxonomy":"product_tag","embeddable":true,"href":"https:\/\/piscinemarket.piscinetunisie.com\/index.php?rest_route=%2Fwp%2Fv2%2Fproduct_tag&post=88"}],"curies":[{"name":"wp","href":"https:\/\/api.w.org\/{rel}","templated":true}]}}