{"id":87,"date":"2024-05-15T15:30:23","date_gmt":"2024-05-15T15:30:23","guid":{"rendered":"https:\/\/piscinemarket.piscinetunisie.com\/?post_type=product&#038;p=87"},"modified":"2024-05-15T15:32:12","modified_gmt":"2024-05-15T15:32:12","slug":"import-placeholder-for-940","status":"publish","type":"product","link":"https:\/\/piscinemarket.piscinetunisie.com\/?product=import-placeholder-for-940","title":{"rendered":"Import placeholder for 940"},"content":{"rendered":"<p><a href=\"https:\/\/www.bspool.eu\/fr\/\">Electrolyseur de sel EVOBASIC<\/a> Cet appareil vous permettra de profiter d&#8217;une eau d&#8217;excellente qualit\u00e9 dans votre piscine, sans que vous n&#8217;ayez\u00a0\u00e0 ajouter de d\u00e9sinfectants chimiques.<\/p>\n<p>Le syst\u00e8me de chloration saline pour piscines fabrique le chlore directement dans le syst\u00e8me de filtration par l&#8217;\u00e9lectrolyse de l&#8217;eau qui est l\u00e9g\u00e8rement sal\u00e9e.\u00a0Un agent fortement bact\u00e9ricide, le &#8220;chlore libre&#8221;, est produit\u00a0(acide hypochloreux,\u00a0HCIO).<br \/>\n\u00a0Ses r\u00e9sultats sont similaires aux produits chimiques qui sont habituellement ajout\u00e9s.<\/p>\n<p>L&#8217;Electrolyseur saline est un processus r\u00e9versible, c&#8217;est-\u00e0-dire, qu&#8217;une fois que les \u00e9l\u00e9ments actifs ont r\u00e9agi avec les organismes pr\u00e9sents dans l&#8217;eau, on se retrouve de nouveau avec du sel et de l&#8217;eau.<\/p>\n<p>L&#8217;appareil se compose d&#8217;un dispositif de contr\u00f4le \u00e9lectronique de commande et de r\u00e9gulation et d&#8217;une cellule d&#8217;\u00e9lectrolyse \u00e0 travers laquelle on fait circuler l&#8217;eau de la piscine.\u00a0Cette derni\u00e8re est install\u00e9e dans le retour du circuit de filtration.<\/p>\n<p>Nos cellules sont fabriqu\u00e9es selon le concept LLC ( Long Life Cell) propre \u00e0 BSPOOL, qui permet une plus grande durabilit\u00e9 et prolonge ainsi la vie des cellules.<\/p>\n<p>Si vous utilisez cet appareil de chloration saline en permanence, il ne sera pas n\u00e9cessaire de changer l&#8217;eau de votre piscine pendant plusieurs ann\u00e9es\u00a0(de 8 \u00e0 15 ans en fonction de l&#8217;usage).\u00a0Vous contribuerez ainsi aux politiques de conservation de l&#8217;environnement et \u00e0 la gestion de l&#8217;\u00e9conomie de l&#8217;eau.<\/p>\n<p><a href=\"https:\/\/www.piscinetunisie.com\/bspool\/\"> BSPOOL<\/a><br \/>\n<strong>Marque : <\/strong> <a href=https:\/\/www.bspool.eu\/fr\/\">BSV<\/a><br \/>\n<strong>Marque made in : <\/strong> ESPAGNOL<\/p>\n","protected":false},"excerpt":{"rendered":"<p>Electrolyseur de sel EVOBASIC Cet appareil vous permettra de profiter d&#8217;une eau d&#8217;excellente qualit\u00e9 dans votre piscine, sans que vous n&#8217;ayez\u00a0\u00e0 ajouter de d\u00e9sinfectants chimiques. Le syst\u00e8me de chloration saline pour piscines fabrique le chlore directement dans le syst\u00e8me de filtration par l&#8217;\u00e9lectrolyse de l&#8217;eau qui est l\u00e9g\u00e8rement sal\u00e9e.\u00a0Un agent fortement bact\u00e9ricide, le &#8220;chlore libre&#8221;, [&hellip;]<\/p>\n","protected":false},"featured_media":141,"comment_status":"open","ping_status":"closed","template":"","meta":[],"product_cat":[15],"product_tag":[],"class_list":{"0":"post-87","1":"product","2":"type-product","3":"status-publish","4":"has-post-thumbnail","6":"product_cat-uncategorized","8":"first","9":"instock","10":"shipping-taxable","11":"product-type-variable"},"jetpack_sharing_enabled":true,"_links":{"self":[{"href":"https:\/\/piscinemarket.piscinetunisie.com\/index.php?rest_route=\/wp\/v2\/product\/87","targetHints":{"allow":["GET"]}}],"collection":[{"href":"https:\/\/piscinemarket.piscinetunisie.com\/index.php?rest_route=\/wp\/v2\/product"}],"about":[{"href":"https:\/\/piscinemarket.piscinetunisie.com\/index.php?rest_route=\/wp\/v2\/types\/product"}],"replies":[{"embeddable":true,"href":"https:\/\/piscinemarket.piscinetunisie.com\/index.php?rest_route=%2Fwp%2Fv2%2Fcomments&post=87"}],"wp:featuredmedia":[{"embeddable":true,"href":"https:\/\/piscinemarket.piscinetunisie.com\/index.php?rest_route=\/wp\/v2\/media\/141"}],"wp:attachment":[{"href":"https:\/\/piscinemarket.piscinetunisie.com\/index.php?rest_route=%2Fwp%2Fv2%2Fmedia&parent=87"}],"wp:term":[{"taxonomy":"product_cat","embeddable":true,"href":"https:\/\/piscinemarket.piscinetunisie.com\/index.php?rest_route=%2Fwp%2Fv2%2Fproduct_cat&post=87"},{"taxonomy":"product_tag","embeddable":true,"href":"https:\/\/piscinemarket.piscinetunisie.com\/index.php?rest_route=%2Fwp%2Fv2%2Fproduct_tag&post=87"}],"curies":[{"name":"wp","href":"https:\/\/api.w.org\/{rel}","templated":true}]}}