{"id":86,"date":"2024-05-15T15:30:23","date_gmt":"2024-05-15T15:30:23","guid":{"rendered":"https:\/\/piscinemarket.piscinetunisie.com\/?post_type=product&#038;p=86"},"modified":"2024-05-15T15:30:51","modified_gmt":"2024-05-15T15:30:51","slug":"import-placeholder-for-935","status":"publish","type":"product","link":"https:\/\/piscinemarket.piscinetunisie.com\/?product=import-placeholder-for-935","title":{"rendered":"Import placeholder for 935"},"content":{"rendered":"<p><strong>&#8220;\u00c9clairez Votre Piscine avec les Mini-Projecteurs LED RGB d&#8217;AstralPool&#8221;<\/strong><\/p>\n<p>Ajoutez une touche de lumi\u00e8re \u00e0 votre piscine gr\u00e2ce aux mini-projecteurs LED RGB<br \/>\nd&#8217;AstralPool. Non seulement ces projecteurs sont esth\u00e9tiques, mais ils sont \u00e9galement<br \/>\n\u00e9conomiques, offrant une solution d&#8217;\u00e9clairage efficace pour votre espace aquatique.<br \/>\nLa gamme de projecteurs LumiPlus Mini LED V2 se distingue par ses petites dimensions,<br \/>\nses intensit\u00e9s lumineuses puissantes et son efficacit\u00e9 \u00e9nerg\u00e9tique. Ils sont disponibles en<br \/>\ntrois versions pour r\u00e9pondre \u00e0 vos besoins sp\u00e9cifiques :<br \/>\n\u25cf <strong>Attache Rapide<\/strong> : Cette version est compatible avec la niche 53956, offrant une<br \/>\ninstallation rapide et pratique.<br \/>\n\u25cf <strong>SPA ou Piscine Pr\u00e9fabriqu\u00e9e<\/strong> : Id\u00e9ale pour les piscines de ce type, cette version est<br \/>\ncon\u00e7ue pour une installation ais\u00e9e.<br \/>\n\u25cf <strong>Point Lumineux<\/strong> : Cette option est parfaite pour les niches 06967, 00369 ou 49828,<br \/>\nen fonction du type de piscine que vous poss\u00e9dez.<br \/>\nChoisissez parmi un \u00e9ventail de couleurs lumineuses, notamment blanc froid, blanc chaud<br \/>\nRVB et RVB-DMX. Le mod\u00e8le RGB est compatible avec plusieurs commandes, notamment<br \/>\nLumiPlus Eco, LumiPlus Top, Point d&#8217;acc\u00e8s WiFi LumiPlus et LumiPlus Modbus, qui est<br \/>\ncompatible avec la plate-forme Fluidra Connect.<br \/>\nLe mod\u00e8le DMX RGB n\u00e9cessite le contr\u00f4leur d&#8217;alimentation LumiPlus DMX 52142, qui peut<br \/>\ncontr\u00f4ler jusqu&#8217;\u00e0 9 projecteurs LumiPlus Mini.<br \/>\nPour un \u00e9clairage optimal de votre piscine, il est recommand\u00e9 d&#8217;installer un projecteur<br \/>\nLumiPlus Mini tous les 5 m\u00e8tres carr\u00e9s de surface d&#8217;eau. Toutefois, pour les piscines de<br \/>\ncouleurs sombres ou en acier inoxydable, il est conseill\u00e9 de surdimensionner la proportion<br \/>\nde projecteurs par m\u00e8tre carr\u00e9.<br \/>\nLes mini-projecteurs LED RGB d&#8217;AstralPool sont con\u00e7us pour une efficacit\u00e9 \u00e9nerg\u00e9tique<br \/>\nmaximale, avec une consommation \u00e9lectrique minimale. Ils fonctionnent \u00e0 une puissance de<br \/>\n12Vca et offrent une dur\u00e9e de vie exceptionnelle de 50 000 heures (L70).<br \/>\nOptez pour la qualit\u00e9 et l&#8217;efficacit\u00e9 d&#8217;AstralPool pour illuminer votre piscine. Avec une<br \/>\nmarque d&#8217;origine espagnole, vous pouvez avoir confiance en la fiabilit\u00e9 de votre \u00e9clairage de<br \/>\npiscine. Transformez votre espace aquatique avec des mini-projecteurs LED RGB qui allient<\/p>\n<p>style et \u00e9conomie.<br \/>\nMarque : <a href=\"https:\/\/www.piscinetunisie.com\/astralpool-tunis\/\">ASTRALPOOL<\/a><br \/>\nMarque made in : ESPAGNE<\/p>\n<p>Visitez notre page Facebook <a href=\"https:\/\/www.facebook.com\/STGEgroup\/\">STGEgroup<\/a> pour vous inspirer de nos r\u00e9alisations ou les<br \/>\nr\u00e9alisations des piscinistes qui nous font confiance.<\/p>\n","protected":false},"excerpt":{"rendered":"<p>&#8220;\u00c9clairez Votre Piscine avec les Mini-Projecteurs LED RGB d&#8217;AstralPool&#8221; Ajoutez une touche de lumi\u00e8re \u00e0 votre piscine gr\u00e2ce aux mini-projecteurs LED RGB d&#8217;AstralPool. Non seulement ces projecteurs sont esth\u00e9tiques, mais ils sont \u00e9galement \u00e9conomiques, offrant une solution d&#8217;\u00e9clairage efficace pour votre espace aquatique. La gamme de projecteurs LumiPlus Mini LED V2 se distingue par ses [&hellip;]<\/p>\n","protected":false},"featured_media":140,"comment_status":"open","ping_status":"closed","template":"","meta":[],"product_cat":[15],"product_tag":[],"class_list":{"0":"post-86","1":"product","2":"type-product","3":"status-publish","4":"has-post-thumbnail","6":"product_cat-uncategorized","8":"first","9":"instock","10":"shipping-taxable","11":"product-type-simple"},"jetpack_sharing_enabled":true,"_links":{"self":[{"href":"https:\/\/piscinemarket.piscinetunisie.com\/index.php?rest_route=\/wp\/v2\/product\/86","targetHints":{"allow":["GET"]}}],"collection":[{"href":"https:\/\/piscinemarket.piscinetunisie.com\/index.php?rest_route=\/wp\/v2\/product"}],"about":[{"href":"https:\/\/piscinemarket.piscinetunisie.com\/index.php?rest_route=\/wp\/v2\/types\/product"}],"replies":[{"embeddable":true,"href":"https:\/\/piscinemarket.piscinetunisie.com\/index.php?rest_route=%2Fwp%2Fv2%2Fcomments&post=86"}],"wp:featuredmedia":[{"embeddable":true,"href":"https:\/\/piscinemarket.piscinetunisie.com\/index.php?rest_route=\/wp\/v2\/media\/140"}],"wp:attachment":[{"href":"https:\/\/piscinemarket.piscinetunisie.com\/index.php?rest_route=%2Fwp%2Fv2%2Fmedia&parent=86"}],"wp:term":[{"taxonomy":"product_cat","embeddable":true,"href":"https:\/\/piscinemarket.piscinetunisie.com\/index.php?rest_route=%2Fwp%2Fv2%2Fproduct_cat&post=86"},{"taxonomy":"product_tag","embeddable":true,"href":"https:\/\/piscinemarket.piscinetunisie.com\/index.php?rest_route=%2Fwp%2Fv2%2Fproduct_tag&post=86"}],"curies":[{"name":"wp","href":"https:\/\/api.w.org\/{rel}","templated":true}]}}