{"id":85,"date":"2024-05-15T15:30:23","date_gmt":"2024-05-15T15:30:23","guid":{"rendered":"https:\/\/piscinemarket.piscinetunisie.com\/?post_type=product&#038;p=85"},"modified":"2024-05-15T15:30:46","modified_gmt":"2024-05-15T15:30:46","slug":"import-placeholder-for-933","status":"publish","type":"product","link":"https:\/\/piscinemarket.piscinetunisie.com\/?product=import-placeholder-for-933","title":{"rendered":"Import placeholder for 933"},"content":{"rendered":"<p><strong>&#8220;\u00c9clairage de Piscine \u00c9conomique : Projecteur Mini LED Blanc <\/strong><strong>AstralPool&#8221;<\/strong><\/p>\n<p>Ajoutez une ambiance lumineuse \u00e9l\u00e9gante \u00e0 votre piscine avec les mini-projecteurs LED<br \/>\nblancs d&#8217;AstralPool. Non seulement ces projecteurs sont esth\u00e9tiques, mais ils sont aussi<br \/>\n\u00e9conomiques, offrant une solution d&#8217;\u00e9clairage rentable pour votre espace de baignade.<br \/>\nLa gamme de projecteurs LumiPlus Mini LED V2 se distingue par sa petite taille, ses<br \/>\nintensit\u00e9s lumineuses puissantes et son efficacit\u00e9 \u00e9nerg\u00e9tique. Ils sont disponibles en trois<br \/>\nversions pour s&#8217;adapter \u00e0 vos besoins :<br \/>\n<strong>Attache Rapide<\/strong> : Cette version est compatible avec la niche 53956, offrant une installation<br \/>\nrapide et pratique.<br \/>\n<strong>SPA ou Piscine Pr\u00e9fabriqu\u00e9e :<\/strong> Id\u00e9ale pour les piscines de ce type, cette version est con\u00e7ue<br \/>\npour une installation ais\u00e9e.<br \/>\n<strong>Point Lumineux :<\/strong> Cette option est parfaite pour les niches 06967, 00369 ou 49828, en<br \/>\nfonction du type de piscine que vous poss\u00e9dez.<br \/>\nOptez pour une ambiance lumineuse qui vous convient parmi un \u00e9ventail de couleurs, y<br \/>\ncompris blanc froid, blanc chaud, RVB et RVB-DMX. Le mod\u00e8le RGB est compatible avec<br \/>\ndiverses commandes, notamment LumiPlus Eco, LumiPlus Top, Point d&#8217;acc\u00e8s WiFi<br \/>\nLumiPlus et LumiPlus Modbus, qui est compatible avec la plate-forme Fluidra Connect.<br \/>\nLe mod\u00e8le DMX RGB n\u00e9cessite le contr\u00f4leur d&#8217;alimentation LumiPlus DMX 52142, qui peut<br \/>\ncontr\u00f4ler jusqu&#8217;\u00e0 9 projecteurs LumiPlus Mini.<br \/>\nPour un \u00e9clairage optimal de votre piscine, installez un projecteur LumiPlus Mini tous les 5<br \/>\nm\u00e8tres carr\u00e9s de surface d&#8217;eau. Veillez \u00e0 surdimensionner la proportion de projecteurs par<br \/>\nm\u00e8tre carr\u00e9 pour les piscines de couleurs sombres ou en acier inoxydable.<br \/>\nCes projecteurs blancs ont une consommation \u00e9lectrique minimale, avec seulement 4W (6<br \/>\nVA) pour la version blanche. Ils fonctionnent \u00e0 une puissance de 12Vca et offrent une dur\u00e9e<br \/>\nde vie exceptionnelle de 50 000 heures (L70).<br \/>\nFaites confiance \u00e0 la marque espagnole de qualit\u00e9, AstralPool, pour \u00e9clairer votre piscine.<br \/>\nTransformez votre espace aquatique en un lieu de d\u00e9tente \u00e9l\u00e9gant et \u00e9conomique avec les<br \/>\nmini-projecteurs LED blancs.<\/p>\n<p>Marque : <a href=\"https:\/\/www.piscinetunisie.com\/astralpool-tunis\/\">ASTRALPOOL<\/a><br \/>\nMarque made in : ESPAGNE<\/p>\n<p>Visitez notre page Facebook<a href=\"https:\/\/www.facebook.com\/STGEgroup\/\"> STGEgroup<\/a> pour vous inspirer de nos r\u00e9alisations ou les<br \/>\nr\u00e9alisations des piscinistes qui nous font confiance.<\/p>\n","protected":false},"excerpt":{"rendered":"<p>&#8220;\u00c9clairage de Piscine \u00c9conomique : Projecteur Mini LED Blanc AstralPool&#8221; Ajoutez une ambiance lumineuse \u00e9l\u00e9gante \u00e0 votre piscine avec les mini-projecteurs LED blancs d&#8217;AstralPool. Non seulement ces projecteurs sont esth\u00e9tiques, mais ils sont aussi \u00e9conomiques, offrant une solution d&#8217;\u00e9clairage rentable pour votre espace de baignade. La gamme de projecteurs LumiPlus Mini LED V2 se distingue [&hellip;]<\/p>\n","protected":false},"featured_media":113,"comment_status":"open","ping_status":"closed","template":"","meta":[],"product_cat":[15],"product_tag":[],"class_list":{"0":"post-85","1":"product","2":"type-product","3":"status-publish","4":"has-post-thumbnail","6":"product_cat-uncategorized","8":"first","9":"instock","10":"shipping-taxable","11":"product-type-simple"},"jetpack_sharing_enabled":true,"_links":{"self":[{"href":"https:\/\/piscinemarket.piscinetunisie.com\/index.php?rest_route=\/wp\/v2\/product\/85","targetHints":{"allow":["GET"]}}],"collection":[{"href":"https:\/\/piscinemarket.piscinetunisie.com\/index.php?rest_route=\/wp\/v2\/product"}],"about":[{"href":"https:\/\/piscinemarket.piscinetunisie.com\/index.php?rest_route=\/wp\/v2\/types\/product"}],"replies":[{"embeddable":true,"href":"https:\/\/piscinemarket.piscinetunisie.com\/index.php?rest_route=%2Fwp%2Fv2%2Fcomments&post=85"}],"wp:featuredmedia":[{"embeddable":true,"href":"https:\/\/piscinemarket.piscinetunisie.com\/index.php?rest_route=\/wp\/v2\/media\/113"}],"wp:attachment":[{"href":"https:\/\/piscinemarket.piscinetunisie.com\/index.php?rest_route=%2Fwp%2Fv2%2Fmedia&parent=85"}],"wp:term":[{"taxonomy":"product_cat","embeddable":true,"href":"https:\/\/piscinemarket.piscinetunisie.com\/index.php?rest_route=%2Fwp%2Fv2%2Fproduct_cat&post=85"},{"taxonomy":"product_tag","embeddable":true,"href":"https:\/\/piscinemarket.piscinetunisie.com\/index.php?rest_route=%2Fwp%2Fv2%2Fproduct_tag&post=85"}],"curies":[{"name":"wp","href":"https:\/\/api.w.org\/{rel}","templated":true}]}}