{"id":82,"date":"2024-05-15T15:30:23","date_gmt":"2024-05-15T15:30:23","guid":{"rendered":"https:\/\/piscinemarket.piscinetunisie.com\/?post_type=product&#038;p=82"},"modified":"2024-05-15T15:30:40","modified_gmt":"2024-05-15T15:30:40","slug":"import-placeholder-for-927","status":"publish","type":"product","link":"https:\/\/piscinemarket.piscinetunisie.com\/?product=import-placeholder-for-927","title":{"rendered":"Import placeholder for 927"},"content":{"rendered":"<h5>&#8220;\u00c9clairez Votre Piscine avec les Projecteurs RAPID d&#8217;AstralPool&#8221;<\/h5>\n<p>Le Projecteur Led Couleurs RAPID d&#8217;AstralPool sont con\u00e7us pour une installation ais\u00e9e dans votre<br \/>\npiscine gr\u00e2ce au raccordement en buses de 1 &#8220;1\/2. Leur particularit\u00e9 r\u00e9side dans leur<br \/>\nsimplicit\u00e9 de montage, vous permettant d&#8217;illuminer votre piscine avec facilit\u00e9.<br \/>\nDesign Int\u00e9grateur pour Votre Piscine<br \/>\nCes projecteurs sont dot\u00e9s d&#8217;une fa\u00e7ade extra-plate qui offre un design int\u00e9grateur \u00e0 votre<br \/>\npiscine. Ils peuvent \u00eatre install\u00e9s dans une bague de \u00d859 ou un filetage de 2 &#8220;, ainsi que<br \/>\ndans des tubes de \u00d863 en PN6 et PN10. Vous avez la flexibilit\u00e9 de choisir l&#8217;option qui<br \/>\nconvient le mieux \u00e0 votre piscine.<\/p>\n<h6>\nVari\u00e9t\u00e9 de Couleurs Lumineuses<\/h6>\n<p>Les projecteurs RAPID sont disponibles dans plusieurs couleurs lumineuses, y compris<br \/>\nblanc froid, blanc chaud, RGB et RGB sans fil. Le mod\u00e8le RGB est compatible avec<br \/>\ndiff\u00e9rentes commandes, notamment LumiPlus Eco, LumiPlus Top, LumiPlus LED APP et<br \/>\nLumiPlus Modbus. Le mod\u00e8le Wireless V1 est compatible avec le Lumiplus Control Motion.<\/p>\n<h6>\nCaract\u00e9ristiques des Projecteurs RAPID<\/h6>\n<p>\u25cf <strong>Consommation \u00e9lectrique blanche<\/strong> : 14,5W (20VA)<br \/>\n\u25cf <strong>Consommation RGB<\/strong> : 22W (29VA)<br \/>\n\u25cf <strong>Puissance<\/strong> : 12Vca<br \/>\n\u25cf Dur\u00e9e de vie exceptionnelle de 50 000 heures (L70)<br \/>\nPour un \u00e9clairage optimal de votre piscine, il est recommand\u00e9 d&#8217;installer un projecteur<br \/>\nfamilial LumiPlus RAPID tous les 20 m\u00e8tres carr\u00e9s de surface d&#8217;eau. Cependant, tenez<br \/>\ncompte des sp\u00e9cificit\u00e9s de votre piscine. Dans le cas de piscines de couleurs sombres ou en<br \/>\nacier inoxydable, il est recommand\u00e9 de surdimensionner la proportion de projecteurs par<br \/>\nm\u00e8tre carr\u00e9.<\/p>\n<p>AstralPool, une marque espagnole renomm\u00e9e, propose des projecteurs de qualit\u00e9 pour<br \/>\nilluminer votre piscine. Transformez votre espace aquatique en un lieu de d\u00e9tente \u00e9l\u00e9gant et<br \/>\nlumineux. Optez pour des projecteurs RAPID qui offrent une installation facile, un design<br \/>\nint\u00e9grateur et une vari\u00e9t\u00e9 de couleurs lumineuses pour une exp\u00e9rience de baignade<br \/>\ninoubliable.<\/p>\n<p>Marque : <a href=\"https:\/\/www.piscinetunisie.com\/astralpool-tunis\/\">ASTRALPOOL<\/a><br \/>\nMarque made in : ESPAGNE<br \/>\nVisitez notre page Facebook <a href=\"https:\/\/www.facebook.com\/STGEgroup\/\">STGEgroup<\/a> pour vous inspirer de nos r\u00e9alisations ou les<br \/>\nr\u00e9alisations des piscinistes qui nous font confiance.<\/p>\n","protected":false},"excerpt":{"rendered":"<p>&#8220;\u00c9clairez Votre Piscine avec les Projecteurs RAPID d&#8217;AstralPool&#8221; Le Projecteur Led Couleurs RAPID d&#8217;AstralPool sont con\u00e7us pour une installation ais\u00e9e dans votre piscine gr\u00e2ce au raccordement en buses de 1 &#8220;1\/2. Leur particularit\u00e9 r\u00e9side dans leur simplicit\u00e9 de montage, vous permettant d&#8217;illuminer votre piscine avec facilit\u00e9. Design Int\u00e9grateur pour Votre Piscine Ces projecteurs sont dot\u00e9s [&hellip;]<\/p>\n","protected":false},"featured_media":110,"comment_status":"open","ping_status":"closed","template":"","meta":[],"product_cat":[15],"product_tag":[],"class_list":{"0":"post-82","1":"product","2":"type-product","3":"status-publish","4":"has-post-thumbnail","6":"product_cat-uncategorized","8":"first","9":"instock","10":"shipping-taxable","11":"product-type-simple"},"jetpack_sharing_enabled":true,"_links":{"self":[{"href":"https:\/\/piscinemarket.piscinetunisie.com\/index.php?rest_route=\/wp\/v2\/product\/82","targetHints":{"allow":["GET"]}}],"collection":[{"href":"https:\/\/piscinemarket.piscinetunisie.com\/index.php?rest_route=\/wp\/v2\/product"}],"about":[{"href":"https:\/\/piscinemarket.piscinetunisie.com\/index.php?rest_route=\/wp\/v2\/types\/product"}],"replies":[{"embeddable":true,"href":"https:\/\/piscinemarket.piscinetunisie.com\/index.php?rest_route=%2Fwp%2Fv2%2Fcomments&post=82"}],"wp:featuredmedia":[{"embeddable":true,"href":"https:\/\/piscinemarket.piscinetunisie.com\/index.php?rest_route=\/wp\/v2\/media\/110"}],"wp:attachment":[{"href":"https:\/\/piscinemarket.piscinetunisie.com\/index.php?rest_route=%2Fwp%2Fv2%2Fmedia&parent=82"}],"wp:term":[{"taxonomy":"product_cat","embeddable":true,"href":"https:\/\/piscinemarket.piscinetunisie.com\/index.php?rest_route=%2Fwp%2Fv2%2Fproduct_cat&post=82"},{"taxonomy":"product_tag","embeddable":true,"href":"https:\/\/piscinemarket.piscinetunisie.com\/index.php?rest_route=%2Fwp%2Fv2%2Fproduct_tag&post=82"}],"curies":[{"name":"wp","href":"https:\/\/api.w.org\/{rel}","templated":true}]}}