{"id":81,"date":"2024-05-15T15:30:23","date_gmt":"2024-05-15T15:30:23","guid":{"rendered":"https:\/\/piscinemarket.piscinetunisie.com\/?post_type=product&#038;p=81"},"modified":"2024-05-15T15:30:40","modified_gmt":"2024-05-15T15:30:40","slug":"import-placeholder-for-924","status":"publish","type":"product","link":"https:\/\/piscinemarket.piscinetunisie.com\/?product=import-placeholder-for-924","title":{"rendered":"Import placeholder for 924"},"content":{"rendered":"<h5>&#8220;Illuminez Votre Piscine avec le Projecteur LED Blanc Lumiplus Rapid V1&#8221;<\/h5>\n<p>Pour apporter une touche de lumi\u00e8re \u00e9l\u00e9gante \u00e0 votre piscine, optez pour le Projecteur LED BLANC 16W Fixation Prise balai . Cette version est sp\u00e9cialement con\u00e7ue pour les piscines en liner<br \/>\nou en panneaux pr\u00e9fabriqu\u00e9s (disponible \u00e9galement pour les piscines en b\u00e9ton). Ce<br \/>\nprojecteur offre une installation simplifi\u00e9e sur une prise balai de 11\u20442 pouces, ce qui se traduit<br \/>\npar un gain de temps significatif lors de la pose.<\/p>\n<h6>\nCaract\u00e9ristiques du Projecteur LED Blanc Lumiplus Rapid V1<\/h6>\n<p>\u25cf <strong>Type d&#8217;ampoule<\/strong> : LED blanche<br \/>\n\u25cf<strong> Puissance<\/strong> : 16 W (24 VA)<br \/>\n\u25cf<strong> Luminosit\u00e9<\/strong> : 1485 Lumens<br \/>\n\u25cf<strong> Installation rapide et facile sur une prise balai de 11\u20442 pouces<\/strong><br \/>\n\u25cf <strong>Enjoliveur ABS blanc inclus<\/strong><br \/>\n\u25cf <strong>Dur\u00e9e de vie exceptionnelle de 50 000 heures<\/strong><br \/>\n\u25cf <strong>Garantie de 2 ans<\/strong><br \/>\n\u25cf <strong>Livr\u00e9 avec un c\u00e2ble de 2&#215;1 mm2 d&#8217;une longueur de 2,5 m\u00e8tres<\/strong><br \/>\nCe projecteur LED blanc vous permet de cr\u00e9er une ambiance apaisante et relaxante dans<br \/>\nvotre piscine. L&#8217;installation sans n\u00e9cessit\u00e9 d&#8217;une niche simplifie le processus, et la garantie<br \/>\nde 2 ans vous assure une tranquillit\u00e9 d&#8217;esprit totale.<br \/>\n\u00c9conomique en \u00e9nergie et d&#8217;une grande qualit\u00e9, le Projecteur LED Blanc Lumiplus Rapid V1<br \/>\nest un choix id\u00e9al pour illuminer votre piscine. Transformez votre espace de baignade en un<br \/>\nlieu de d\u00e9tente \u00e9l\u00e9gant avec une source de lumi\u00e8re fiable et lumineuse. D\u00e9couvrez comment<br \/>\nce projecteur peut ajouter de la magie \u00e0 vos soir\u00e9es d&#8217;\u00e9t\u00e9 et prolonger vos moments de<br \/>\nd\u00e9tente dans l&#8217;eau.<\/p>\n<p>Marque :<a href=\"https:\/\/www.piscinetunisie.com\/astralpool-tunis\/\"> ASTRALPOOL<\/a><br \/>\nMarque made in : ESPAGNE<\/p>\n<p>Visitez notre page Facebook <a href=\"https:\/\/www.facebook.com\/STGEgroup\/\">STGEgroup<\/a> pour vous inspirer de nos r\u00e9alisations ou les<br \/>\nr\u00e9alisations des piscinistes qui nous font confiance.<\/p>\n","protected":false},"excerpt":{"rendered":"<p>&#8220;Illuminez Votre Piscine avec le Projecteur LED Blanc Lumiplus Rapid V1&#8221; Pour apporter une touche de lumi\u00e8re \u00e9l\u00e9gante \u00e0 votre piscine, optez pour le Projecteur LED BLANC 16W Fixation Prise balai . Cette version est sp\u00e9cialement con\u00e7ue pour les piscines en liner ou en panneaux pr\u00e9fabriqu\u00e9s (disponible \u00e9galement pour les piscines en b\u00e9ton). Ce projecteur [&hellip;]<\/p>\n","protected":false},"featured_media":109,"comment_status":"open","ping_status":"closed","template":"","meta":[],"product_cat":[15],"product_tag":[],"class_list":{"0":"post-81","1":"product","2":"type-product","3":"status-publish","4":"has-post-thumbnail","6":"product_cat-uncategorized","8":"first","9":"instock","10":"shipping-taxable","11":"product-type-simple"},"jetpack_sharing_enabled":true,"_links":{"self":[{"href":"https:\/\/piscinemarket.piscinetunisie.com\/index.php?rest_route=\/wp\/v2\/product\/81","targetHints":{"allow":["GET"]}}],"collection":[{"href":"https:\/\/piscinemarket.piscinetunisie.com\/index.php?rest_route=\/wp\/v2\/product"}],"about":[{"href":"https:\/\/piscinemarket.piscinetunisie.com\/index.php?rest_route=\/wp\/v2\/types\/product"}],"replies":[{"embeddable":true,"href":"https:\/\/piscinemarket.piscinetunisie.com\/index.php?rest_route=%2Fwp%2Fv2%2Fcomments&post=81"}],"wp:featuredmedia":[{"embeddable":true,"href":"https:\/\/piscinemarket.piscinetunisie.com\/index.php?rest_route=\/wp\/v2\/media\/109"}],"wp:attachment":[{"href":"https:\/\/piscinemarket.piscinetunisie.com\/index.php?rest_route=%2Fwp%2Fv2%2Fmedia&parent=81"}],"wp:term":[{"taxonomy":"product_cat","embeddable":true,"href":"https:\/\/piscinemarket.piscinetunisie.com\/index.php?rest_route=%2Fwp%2Fv2%2Fproduct_cat&post=81"},{"taxonomy":"product_tag","embeddable":true,"href":"https:\/\/piscinemarket.piscinetunisie.com\/index.php?rest_route=%2Fwp%2Fv2%2Fproduct_tag&post=81"}],"curies":[{"name":"wp","href":"https:\/\/api.w.org\/{rel}","templated":true}]}}