{"id":80,"date":"2024-05-15T15:30:23","date_gmt":"2024-05-15T15:30:23","guid":{"rendered":"https:\/\/piscinemarket.piscinetunisie.com\/?post_type=product&#038;p=80"},"modified":"2024-05-15T15:30:39","modified_gmt":"2024-05-15T15:30:39","slug":"import-placeholder-for-920","status":"publish","type":"product","link":"https:\/\/piscinemarket.piscinetunisie.com\/?product=import-placeholder-for-920","title":{"rendered":"Import placeholder for 920"},"content":{"rendered":"<h5>&#8220;Illuminez Votre Piscine avec les Projecteurs LED RGB LumiPlus RAPID WIRELESS&#8221;<\/h5>\n<p>Pour une exp\u00e9rience lumineuse unique dans votre piscine, optez pour les projecteurs Projecteur Led Blanc. Ce Projecteur Led Blanc offre une connexion simple de 1&#8243;1\u20442<br \/>\npour une installation ais\u00e9e.<br \/>\nCaract\u00e9ristiques des Projecteurs LED RGB LumiPlus RAPID WIRELESS<br \/>\n\u25cf Faible Profil : Les projecteurs sont extra plats, s&#8217;int\u00e9grant harmonieusement \u00e0 votre<br \/>\npiscine.<br \/>\n\u25cf \u00c9clairage Puissant : Chaque lampe LED couleur a une puissance de 27 watts et<br \/>\nproduit 1100 lumens (37VA), garantissant une luminosit\u00e9 impressionnante.<br \/>\n\u25cf Compatibilit\u00e9 Universelle : Les projecteurs sont compatibles avec tous les<br \/>\nsyst\u00e8mes de contr\u00f4le LumiPlus, vous offrant un contr\u00f4le complet sur votre \u00e9clairage.<br \/>\n\u25cf Adaptabilit\u00e9 : Ces projecteurs conviennent parfaitement aux piscines en liner et aux<br \/>\npiscines pr\u00e9fabriqu\u00e9es, ce qui vous donne la flexibilit\u00e9 de choix.<br \/>\n\u25cf C\u00e2ble Fourni : Chaque projecteur est fourni avec un c\u00e2ble de 2 x 1 mm2 d&#8217;une<br \/>\nlongueur de 2,5 m\u00e8tres pour une installation pratique.<br \/>\n\u25cf Convient au Traitement de l&#8217;Eau au Sel : Les projecteurs sont compatibles avec les<br \/>\npiscines \u00e9quip\u00e9es d&#8217;un traitement de l&#8217;eau au sel, assurant une utilisation<br \/>\npolyvalente.<br \/>\n\u25cf Tension : Fonctionnant \u00e0 12V AC, ces projecteurs sont \u00e9co\u00e9nerg\u00e9tiques.<br \/>\nAstralPool, une marque espagnole renomm\u00e9e, vous propose ces projecteurs de haute<br \/>\nqualit\u00e9 pour illuminer votre piscine. Transformez votre espace de baignade en un lieu de<br \/>\nd\u00e9tente \u00e9l\u00e9gant et vibrant. D\u00e9couvrez comment ces projecteurs LED RGB LumiPlus RAPID<br \/>\nWIRELESS peuvent ajouter une touche de magie \u00e0 vos soir\u00e9es d&#8217;\u00e9t\u00e9. Optez pour la qualit\u00e9,<br \/>\nla polyvalence et la facilit\u00e9 d&#8217;installation pour \u00e9clairer votre espace de baignade, le tout avec<br \/>\nla garantie d&#8217;une marque r\u00e9put\u00e9e en provenance d&#8217;Espagne.<\/p>\n<p>Marque : <a href=\"https:\/\/www.piscinetunisie.com\/astralpool-tunis\/\">ASTRALPOOL<\/a><br \/>\nMarque made in : ESPAGNE<\/p>\n<p>Visitez notre page Facebook <a href=\"https:\/\/www.facebook.com\/STGEgroup\/\">STGEgroup<\/a> pour vous inspirer de nos r\u00e9alisations ou les<br \/>\nr\u00e9alisations des piscinistes qui nous font confiance.<\/p>\n","protected":false},"excerpt":{"rendered":"<p>&#8220;Illuminez Votre Piscine avec les Projecteurs LED RGB LumiPlus RAPID WIRELESS&#8221; Pour une exp\u00e9rience lumineuse unique dans votre piscine, optez pour les projecteurs Projecteur Led Blanc. Ce Projecteur Led Blanc offre une connexion simple de 1&#8243;1\u20442 pour une installation ais\u00e9e. Caract\u00e9ristiques des Projecteurs LED RGB LumiPlus RAPID WIRELESS \u25cf Faible Profil : Les projecteurs sont [&hellip;]<\/p>\n","protected":false},"featured_media":108,"comment_status":"open","ping_status":"closed","template":"","meta":[],"product_cat":[15],"product_tag":[],"class_list":{"0":"post-80","1":"product","2":"type-product","3":"status-publish","4":"has-post-thumbnail","6":"product_cat-uncategorized","8":"first","9":"instock","10":"shipping-taxable","11":"product-type-simple"},"jetpack_sharing_enabled":true,"_links":{"self":[{"href":"https:\/\/piscinemarket.piscinetunisie.com\/index.php?rest_route=\/wp\/v2\/product\/80","targetHints":{"allow":["GET"]}}],"collection":[{"href":"https:\/\/piscinemarket.piscinetunisie.com\/index.php?rest_route=\/wp\/v2\/product"}],"about":[{"href":"https:\/\/piscinemarket.piscinetunisie.com\/index.php?rest_route=\/wp\/v2\/types\/product"}],"replies":[{"embeddable":true,"href":"https:\/\/piscinemarket.piscinetunisie.com\/index.php?rest_route=%2Fwp%2Fv2%2Fcomments&post=80"}],"wp:featuredmedia":[{"embeddable":true,"href":"https:\/\/piscinemarket.piscinetunisie.com\/index.php?rest_route=\/wp\/v2\/media\/108"}],"wp:attachment":[{"href":"https:\/\/piscinemarket.piscinetunisie.com\/index.php?rest_route=%2Fwp%2Fv2%2Fmedia&parent=80"}],"wp:term":[{"taxonomy":"product_cat","embeddable":true,"href":"https:\/\/piscinemarket.piscinetunisie.com\/index.php?rest_route=%2Fwp%2Fv2%2Fproduct_cat&post=80"},{"taxonomy":"product_tag","embeddable":true,"href":"https:\/\/piscinemarket.piscinetunisie.com\/index.php?rest_route=%2Fwp%2Fv2%2Fproduct_tag&post=80"}],"curies":[{"name":"wp","href":"https:\/\/api.w.org\/{rel}","templated":true}]}}