{"id":78,"date":"2024-05-15T15:30:23","date_gmt":"2024-05-15T15:30:23","guid":{"rendered":"https:\/\/piscinemarket.piscinetunisie.com\/?post_type=product&#038;p=78"},"modified":"2024-05-15T15:30:38","modified_gmt":"2024-05-15T15:30:38","slug":"import-placeholder-for-917","status":"publish","type":"product","link":"https:\/\/piscinemarket.piscinetunisie.com\/?product=import-placeholder-for-917","title":{"rendered":"Import placeholder for 917"},"content":{"rendered":"<h5>&#8220;Projecteur Extra Plat S-Lim Lumiplus V1.1 pour Piscine : L&#8217;\u00c9clairage LED de Luxe&#8221;<\/h5>\n<p>Am\u00e9liorez l&#8217;ambiance de votre piscine avec le Projecteur Extra Plat Blanc\u00a0 S-Lim Lumiplus V1.1.<br \/>\nCon\u00e7u pour les piscines en liner ou en b\u00e9ton, ce projecteur offre un \u00e9clairage efficace tout<br \/>\nen pr\u00e9sentant des avantages technologiques de pointe.<br \/>\nTechnologie de Luminosit\u00e9 Exceptionnelle<br \/>\nLe Projecteur Extra Plat Blanc S-Lim Lumiplus V1.1 tire parti de la technologie LED LUXEON, fabriqu\u00e9e par<br \/>\nPhilips, garantissant une luminosit\u00e9 de haute qualit\u00e9. Une caract\u00e9ristique majeure de ces<br \/>\nLED est leur efficacit\u00e9 \u00e9nerg\u00e9tique, avec une consommation 10 fois plus faible que les<br \/>\nanciennes ampoules de 300W. De plus, les LED LUXEON offrent une dur\u00e9e de vie<br \/>\nimpressionnante de 100 000 heures, comparativement aux 1000 heures des ampoules<br \/>\nconventionnelles et aux 30 000 heures des LED de faible luminosit\u00e9 en provenance de<br \/>\nChine.<\/p>\n<h6>\nCaract\u00e9ristiques du Projecteur S-Lim Lumiplus V1.1<\/h6>\n<p>\u25cf Intensit\u00e9 Lumineuse : 1485 lumens (seulement 400 pour la concurrence)<br \/>\n\u25cf Consommation Maximale : 24W (Blanche)<br \/>\n\u25cf Type de LED : Luxeon by Philips Ultra-haute luminosit\u00e9<br \/>\n\u25cf Nombre de LED : 27<br \/>\n\u25cf Alimentation : 12V<br \/>\n\u25cf Indice de Protection : IPX8<br \/>\n\u25cf Couleur : Blanc<br \/>\n\u25cf Longueur du C\u00e2ble : 2,5 m (2&#215;1,5mm2)<br \/>\nInstallation et Utilisation Pratiques<br \/>\nLe Projecteur S-Lim Lumiplus V1.1 s&#8217;adapte ais\u00e9ment \u00e0 la structure de votre piscine et<br \/>\nconvient pour une installation en liner ou en b\u00e9ton. Pour une exp\u00e9rience d&#8217;\u00e9clairage<br \/>\noptimale, il est recommand\u00e9 d&#8217;installer un projecteur pour chaque 20 m\u00e8tres carr\u00e9s de<br \/>\nsurface d&#8217;eau.<br \/>\nOptez pour la technologie de pointe avec le Projecteur S-Lim Lumiplus V1.1, qui allie<br \/>\nefficacit\u00e9 \u00e9nerg\u00e9tique, luminosit\u00e9 exceptionnelle et une garantie \u00e9tendue de 3 ans.<br \/>\nPersonnalisez votre piscine avec une source de lumi\u00e8re fiable et \u00e9clatante tout en r\u00e9duisant<br \/>\nvotre consommation d&#8217;\u00e9nergie. Transformez vos moments de d\u00e9tente dans l&#8217;eau avec une<br \/>\nambiance lumineuse de luxe.<\/p>\n<p>Marque : <a href=\"https:\/\/www.piscinetunisie.com\/astralpool-tunis\/\">ASTRALPOOL<\/a><br \/>\nMarque made in : ESPAGNE<\/p>\n<p>Visitez notre page Facebook<a href=\"https:\/\/www.facebook.com\/STGEgroup\/\"> STGEgroup<\/a> pour vous inspirer de nos r\u00e9alisations ou les<br \/>\nr\u00e9alisations des piscinistes qui nous font confiance.<\/p>\n","protected":false},"excerpt":{"rendered":"<p>&#8220;Projecteur Extra Plat S-Lim Lumiplus V1.1 pour Piscine : L&#8217;\u00c9clairage LED de Luxe&#8221; Am\u00e9liorez l&#8217;ambiance de votre piscine avec le Projecteur Extra Plat Blanc\u00a0 S-Lim Lumiplus V1.1. Con\u00e7u pour les piscines en liner ou en b\u00e9ton, ce projecteur offre un \u00e9clairage efficace tout en pr\u00e9sentant des avantages technologiques de pointe. Technologie de Luminosit\u00e9 Exceptionnelle Le [&hellip;]<\/p>\n","protected":false},"featured_media":106,"comment_status":"open","ping_status":"closed","template":"","meta":[],"product_cat":[15],"product_tag":[],"class_list":{"0":"post-78","1":"product","2":"type-product","3":"status-publish","4":"has-post-thumbnail","6":"product_cat-uncategorized","8":"first","9":"instock","10":"shipping-taxable","11":"product-type-simple"},"jetpack_sharing_enabled":true,"_links":{"self":[{"href":"https:\/\/piscinemarket.piscinetunisie.com\/index.php?rest_route=\/wp\/v2\/product\/78","targetHints":{"allow":["GET"]}}],"collection":[{"href":"https:\/\/piscinemarket.piscinetunisie.com\/index.php?rest_route=\/wp\/v2\/product"}],"about":[{"href":"https:\/\/piscinemarket.piscinetunisie.com\/index.php?rest_route=\/wp\/v2\/types\/product"}],"replies":[{"embeddable":true,"href":"https:\/\/piscinemarket.piscinetunisie.com\/index.php?rest_route=%2Fwp%2Fv2%2Fcomments&post=78"}],"wp:featuredmedia":[{"embeddable":true,"href":"https:\/\/piscinemarket.piscinetunisie.com\/index.php?rest_route=\/wp\/v2\/media\/106"}],"wp:attachment":[{"href":"https:\/\/piscinemarket.piscinetunisie.com\/index.php?rest_route=%2Fwp%2Fv2%2Fmedia&parent=78"}],"wp:term":[{"taxonomy":"product_cat","embeddable":true,"href":"https:\/\/piscinemarket.piscinetunisie.com\/index.php?rest_route=%2Fwp%2Fv2%2Fproduct_cat&post=78"},{"taxonomy":"product_tag","embeddable":true,"href":"https:\/\/piscinemarket.piscinetunisie.com\/index.php?rest_route=%2Fwp%2Fv2%2Fproduct_tag&post=78"}],"curies":[{"name":"wp","href":"https:\/\/api.w.org\/{rel}","templated":true}]}}