{"id":77,"date":"2024-05-15T15:30:22","date_gmt":"2024-05-15T15:30:22","guid":{"rendered":"https:\/\/piscinemarket.piscinetunisie.com\/?post_type=product&#038;p=77"},"modified":"2024-05-15T15:30:33","modified_gmt":"2024-05-15T15:30:33","slug":"import-placeholder-for-905","status":"publish","type":"product","link":"https:\/\/piscinemarket.piscinetunisie.com\/?product=import-placeholder-for-905","title":{"rendered":"Import placeholder for 905"},"content":{"rendered":"<p>Echelle inox standard\u00a0ASTRALPOOL\u00a0pour piscine.<br \/>\nElles sont fabriqu\u00e9es en tube de diam\u00e8tre 43 mm en acier inoxydable avec une finition brillante. Les marches en acier inoxydable sont larges de 500mm pour une s\u00e9curit\u00e9 optimum. Pour chaque escalier, nous pouvons vous fournir de 2 \u00e0 5 marches. \u00a0Chaque \u00e9chelle est fournie avec des tampons de protection qui permettent d&#8217;\u00e9viter de d\u00e9teriorer le rev\u00eatement de votre bassin ainsi qu&#8217;un encrage de fixation \u00e0 sceller.<\/p>\n","protected":false},"excerpt":{"rendered":"<p>Echelle inox standard\u00a0ASTRALPOOL\u00a0pour piscine. Elles sont fabriqu\u00e9es en tube de diam\u00e8tre 43 mm en acier inoxydable avec une finition brillante. Les marches en acier inoxydable sont larges de 500mm pour une s\u00e9curit\u00e9 optimum. Pour chaque escalier, nous pouvons vous fournir de 2 \u00e0 5 marches. \u00a0Chaque \u00e9chelle est fournie avec des tampons de protection qui [&hellip;]<\/p>\n","protected":false},"featured_media":105,"comment_status":"open","ping_status":"closed","template":"","meta":[],"product_cat":[15],"product_tag":[],"class_list":{"0":"post-77","1":"product","2":"type-product","3":"status-publish","4":"has-post-thumbnail","6":"product_cat-uncategorized","8":"first","9":"instock","10":"shipping-taxable","11":"product-type-simple"},"jetpack_sharing_enabled":true,"_links":{"self":[{"href":"https:\/\/piscinemarket.piscinetunisie.com\/index.php?rest_route=\/wp\/v2\/product\/77","targetHints":{"allow":["GET"]}}],"collection":[{"href":"https:\/\/piscinemarket.piscinetunisie.com\/index.php?rest_route=\/wp\/v2\/product"}],"about":[{"href":"https:\/\/piscinemarket.piscinetunisie.com\/index.php?rest_route=\/wp\/v2\/types\/product"}],"replies":[{"embeddable":true,"href":"https:\/\/piscinemarket.piscinetunisie.com\/index.php?rest_route=%2Fwp%2Fv2%2Fcomments&post=77"}],"wp:featuredmedia":[{"embeddable":true,"href":"https:\/\/piscinemarket.piscinetunisie.com\/index.php?rest_route=\/wp\/v2\/media\/105"}],"wp:attachment":[{"href":"https:\/\/piscinemarket.piscinetunisie.com\/index.php?rest_route=%2Fwp%2Fv2%2Fmedia&parent=77"}],"wp:term":[{"taxonomy":"product_cat","embeddable":true,"href":"https:\/\/piscinemarket.piscinetunisie.com\/index.php?rest_route=%2Fwp%2Fv2%2Fproduct_cat&post=77"},{"taxonomy":"product_tag","embeddable":true,"href":"https:\/\/piscinemarket.piscinetunisie.com\/index.php?rest_route=%2Fwp%2Fv2%2Fproduct_tag&post=77"}],"curies":[{"name":"wp","href":"https:\/\/api.w.org\/{rel}","templated":true}]}}