{"id":74,"date":"2024-05-15T15:30:22","date_gmt":"2024-05-15T15:30:22","guid":{"rendered":"https:\/\/piscinemarket.piscinetunisie.com\/?post_type=product&#038;p=74"},"modified":"2024-05-15T15:30:32","modified_gmt":"2024-05-15T15:30:32","slug":"import-placeholder-for-899","status":"publish","type":"product","link":"https:\/\/piscinemarket.piscinetunisie.com\/?product=import-placeholder-for-899","title":{"rendered":"Import placeholder for 899"},"content":{"rendered":"<p>\u00c9chelle avec mains courantes mod\u00e8le Mural, pour piscines enterr\u00e9es. Tube \u00d843 mm en acier inox poli. Marches en acier inoxydable. Livr\u00e9e compl\u00e8te avec ancrages de fixation pr\u00e9vus pour une liaison \u00e9quipotentielle.<br \/>\n\u2013Mod\u00e8le LUXE: mains courantes et marches en AISI-316.<br \/>\n\u2013Mod\u00e8le STANDARD : mains courantes et marches en AISI-304.<\/p>\n","protected":false},"excerpt":{"rendered":"<p>\u00c9chelle avec mains courantes mod\u00e8le Mural, pour piscines enterr\u00e9es. Tube \u00d843 mm en acier inox poli. Marches en acier inoxydable. Livr\u00e9e compl\u00e8te avec ancrages de fixation pr\u00e9vus pour une liaison \u00e9quipotentielle. \u2013Mod\u00e8le LUXE: mains courantes et marches en AISI-316. \u2013Mod\u00e8le STANDARD : mains courantes et marches en AISI-304.<\/p>\n","protected":false},"featured_media":102,"comment_status":"open","ping_status":"closed","template":"","meta":[],"product_cat":[15],"product_tag":[],"class_list":{"0":"post-74","1":"product","2":"type-product","3":"status-publish","4":"has-post-thumbnail","6":"product_cat-uncategorized","8":"first","9":"instock","10":"shipping-taxable","11":"product-type-simple"},"jetpack_sharing_enabled":true,"_links":{"self":[{"href":"https:\/\/piscinemarket.piscinetunisie.com\/index.php?rest_route=\/wp\/v2\/product\/74","targetHints":{"allow":["GET"]}}],"collection":[{"href":"https:\/\/piscinemarket.piscinetunisie.com\/index.php?rest_route=\/wp\/v2\/product"}],"about":[{"href":"https:\/\/piscinemarket.piscinetunisie.com\/index.php?rest_route=\/wp\/v2\/types\/product"}],"replies":[{"embeddable":true,"href":"https:\/\/piscinemarket.piscinetunisie.com\/index.php?rest_route=%2Fwp%2Fv2%2Fcomments&post=74"}],"wp:featuredmedia":[{"embeddable":true,"href":"https:\/\/piscinemarket.piscinetunisie.com\/index.php?rest_route=\/wp\/v2\/media\/102"}],"wp:attachment":[{"href":"https:\/\/piscinemarket.piscinetunisie.com\/index.php?rest_route=%2Fwp%2Fv2%2Fmedia&parent=74"}],"wp:term":[{"taxonomy":"product_cat","embeddable":true,"href":"https:\/\/piscinemarket.piscinetunisie.com\/index.php?rest_route=%2Fwp%2Fv2%2Fproduct_cat&post=74"},{"taxonomy":"product_tag","embeddable":true,"href":"https:\/\/piscinemarket.piscinetunisie.com\/index.php?rest_route=%2Fwp%2Fv2%2Fproduct_tag&post=74"}],"curies":[{"name":"wp","href":"https:\/\/api.w.org\/{rel}","templated":true}]}}