{"id":70,"date":"2024-05-15T15:30:22","date_gmt":"2024-05-15T15:30:22","guid":{"rendered":"https:\/\/piscinemarket.piscinetunisie.com\/?post_type=product&#038;p=70"},"modified":"2024-05-15T15:30:31","modified_gmt":"2024-05-15T15:30:31","slug":"import-placeholder-for-889","status":"publish","type":"product","link":"https:\/\/piscinemarket.piscinetunisie.com\/?product=import-placeholder-for-889","title":{"rendered":"Import placeholder for 889"},"content":{"rendered":"<p>\u00c9chelles avec main courante mod\u00e8le Mural, pour piscines enterr\u00e9es. Tube \u00d843 mm en acier inox poli. Marches en acier inoxydable. Livr\u00e9es compl\u00e8tes avec ancrages de fixation pr\u00e9vus pour une liaison \u00e9quipotentielle.<br \/>\n\u2013Mod\u00e8le LUXE: Mains courantes et marches en AISI-316.<br \/>\n\u2013 Mod\u00e8le STANDARD: Mains courantes et marches en AISI-304.<\/p>\n","protected":false},"excerpt":{"rendered":"<p>\u00c9chelles avec main courante mod\u00e8le Mural, pour piscines enterr\u00e9es. Tube \u00d843 mm en acier inox poli. Marches en acier inoxydable. Livr\u00e9es compl\u00e8tes avec ancrages de fixation pr\u00e9vus pour une liaison \u00e9quipotentielle. \u2013Mod\u00e8le LUXE: Mains courantes et marches en AISI-316. \u2013 Mod\u00e8le STANDARD: Mains courantes et marches en AISI-304.<\/p>\n","protected":false},"featured_media":94,"comment_status":"open","ping_status":"closed","template":"","meta":[],"product_cat":[15],"product_tag":[],"class_list":{"0":"post-70","1":"product","2":"type-product","3":"status-publish","4":"has-post-thumbnail","6":"product_cat-uncategorized","8":"first","9":"instock","10":"shipping-taxable","11":"product-type-simple"},"jetpack_sharing_enabled":true,"_links":{"self":[{"href":"https:\/\/piscinemarket.piscinetunisie.com\/index.php?rest_route=\/wp\/v2\/product\/70","targetHints":{"allow":["GET"]}}],"collection":[{"href":"https:\/\/piscinemarket.piscinetunisie.com\/index.php?rest_route=\/wp\/v2\/product"}],"about":[{"href":"https:\/\/piscinemarket.piscinetunisie.com\/index.php?rest_route=\/wp\/v2\/types\/product"}],"replies":[{"embeddable":true,"href":"https:\/\/piscinemarket.piscinetunisie.com\/index.php?rest_route=%2Fwp%2Fv2%2Fcomments&post=70"}],"wp:featuredmedia":[{"embeddable":true,"href":"https:\/\/piscinemarket.piscinetunisie.com\/index.php?rest_route=\/wp\/v2\/media\/94"}],"wp:attachment":[{"href":"https:\/\/piscinemarket.piscinetunisie.com\/index.php?rest_route=%2Fwp%2Fv2%2Fmedia&parent=70"}],"wp:term":[{"taxonomy":"product_cat","embeddable":true,"href":"https:\/\/piscinemarket.piscinetunisie.com\/index.php?rest_route=%2Fwp%2Fv2%2Fproduct_cat&post=70"},{"taxonomy":"product_tag","embeddable":true,"href":"https:\/\/piscinemarket.piscinetunisie.com\/index.php?rest_route=%2Fwp%2Fv2%2Fproduct_tag&post=70"}],"curies":[{"name":"wp","href":"https:\/\/api.w.org\/{rel}","templated":true}]}}