{"id":69,"date":"2024-05-15T15:30:22","date_gmt":"2024-05-15T15:30:22","guid":{"rendered":"https:\/\/piscinemarket.piscinetunisie.com\/?post_type=product&#038;p=69"},"modified":"2024-05-15T15:30:31","modified_gmt":"2024-05-15T15:30:31","slug":"import-placeholder-for-186","status":"publish","type":"product","link":"https:\/\/piscinemarket.piscinetunisie.com\/?product=import-placeholder-for-186","title":{"rendered":"Import placeholder for 186"},"content":{"rendered":"<p>\u2013 Refoulement \/ Aspiration. D\u00e9bit r\u00e9glable. En ABS trait\u00e9 anti-UV. Vis en acier inox. D\u00e9bit maximal recommand\u00e9 : 12 m3\/h. Filetage m\u00e2le ext\u00e9rieur 2\u201d, int\u00e9rieur \u00d8 50 mm. Hydraulicit\u00e9 invers\u00e9e.<\/p>\n<p>R\u00e9f\u00e9rence disponible en couleur Blanc, Beige, Gris Clair et Anthracite.<\/p>\n<p>&nbsp;<\/p>\n","protected":false},"excerpt":{"rendered":"<p>\u2013 Refoulement \/ Aspiration. D\u00e9bit r\u00e9glable. En ABS trait\u00e9 anti-UV. Vis en acier inox. D\u00e9bit maximal recommand\u00e9 : 12 m3\/h. Filetage m\u00e2le ext\u00e9rieur 2\u201d, int\u00e9rieur \u00d8 50 mm. Hydraulicit\u00e9 invers\u00e9e. R\u00e9f\u00e9rence disponible en couleur Blanc, Beige, Gris Clair et Anthracite. &nbsp;<\/p>\n","protected":false},"featured_media":98,"comment_status":"open","ping_status":"closed","template":"","meta":[],"product_cat":[15],"product_tag":[],"class_list":{"0":"post-69","1":"product","2":"type-product","3":"status-publish","4":"has-post-thumbnail","6":"product_cat-uncategorized","8":"first","9":"instock","10":"shipping-taxable","11":"product-type-simple"},"jetpack_sharing_enabled":true,"_links":{"self":[{"href":"https:\/\/piscinemarket.piscinetunisie.com\/index.php?rest_route=\/wp\/v2\/product\/69","targetHints":{"allow":["GET"]}}],"collection":[{"href":"https:\/\/piscinemarket.piscinetunisie.com\/index.php?rest_route=\/wp\/v2\/product"}],"about":[{"href":"https:\/\/piscinemarket.piscinetunisie.com\/index.php?rest_route=\/wp\/v2\/types\/product"}],"replies":[{"embeddable":true,"href":"https:\/\/piscinemarket.piscinetunisie.com\/index.php?rest_route=%2Fwp%2Fv2%2Fcomments&post=69"}],"wp:featuredmedia":[{"embeddable":true,"href":"https:\/\/piscinemarket.piscinetunisie.com\/index.php?rest_route=\/wp\/v2\/media\/98"}],"wp:attachment":[{"href":"https:\/\/piscinemarket.piscinetunisie.com\/index.php?rest_route=%2Fwp%2Fv2%2Fmedia&parent=69"}],"wp:term":[{"taxonomy":"product_cat","embeddable":true,"href":"https:\/\/piscinemarket.piscinetunisie.com\/index.php?rest_route=%2Fwp%2Fv2%2Fproduct_cat&post=69"},{"taxonomy":"product_tag","embeddable":true,"href":"https:\/\/piscinemarket.piscinetunisie.com\/index.php?rest_route=%2Fwp%2Fv2%2Fproduct_tag&post=69"}],"curies":[{"name":"wp","href":"https:\/\/api.w.org\/{rel}","templated":true}]}}