{"id":688,"date":"2024-05-15T15:35:30","date_gmt":"2024-05-15T15:35:30","guid":{"rendered":"https:\/\/piscinemarket.piscinetunisie.com\/?post_type=product&#038;p=688"},"modified":"2024-05-15T15:35:52","modified_gmt":"2024-05-15T15:35:52","slug":"import-placeholder-for-2456","status":"publish","type":"product","link":"https:\/\/piscinemarket.piscinetunisie.com\/?product=import-placeholder-for-2456","title":{"rendered":"Import placeholder for 2456"},"content":{"rendered":"<p>flotteur connect\u00e9 est un analyseur d\u2019eau de piscine intelligent. Ensuite Il mesure la qualit\u00e9 de l\u2019eau et vous informe de la quantit\u00e9 de produits n\u00e9cessaires \u00e0 l\u2019entretien de la piscine. Tout cela depuis votre smartphone.<\/p>\n<p>Blue Connect mesure en continu les param\u00e8tres principaux de la piscine gr\u00e2ce \u00e0 son capteur \u00ab 4 en 1 \u00bb:<br \/>\n\u2013 pH;<br \/>\n\u2013 temp\u00e9rature de l\u2019eau;<br \/>\n\u2013 ORP (Redox);<br \/>\n\u2013 conductivit\u00e9.<\/p>\n<p>Les r\u00e9sultats de ces analyses sont communiqu\u00e9s via des notifications ou des emails sur le smartphone de l\u2019utilisateur. Blue\u00a0 Connect\u00e9\u00a0 un objet connect\u00e9 qui communique automatiquement via le r\u00e9seau Sigfox, sans passer par votre r\u00e9seau Wi-Fi domestique. Si vous n\u2019avez pas acc\u00e8s \u00e0 ce r\u00e9seau dans votre localisation,\u00a0 Blue\u00a0 Connect\u00e9\u00a0 se connecter \u00e0 votre r\u00e9seau Wi-Fi gr\u00e2ce au boitier Wi-Fi Blue Extender.<\/p>\n<p>donc, Blue s\u2019installe tr\u00e8s facilement dans la piscine ou dans le local technique gr\u00e2ce au collier de prise en charge Blue Fit50.<\/p>\n<p>Acc\u00e9dez aux donn\u00e9es de votre piscine o\u00f9 que vous soyez et quand vous le souhaitez depuis votre smartphone gr\u00e2ce \u00e0 l\u2019application gratuite Blue Connect. Lorsqu\u2019une action est\u00a0 n\u00e9cessaire, une notification est envoy\u00e9e et des conseils personnalis\u00e9s aident \u00e0 optimiser l\u2019utilisation des produits chimiques.<\/p>\n<p>Visitez notre page Facebook pour vous inspirer de nos r\u00e9alisations ou les r\u00e9alisations des piscinistes qui nous font confiance.<\/p>\n<p><strong>Marque : <\/strong> <a href=\"https:\/\/www.astralpool.com\/fr\/\">ASTRALPOOL<\/a><br \/>\n<strong>Marque Made in\u00a0: <\/strong>ESPAGNOL<\/p>\n","protected":false},"excerpt":{"rendered":"<p>flotteur connect\u00e9 est un analyseur d\u2019eau de piscine intelligent. Ensuite Il mesure la qualit\u00e9 de l\u2019eau et vous informe de la quantit\u00e9 de produits n\u00e9cessaires \u00e0 l\u2019entretien de la piscine. Tout cela depuis votre smartphone. Blue Connect mesure en continu les param\u00e8tres principaux de la piscine gr\u00e2ce \u00e0 son capteur \u00ab 4 en 1 \u00bb: [&hellip;]<\/p>\n","protected":false},"featured_media":704,"comment_status":"open","ping_status":"closed","template":"","meta":[],"product_cat":[15],"product_tag":[],"class_list":{"0":"post-688","1":"product","2":"type-product","3":"status-publish","4":"has-post-thumbnail","6":"product_cat-uncategorized","8":"first","9":"instock","10":"shipping-taxable","11":"product-type-simple"},"jetpack_sharing_enabled":true,"_links":{"self":[{"href":"https:\/\/piscinemarket.piscinetunisie.com\/index.php?rest_route=\/wp\/v2\/product\/688","targetHints":{"allow":["GET"]}}],"collection":[{"href":"https:\/\/piscinemarket.piscinetunisie.com\/index.php?rest_route=\/wp\/v2\/product"}],"about":[{"href":"https:\/\/piscinemarket.piscinetunisie.com\/index.php?rest_route=\/wp\/v2\/types\/product"}],"replies":[{"embeddable":true,"href":"https:\/\/piscinemarket.piscinetunisie.com\/index.php?rest_route=%2Fwp%2Fv2%2Fcomments&post=688"}],"wp:featuredmedia":[{"embeddable":true,"href":"https:\/\/piscinemarket.piscinetunisie.com\/index.php?rest_route=\/wp\/v2\/media\/704"}],"wp:attachment":[{"href":"https:\/\/piscinemarket.piscinetunisie.com\/index.php?rest_route=%2Fwp%2Fv2%2Fmedia&parent=688"}],"wp:term":[{"taxonomy":"product_cat","embeddable":true,"href":"https:\/\/piscinemarket.piscinetunisie.com\/index.php?rest_route=%2Fwp%2Fv2%2Fproduct_cat&post=688"},{"taxonomy":"product_tag","embeddable":true,"href":"https:\/\/piscinemarket.piscinetunisie.com\/index.php?rest_route=%2Fwp%2Fv2%2Fproduct_tag&post=688"}],"curies":[{"name":"wp","href":"https:\/\/api.w.org\/{rel}","templated":true}]}}