{"id":686,"date":"2024-05-15T15:35:30","date_gmt":"2024-05-15T15:35:30","guid":{"rendered":"https:\/\/piscinemarket.piscinetunisie.com\/?post_type=product&#038;p=686"},"modified":"2024-05-15T15:35:36","modified_gmt":"2024-05-15T15:35:36","slug":"import-placeholder-for-2342","status":"publish","type":"product","link":"https:\/\/piscinemarket.piscinetunisie.com\/?product=import-placeholder-for-2342","title":{"rendered":"Import placeholder for 2342"},"content":{"rendered":"<p><a href=\"https:\/\/www.zodiac-poolcare.com\/robots-cleaners\/residential-robotic-cleaners\/alpha-iq--range\/ra-6900-iq\">Robot ZODIAC RA 6900 iQ Alpha<\/a> est est tout simplement le top de la gamme Alpha. Comme les autres mod\u00e8les, il dispose de fonctionnalit\u00e9s premium.<br \/>\nPLUS L\u00c9GER \u00c0 LA SORTIE DE L&#8217;EAU GR\u00c2CE AU SYST\u00c8ME DE LEVAGE UNIQUE<br \/>\nSortir le Robot piscine ZODIAC n&#8217;a jamais \u00e9t\u00e9 aussi simple gr\u00e2ce \u00e0 la technologie Lift System. Un jet d&#8217;eau puissant est activ\u00e9 \u00e0 l&#8217;arri\u00e8re du robot en appuyant sur un bouton lorsqu&#8217;il est retir\u00e9 de l&#8217;eau, ce qui le rend plus l\u00e9ger \u00e0 soulever.<\/p>\n<ul>\n<li><strong>Aspiration cyclonique brevet\u00e9e<a href=\"https:\/\/www.piscinetunisie.com\/zodiac\/\"> Zodiac<\/a> :<\/strong>\u00a0Le filtre ne se colmate pas durant le cycle, pas de perte de puissance d\u2019aspiration.<\/li>\n<li><strong>Sensor Nav System<sup>TM<\/sup>\u00a0:<\/strong>\u00a0Nettoyage intelligent et personnalis\u00e9, optimisation des d\u00e9placements.<\/li>\n<li><strong>C\u00e2ble avec Swivel (raccord tournant) :<\/strong>\u00a0Le c\u00e2ble ne s\u2019entortille pas durant le cycle de nettoyage.<\/li>\n<li><strong>Lift System brevet\u00e9 :<\/strong>\u00a0Facilite la sortie du robot du bassin (il est plus l\u00e9ger).<\/li>\n<li><strong>Application iAQUALINK<sup>TM<\/sup>\u00a0:<\/strong>\u00a0Robot connect\u00e9, t\u00e9l\u00e9commandable depuis l\u2019application.<\/li>\n<li><strong>Cycles multiples\u00a0:<\/strong>\u00a0Pour s\u2019adapter \u00e0 la situation, nettoyage complet ou localis\u00e9.<\/li>\n<\/ul>\n<p>D&#8217;abord, le Robot piscine ZODIAC RA 6900 iQ est d\u00e9j\u00e0 exceptionnel, car\u00a0 il se diff\u00e9rencie du RA 6700 avec 2 avantages suppl\u00e9mentaires :<\/p>\n<ul>\n<li><strong>C\u00e2ble de 25m :<\/strong>\u00a0Pour s\u2019adapter \u00e0 des piscines jusqu\u2019\u00e0 20 x 10m.<\/li>\n<li><strong>Double niveau de filtration :<\/strong>\u00a0150\u00b5 + 60\u00b5 pour une filtration optimis\u00e9e du robot.<\/li>\n<\/ul>\n<p><strong>Nettoyage :<\/strong>\u00a0fond, parois et ligne d\u2019eau (capteurs pour optimiser la mont\u00e9e sur parois et le nettoyage de la ligne d\u2019eau)<br \/>\n<strong>Type de piscine :<\/strong>\u00a0enterr\u00e9e ou hors-sol \u00e0 parois rigides<br \/>\n<strong>Forme de piscine et forme du fond :<\/strong>\u00a0toutes<br \/>\n<strong>Rev\u00eatement de piscine :<\/strong>\u00a0tous<br \/>\n<strong>Taille de la piscine :<\/strong>\u00a0jusqu\u2019\u00e0 20 x 10m<\/p>\n<h6>Application iAQUALINK<sup>TM<\/sup>\u00a0(\u00e0 partir de IOS 10 ou Andro\u00efd 5.1)<\/h6>\n<ul>\n<li style=\"list-style-type: none;\">\n<ul>\n<li>D\u00e9marrage et suivi des cycles<\/li>\n<li>T\u00e9l\u00e9commande<\/li>\n<\/ul>\n<\/li>\n<\/ul>\n<ul>\n<li>Programmation 7 jours<\/li>\n<li>Nettoyage localis\u00e9<\/li>\n<li>Lift System<\/li>\n<li>Mesure de la temp\u00e9rature de l\u2019eau<\/li>\n<\/ul>\n<p>Visitez notre page Facebook pour vous inspirer de nos r\u00e9alisations ou les r\u00e9alisations des piscinistes qui nous font confiance.<br \/>\n<strong>Marque : <\/strong> <a href=\"https:\/\/www.zodiacpoolsystems.com\/en\">ZODIAC<\/a><br \/>\n<strong>Marque made in : <\/strong> ESPAGNOL<\/p>\n","protected":false},"excerpt":{"rendered":"<p>Robot ZODIAC RA 6900 iQ Alpha est est tout simplement le top de la gamme Alpha. Comme les autres mod\u00e8les, il dispose de fonctionnalit\u00e9s premium. PLUS L\u00c9GER \u00c0 LA SORTIE DE L&#8217;EAU GR\u00c2CE AU SYST\u00c8ME DE LEVAGE UNIQUE Sortir le Robot piscine ZODIAC n&#8217;a jamais \u00e9t\u00e9 aussi simple gr\u00e2ce \u00e0 la technologie Lift System. Un [&hellip;]<\/p>\n","protected":false},"featured_media":696,"comment_status":"open","ping_status":"closed","template":"","meta":[],"product_cat":[15],"product_tag":[],"class_list":{"0":"post-686","1":"product","2":"type-product","3":"status-publish","4":"has-post-thumbnail","6":"product_cat-uncategorized","8":"first","9":"instock","10":"shipping-taxable","11":"product-type-simple"},"jetpack_sharing_enabled":true,"_links":{"self":[{"href":"https:\/\/piscinemarket.piscinetunisie.com\/index.php?rest_route=\/wp\/v2\/product\/686","targetHints":{"allow":["GET"]}}],"collection":[{"href":"https:\/\/piscinemarket.piscinetunisie.com\/index.php?rest_route=\/wp\/v2\/product"}],"about":[{"href":"https:\/\/piscinemarket.piscinetunisie.com\/index.php?rest_route=\/wp\/v2\/types\/product"}],"replies":[{"embeddable":true,"href":"https:\/\/piscinemarket.piscinetunisie.com\/index.php?rest_route=%2Fwp%2Fv2%2Fcomments&post=686"}],"wp:featuredmedia":[{"embeddable":true,"href":"https:\/\/piscinemarket.piscinetunisie.com\/index.php?rest_route=\/wp\/v2\/media\/696"}],"wp:attachment":[{"href":"https:\/\/piscinemarket.piscinetunisie.com\/index.php?rest_route=%2Fwp%2Fv2%2Fmedia&parent=686"}],"wp:term":[{"taxonomy":"product_cat","embeddable":true,"href":"https:\/\/piscinemarket.piscinetunisie.com\/index.php?rest_route=%2Fwp%2Fv2%2Fproduct_cat&post=686"},{"taxonomy":"product_tag","embeddable":true,"href":"https:\/\/piscinemarket.piscinetunisie.com\/index.php?rest_route=%2Fwp%2Fv2%2Fproduct_tag&post=686"}],"curies":[{"name":"wp","href":"https:\/\/api.w.org\/{rel}","templated":true}]}}