{"id":685,"date":"2024-05-15T15:35:30","date_gmt":"2024-05-15T15:35:30","guid":{"rendered":"https:\/\/piscinemarket.piscinetunisie.com\/?post_type=product&#038;p=685"},"modified":"2024-05-15T15:35:34","modified_gmt":"2024-05-15T15:35:34","slug":"import-placeholder-for-2332","status":"publish","type":"product","link":"https:\/\/piscinemarket.piscinetunisie.com\/?product=import-placeholder-for-2332","title":{"rendered":"Import placeholder for 2332"},"content":{"rendered":"<p>Simple d&#8217;utilisation ce Kit r\u00e9gulation PH BSV assure le maintien constant du taux de Ph dans l&#8217;eau de votre piscine gr\u00e2ce \u00e0 une mesure continue a travers la sonde PH BSV (bspool) et une injection pr\u00e9cise du ph(-) liquide situ\u00e9 dans le bac assurer par la pompe doseuse BSV (<a href=\"http:\/\/www.bspool.eu\/fr\/dosage\">bspool<\/a>).Il est valable pour les \u00e9quipements BSV EVo.<br \/>\n<strong> DESCRIPTION du Kit r\u00e9gulation PH BSV:<\/strong><br \/>\n-R\u00e9gulateur autonome de pH.<br \/>\n-S\u00e9curis\u00e9 : la pompe s&#8217;arr\u00eate de doser si le pH est trop bas ou trop haut et affiche l&#8217;\u00e9tat.<br \/>\n-Silencieux<br \/>\n-Le kit complet permet une installation rapide et facile.<\/p>\n<p><b>V\u00e9rification et maintenance de la sonde de pH:\u00a0<\/b>Nous vous recommandons de nettoyer et de v\u00e9rifier la sonde au moins une fois par an.\u00a0 Recalibrez la sonde de nouveau.\u00a0 Une sonde bien entretenue peut avoir une dur\u00e9e de vie de deux ou trois ans. \u00a0 La sonde ne doit jamais s\u00e9cher. Si vous la conservez en dehors de l&#8217;installation vous devrez lui mettre son capuchon original, ou la plonger dans un verre d\u2019eau. Si jamais vous avez laiss\u00e9 s\u00e9cher une sonde, vous pourrez la \u00a0r\u00e9g\u00e9n\u00e9rer en la plongeant dans un verre d&#8217;eau pendant 12 heures, en y ajoutant de pr\u00e9f\u00e9rence quelques gouttes d&#8217;acide chlorhydrique.<\/p>\n<p><strong> Contient:<\/strong><br \/>\n&#8211; pompe p\u00e9ristaltique<br \/>\n&#8211; sonde de pH<br \/>\n&#8211; solutions d&#8217;\u00e9talonnage pH4<br \/>\n&#8211; solutions d&#8217;\u00e9talonnage pH7<\/p>\n<p>Visitez notre page Facebook pour vous inspirer de nos r\u00e9alisations ou les r\u00e9alisations des piscinistes qui nous font confiance.<br \/>\n<a href=\"http:\/\/www.piscinetunisie.com\/bspool\/\">BSPOOL<\/a><br \/>\n<strong>Marque : <\/strong> <a href=\"https:\/\/www.bspool.eu\/fr\/&quot;\">BSV<\/a><br \/>\n<strong>Marque made in : <\/strong> ESPAGNOL<\/p>\n","protected":false},"excerpt":{"rendered":"<p>Simple d&#8217;utilisation ce Kit r\u00e9gulation PH BSV assure le maintien constant du taux de Ph dans l&#8217;eau de votre piscine gr\u00e2ce \u00e0 une mesure continue a travers la sonde PH BSV (bspool) et une injection pr\u00e9cise du ph(-) liquide situ\u00e9 dans le bac assurer par la pompe doseuse BSV (bspool).Il est valable pour les \u00e9quipements [&hellip;]<\/p>\n","protected":false},"featured_media":695,"comment_status":"open","ping_status":"closed","template":"","meta":[],"product_cat":[15],"product_tag":[],"class_list":{"0":"post-685","1":"product","2":"type-product","3":"status-publish","4":"has-post-thumbnail","6":"product_cat-uncategorized","8":"first","9":"instock","10":"shipping-taxable","11":"product-type-simple"},"jetpack_sharing_enabled":true,"_links":{"self":[{"href":"https:\/\/piscinemarket.piscinetunisie.com\/index.php?rest_route=\/wp\/v2\/product\/685","targetHints":{"allow":["GET"]}}],"collection":[{"href":"https:\/\/piscinemarket.piscinetunisie.com\/index.php?rest_route=\/wp\/v2\/product"}],"about":[{"href":"https:\/\/piscinemarket.piscinetunisie.com\/index.php?rest_route=\/wp\/v2\/types\/product"}],"replies":[{"embeddable":true,"href":"https:\/\/piscinemarket.piscinetunisie.com\/index.php?rest_route=%2Fwp%2Fv2%2Fcomments&post=685"}],"wp:featuredmedia":[{"embeddable":true,"href":"https:\/\/piscinemarket.piscinetunisie.com\/index.php?rest_route=\/wp\/v2\/media\/695"}],"wp:attachment":[{"href":"https:\/\/piscinemarket.piscinetunisie.com\/index.php?rest_route=%2Fwp%2Fv2%2Fmedia&parent=685"}],"wp:term":[{"taxonomy":"product_cat","embeddable":true,"href":"https:\/\/piscinemarket.piscinetunisie.com\/index.php?rest_route=%2Fwp%2Fv2%2Fproduct_cat&post=685"},{"taxonomy":"product_tag","embeddable":true,"href":"https:\/\/piscinemarket.piscinetunisie.com\/index.php?rest_route=%2Fwp%2Fv2%2Fproduct_tag&post=685"}],"curies":[{"name":"wp","href":"https:\/\/api.w.org\/{rel}","templated":true}]}}