{"id":684,"date":"2024-05-15T15:35:29","date_gmt":"2024-05-15T15:35:29","guid":{"rendered":"https:\/\/piscinemarket.piscinetunisie.com\/?post_type=product&#038;p=684"},"modified":"2024-05-15T15:35:33","modified_gmt":"2024-05-15T15:35:33","slug":"import-placeholder-for-2330","status":"publish","type":"product","link":"https:\/\/piscinemarket.piscinetunisie.com\/?product=import-placeholder-for-2330","title":{"rendered":"Import placeholder for 2330"},"content":{"rendered":"<p><strong> DESCRIPTION du Kit r\u00e9gulation chlore BSV:<\/strong><br \/>\n-R\u00e9gulateur autonome du chlore<br \/>\n-Silencieux<br \/>\n-Le kit complet permet une installation rapide et facile.<\/p>\n<p><b>V\u00e9rification et maintenance de la sonde Redox :\u00a0 <\/b><\/p>\n<p>S\u00e9lectionnez Menu, et Cl. man. (Chlore manuel) R\u00e9glez le chlore \u00e0 0%. Revenez \u00e0 l&#8217;\u00e9cran de visualisation. Rincez bien la sonde avec de l\u2019eau propre. Plongez la sonde dans une solution patron de 465 mV en la remuant doucement.\u00a0 Rep\u00e9rez sur l&#8217;\u00e9tiquette la tension correspondant \u00e0 la temp\u00e9rature ambiante de ce moment. Attendez que la lecture de la valeur ORP qu\u2019affiche l&#8217;\u00e9cran se stabilise. Si la valeur est incorrecte, vous pouvez essayer de r\u00e9g\u00e9n\u00e9rer la sonde en la nettoyant.. Rincez-la bien avec de l\u2019eau propre. &#8211; M\u00e9langez de l\u2019acide chlorhydrique commercial \u00e0 23% avec quatre fois son volume d&#8217;eau dans un verre. Laissez la sonde plong\u00e9e dans la solution pendant quelques minutes, en la remuant de temps en temps.<\/p>\n<p>Nettoyez la sonde en profondeur avec de l\u2019eau pure, de l\u2019eau distill\u00e9e de pr\u00e9f\u00e9rence. Secouez la sonde pour \u00e9liminer l&#8217;eau.\u00a0 \u00a0Rev\u00e9rifiez la valeur de la sonde. Vous pourrez continuer \u00e0 utiliser provisoirement une sonde indiquant une erreur inf\u00e9rieure \u00e0 30 mV en attendant de la remplacer. \u00a0 Ne laissez jamais la sonde \u00e0 l&#8217;air libre. Si la sonde a \u00e9t\u00e9 s\u00e8che pendant un certain temps, il est possible de la r\u00e9g\u00e9n\u00e9rer avec la solution d&#8217;acide chlorhydrique.<\/p>\n<p><strong> Contient:<\/strong><br \/>\n&#8211; sonde REDOX<br \/>\n&#8211; solutions d&#8217;\u00e9talonnage<\/p>\n<p>Visitez notre page Facebook pour vous inspirer de nos r\u00e9alisations ou les r\u00e9alisations des piscinistes qui nous font confiance.<br \/>\n<a href=\"https:\/\/www.piscinetunisie.com\/bspool\/\"> BSPOOL<\/a><br \/>\n<strong>Marque : <\/strong> <a href=\"https:\/\/www.bspool.eu\/fr\/&quot;\">BSV<\/a><br \/>\n<strong>Marque made in : <\/strong> ESPAGNOL<\/p>\n","protected":false},"excerpt":{"rendered":"<p>DESCRIPTION du Kit r\u00e9gulation chlore BSV: -R\u00e9gulateur autonome du chlore -Silencieux -Le kit complet permet une installation rapide et facile. V\u00e9rification et maintenance de la sonde Redox :\u00a0 S\u00e9lectionnez Menu, et Cl. man. (Chlore manuel) R\u00e9glez le chlore \u00e0 0%. Revenez \u00e0 l&#8217;\u00e9cran de visualisation. Rincez bien la sonde avec de l\u2019eau propre. Plongez la [&hellip;]<\/p>\n","protected":false},"featured_media":694,"comment_status":"open","ping_status":"closed","template":"","meta":[],"product_cat":[15],"product_tag":[],"class_list":{"0":"post-684","1":"product","2":"type-product","3":"status-publish","4":"has-post-thumbnail","6":"product_cat-uncategorized","8":"first","9":"instock","10":"shipping-taxable","11":"product-type-simple"},"jetpack_sharing_enabled":true,"_links":{"self":[{"href":"https:\/\/piscinemarket.piscinetunisie.com\/index.php?rest_route=\/wp\/v2\/product\/684","targetHints":{"allow":["GET"]}}],"collection":[{"href":"https:\/\/piscinemarket.piscinetunisie.com\/index.php?rest_route=\/wp\/v2\/product"}],"about":[{"href":"https:\/\/piscinemarket.piscinetunisie.com\/index.php?rest_route=\/wp\/v2\/types\/product"}],"replies":[{"embeddable":true,"href":"https:\/\/piscinemarket.piscinetunisie.com\/index.php?rest_route=%2Fwp%2Fv2%2Fcomments&post=684"}],"wp:featuredmedia":[{"embeddable":true,"href":"https:\/\/piscinemarket.piscinetunisie.com\/index.php?rest_route=\/wp\/v2\/media\/694"}],"wp:attachment":[{"href":"https:\/\/piscinemarket.piscinetunisie.com\/index.php?rest_route=%2Fwp%2Fv2%2Fmedia&parent=684"}],"wp:term":[{"taxonomy":"product_cat","embeddable":true,"href":"https:\/\/piscinemarket.piscinetunisie.com\/index.php?rest_route=%2Fwp%2Fv2%2Fproduct_cat&post=684"},{"taxonomy":"product_tag","embeddable":true,"href":"https:\/\/piscinemarket.piscinetunisie.com\/index.php?rest_route=%2Fwp%2Fv2%2Fproduct_tag&post=684"}],"curies":[{"name":"wp","href":"https:\/\/api.w.org\/{rel}","templated":true}]}}