{"id":68,"date":"2024-05-15T15:30:22","date_gmt":"2024-05-15T15:30:22","guid":{"rendered":"https:\/\/piscinemarket.piscinetunisie.com\/?post_type=product&#038;p=68"},"modified":"2024-05-15T15:30:30","modified_gmt":"2024-05-15T15:30:30","slug":"import-placeholder-for-184","status":"publish","type":"product","link":"https:\/\/piscinemarket.piscinetunisie.com\/?product=import-placeholder-for-184","title":{"rendered":"Import placeholder for 184"},"content":{"rendered":"<p>La bouche MULTIFLOW est un syst\u00e8me qui consiste \u00e0 que la boule de la bouche est fournie avec des diam\u00e8tres (14,20 et 25) pr\u00e9 marqu\u00e9s. Avec l\u2019aide d\u2019un poin\u00e7on (aussi fourni avec la bouche) nous pouvons s\u00e9lectionner l\u2019un des diam\u00e8tres au moment de l\u2019installation. D\u00e9bit maximale recommand\u00e9 pour une vitesse de pas max de 4 m\/secondes, selon la Norme UNE 13451-1: \u00d8 14 mm = 2,2 m3\/h, \u00d8 20 mm = 4,5 m3\/h, \u00d8 25 mm = 7 m3\/h. \u00c0 coller sur tube de \u00d8 50 mm PN 10. Fabriqu\u00e9e en ABS couleur blanc<\/p>\n","protected":false},"excerpt":{"rendered":"<p>La bouche MULTIFLOW est un syst\u00e8me qui consiste \u00e0 que la boule de la bouche est fournie avec des diam\u00e8tres (14,20 et 25) pr\u00e9 marqu\u00e9s. Avec l\u2019aide d\u2019un poin\u00e7on (aussi fourni avec la bouche) nous pouvons s\u00e9lectionner l\u2019un des diam\u00e8tres au moment de l\u2019installation. D\u00e9bit maximale recommand\u00e9 pour une vitesse de pas max de 4 [&hellip;]<\/p>\n","protected":false},"featured_media":97,"comment_status":"open","ping_status":"closed","template":"","meta":[],"product_cat":[15],"product_tag":[],"class_list":{"0":"post-68","1":"product","2":"type-product","3":"status-publish","4":"has-post-thumbnail","6":"product_cat-uncategorized","8":"first","9":"instock","10":"shipping-taxable","11":"product-type-simple"},"jetpack_sharing_enabled":true,"_links":{"self":[{"href":"https:\/\/piscinemarket.piscinetunisie.com\/index.php?rest_route=\/wp\/v2\/product\/68","targetHints":{"allow":["GET"]}}],"collection":[{"href":"https:\/\/piscinemarket.piscinetunisie.com\/index.php?rest_route=\/wp\/v2\/product"}],"about":[{"href":"https:\/\/piscinemarket.piscinetunisie.com\/index.php?rest_route=\/wp\/v2\/types\/product"}],"replies":[{"embeddable":true,"href":"https:\/\/piscinemarket.piscinetunisie.com\/index.php?rest_route=%2Fwp%2Fv2%2Fcomments&post=68"}],"wp:featuredmedia":[{"embeddable":true,"href":"https:\/\/piscinemarket.piscinetunisie.com\/index.php?rest_route=\/wp\/v2\/media\/97"}],"wp:attachment":[{"href":"https:\/\/piscinemarket.piscinetunisie.com\/index.php?rest_route=%2Fwp%2Fv2%2Fmedia&parent=68"}],"wp:term":[{"taxonomy":"product_cat","embeddable":true,"href":"https:\/\/piscinemarket.piscinetunisie.com\/index.php?rest_route=%2Fwp%2Fv2%2Fproduct_cat&post=68"},{"taxonomy":"product_tag","embeddable":true,"href":"https:\/\/piscinemarket.piscinetunisie.com\/index.php?rest_route=%2Fwp%2Fv2%2Fproduct_tag&post=68"}],"curies":[{"name":"wp","href":"https:\/\/api.w.org\/{rel}","templated":true}]}}