{"id":67,"date":"2024-05-15T15:30:21","date_gmt":"2024-05-15T15:30:21","guid":{"rendered":"https:\/\/piscinemarket.piscinetunisie.com\/?post_type=product&#038;p=67"},"modified":"2024-05-15T15:30:30","modified_gmt":"2024-05-15T15:30:30","slug":"import-placeholder-for-182","status":"publish","type":"product","link":"https:\/\/piscinemarket.piscinetunisie.com\/?product=import-placeholder-for-182","title":{"rendered":"Import placeholder for 182"},"content":{"rendered":"<p>Ce syst\u00e8me de rotule permet d\u2019obtenir une s\u00e9rie de diam\u00e8tres diff\u00e9rents (14-20 et 25). A l\u2019aide d\u2019un poin\u00e7on (livr\u00e9 avec la bouche), possibilit\u00e9 de s\u00e9lectionner un des diam\u00e8tres au moment de l\u2019installation. D\u00e9bit max. recommand\u00e9 pour une vitesse de passage maximale de 4 m\/s. Conforme \u00e0 la norme EN 13451-1. \u00d8 14 mm = 2,2 m3\/h, \u00d8 20 mm = 4,5 m3\/h, \u00d8 25 mm = 7 m3\/h.<\/p>\n<p>\u00c0 visser. M\u00e2le ext\u00e9rieur 2\u201d et int\u00e9rieur \u00e0 coller \u00d8 50 mm. Fabriqu\u00e9es en ABS blanc. \u00c0 monter avec travers\u00e9e de paroi r\u00e9f. 42006.<\/p>\n","protected":false},"excerpt":{"rendered":"<p>Ce syst\u00e8me de rotule permet d\u2019obtenir une s\u00e9rie de diam\u00e8tres diff\u00e9rents (14-20 et 25). A l\u2019aide d\u2019un poin\u00e7on (livr\u00e9 avec la bouche), possibilit\u00e9 de s\u00e9lectionner un des diam\u00e8tres au moment de l\u2019installation. D\u00e9bit max. recommand\u00e9 pour une vitesse de passage maximale de 4 m\/s. Conforme \u00e0 la norme EN 13451-1. \u00d8 14 mm = 2,2 [&hellip;]<\/p>\n","protected":false},"featured_media":96,"comment_status":"open","ping_status":"closed","template":"","meta":[],"product_cat":[15],"product_tag":[],"class_list":{"0":"post-67","1":"product","2":"type-product","3":"status-publish","4":"has-post-thumbnail","6":"product_cat-uncategorized","8":"first","9":"instock","10":"shipping-taxable","11":"product-type-simple"},"jetpack_sharing_enabled":true,"_links":{"self":[{"href":"https:\/\/piscinemarket.piscinetunisie.com\/index.php?rest_route=\/wp\/v2\/product\/67","targetHints":{"allow":["GET"]}}],"collection":[{"href":"https:\/\/piscinemarket.piscinetunisie.com\/index.php?rest_route=\/wp\/v2\/product"}],"about":[{"href":"https:\/\/piscinemarket.piscinetunisie.com\/index.php?rest_route=\/wp\/v2\/types\/product"}],"replies":[{"embeddable":true,"href":"https:\/\/piscinemarket.piscinetunisie.com\/index.php?rest_route=%2Fwp%2Fv2%2Fcomments&post=67"}],"wp:featuredmedia":[{"embeddable":true,"href":"https:\/\/piscinemarket.piscinetunisie.com\/index.php?rest_route=\/wp\/v2\/media\/96"}],"wp:attachment":[{"href":"https:\/\/piscinemarket.piscinetunisie.com\/index.php?rest_route=%2Fwp%2Fv2%2Fmedia&parent=67"}],"wp:term":[{"taxonomy":"product_cat","embeddable":true,"href":"https:\/\/piscinemarket.piscinetunisie.com\/index.php?rest_route=%2Fwp%2Fv2%2Fproduct_cat&post=67"},{"taxonomy":"product_tag","embeddable":true,"href":"https:\/\/piscinemarket.piscinetunisie.com\/index.php?rest_route=%2Fwp%2Fv2%2Fproduct_tag&post=67"}],"curies":[{"name":"wp","href":"https:\/\/api.w.org\/{rel}","templated":true}]}}