{"id":666,"date":"2024-05-15T15:35:28","date_gmt":"2024-05-15T15:35:28","guid":{"rendered":"https:\/\/piscinemarket.piscinetunisie.com\/?post_type=product&#038;p=666"},"modified":"2024-05-15T15:35:52","modified_gmt":"2024-05-15T15:35:52","slug":"import-placeholder-for-2211","status":"publish","type":"product","link":"https:\/\/piscinemarket.piscinetunisie.com\/?product=import-placeholder-for-2211","title":{"rendered":"Import placeholder for 2211"},"content":{"rendered":"<p>Parce que la filtration est l&#8217;\u00e9l\u00e9ment essentiel de la piscine, nous proposons des coffrets \u00e9lectriques permettant de piloter la filtration et d&#8217;automatiser son fonctionnement \u00e0 l&#8217;aide d&#8217;une horloge de programmation.<br \/>\nD\u00e9couvrez les coffrets \u00e9lectriques pour la filtration, enti\u00e8rement pr\u00e9-c\u00e2bl\u00e9es et au rapport qualit\u00e9 \/ prix imbattable !<br \/>\n<strong>Coffret Piscine CCEI :<\/strong><br \/>\n-Gestion de la pompe de filtration<br \/>\n-Calibre de disjoncteur \u00e0 s\u00e9lectionner<br \/>\n-Horloge de programmation encastr\u00e9e<br \/>\net boutons de contr\u00f4le en fa\u00e7ade<br \/>\n-Transfo. 12V pour projecteur<br \/>\n-Plusieurs puissances disponibles<br \/>\n-Mod\u00e8le PI-10 PSM<br \/>\n-Contr\u00f4le pour pompe surpresseur<br \/>\nVisitez notre page Facebook pour vous inspirer de nos r\u00e9alisations ou les r\u00e9alisations des piscinistes qui nous font confiance.<br \/>\na soci\u00e9t\u00e9 CCEI est sp\u00e9cialis\u00e9e dans la fabrication et conception de mat\u00e9riel de piscine priv\u00e9e, piscine hors-sol, piscine enterr\u00e9e, piscine collective et piscine publique.<br \/>\nD\u00e9couvrez notre gamme compl\u00e8te de produits piscine CCEI pour votre piscine : electrolyseur piscine, accessoires projecteurs accessoires et pi\u00e8ces, r\u00e9gulation automatique, coffrets de filtration, r\u00e9chauffeur \u00e9lectrique, transformateurs &#038; accessoires coffrets \u00e9lectriques, accessoires d&#8217;hivernage mat\u00e9riel d&#8217;hivernage, r\u00e9chauffeur bleu titane, r\u00e9gulation de niveau, Coffret Piscine .<br \/>\n<a href=\"https:\/\/www.piscinetunisie.com\/product-category\/filtration-piscine\/coffret-piscine\/\"> CCEI<\/a><br \/>\n<strong>Marque : <\/strong> <a href=\"https:\/\/eu.ccei-pool.com\/fr\/\">CCEI<\/a><br \/>\n<strong>Marque made in : <\/strong> FRANCE<\/p>\n","protected":false},"excerpt":{"rendered":"<p>Parce que la filtration est l&#8217;\u00e9l\u00e9ment essentiel de la piscine, nous proposons des coffrets \u00e9lectriques permettant de piloter la filtration et d&#8217;automatiser son fonctionnement \u00e0 l&#8217;aide d&#8217;une horloge de programmation. D\u00e9couvrez les coffrets \u00e9lectriques pour la filtration, enti\u00e8rement pr\u00e9-c\u00e2bl\u00e9es et au rapport qualit\u00e9 \/ prix imbattable ! Coffret Piscine CCEI : -Gestion de la pompe [&hellip;]<\/p>\n","protected":false},"featured_media":689,"comment_status":"open","ping_status":"closed","template":"","meta":[],"product_cat":[15],"product_tag":[],"class_list":{"0":"post-666","1":"product","2":"type-product","3":"status-publish","4":"has-post-thumbnail","6":"product_cat-uncategorized","8":"first","9":"instock","10":"shipping-taxable","11":"product-type-variable"},"jetpack_sharing_enabled":true,"_links":{"self":[{"href":"https:\/\/piscinemarket.piscinetunisie.com\/index.php?rest_route=\/wp\/v2\/product\/666","targetHints":{"allow":["GET"]}}],"collection":[{"href":"https:\/\/piscinemarket.piscinetunisie.com\/index.php?rest_route=\/wp\/v2\/product"}],"about":[{"href":"https:\/\/piscinemarket.piscinetunisie.com\/index.php?rest_route=\/wp\/v2\/types\/product"}],"replies":[{"embeddable":true,"href":"https:\/\/piscinemarket.piscinetunisie.com\/index.php?rest_route=%2Fwp%2Fv2%2Fcomments&post=666"}],"wp:featuredmedia":[{"embeddable":true,"href":"https:\/\/piscinemarket.piscinetunisie.com\/index.php?rest_route=\/wp\/v2\/media\/689"}],"wp:attachment":[{"href":"https:\/\/piscinemarket.piscinetunisie.com\/index.php?rest_route=%2Fwp%2Fv2%2Fmedia&parent=666"}],"wp:term":[{"taxonomy":"product_cat","embeddable":true,"href":"https:\/\/piscinemarket.piscinetunisie.com\/index.php?rest_route=%2Fwp%2Fv2%2Fproduct_cat&post=666"},{"taxonomy":"product_tag","embeddable":true,"href":"https:\/\/piscinemarket.piscinetunisie.com\/index.php?rest_route=%2Fwp%2Fv2%2Fproduct_tag&post=666"}],"curies":[{"name":"wp","href":"https:\/\/api.w.org\/{rel}","templated":true}]}}