{"id":631,"date":"2024-05-15T15:35:06","date_gmt":"2024-05-15T15:35:06","guid":{"rendered":"https:\/\/piscinemarket.piscinetunisie.com\/?post_type=product&#038;p=631"},"modified":"2024-05-15T15:35:52","modified_gmt":"2024-05-15T15:35:52","slug":"import-placeholder-for-2184","status":"publish","type":"product","link":"https:\/\/piscinemarket.piscinetunisie.com\/?product=import-placeholder-for-2184","title":{"rendered":"Import placeholder for 2184"},"content":{"rendered":"<p>Parce que la filtration est l&#8217;\u00e9l\u00e9ment essentiel de la piscine, nous proposons des coffrets \u00e9lectriques permettant de piloter la filtration et d&#8217;automatiser son fonctionnement \u00e0 l&#8217;aide d&#8217;une horloge de programmation.<br \/>\nD\u00e9couvrez Coffret Piscine Panorama pour la filtration, enti\u00e8rement pr\u00e9-c\u00e2bl\u00e9es et au rapport qualit\u00e9 \/ prix imbattable !<br \/>\n<strong>Coffret filtration + LED :<\/strong><br \/>\nD\u00e9couvrez les coffrets \u00e9lectriques filtration + LED de la gamme Panorama. Les coffrets \u00e9lectriques Panorama permettent de programmer le fonctionnement de la pompe de filtration ainsi que d&#8217;alimenter les projecteurs install\u00e9s dans la piscine.<br \/>\n<strong>Une conception ergonomique:<\/strong><br \/>\nL&#8217;ensemble des connexions (pompe de filtration, alimentation 230V, d\u00e9part LED) se fait en ouvrant le coffret sur le c\u00f4t\u00e9. Ensuite, les boutons sont prot\u00e9g\u00e9es des projections d&#8217;eau gr\u00e2ce \u00e0 la fen\u00eatre transparente en fa\u00e7ade.<br \/>\n<strong>Un \u00e9quipement complet sur rails modulaires :<\/strong><br \/>\nLes coffrets \u00e9lectriques filtration + LED Panorama sont \u00e9quip\u00e9s d&#8217;une horloge de programmation pour la gestion de la filtration de piscine mais aussi d&#8217;un disjoncteur permettant de prot\u00e9ger la pompe contre les surtensions et enfin d&#8217;un transformateur 12V pour alimenter les projecteurs \u00e0 LED install\u00e9s dans la piscine.Coffret Piscine Panorama.<\/p>\n<p>Visitez notre page Facebook pour vous inspirer de nos r\u00e9alisations ou les r\u00e9alisations des piscinistes qui nous font confiance.<\/p>\n<p><a href=\"https:\/\/www.piscinetunisie.com\/product-category\/filtration-piscine\/coffret-piscine\/\"> CCEI<\/a><br \/>\n<strong>Marque : <\/strong> <a href=\"https:\/\/eu.ccei-pool.com\/fr\/\">CCEI<\/a><br \/>\n<strong>Marque made in : <\/strong> FRANCE<\/p>\n","protected":false},"excerpt":{"rendered":"<p>Parce que la filtration est l&#8217;\u00e9l\u00e9ment essentiel de la piscine, nous proposons des coffrets \u00e9lectriques permettant de piloter la filtration et d&#8217;automatiser son fonctionnement \u00e0 l&#8217;aide d&#8217;une horloge de programmation. D\u00e9couvrez Coffret Piscine Panorama pour la filtration, enti\u00e8rement pr\u00e9-c\u00e2bl\u00e9es et au rapport qualit\u00e9 \/ prix imbattable ! Coffret filtration + LED : D\u00e9couvrez les coffrets [&hellip;]<\/p>\n","protected":false},"featured_media":658,"comment_status":"open","ping_status":"closed","template":"","meta":[],"product_cat":[15],"product_tag":[],"class_list":{"0":"post-631","1":"product","2":"type-product","3":"status-publish","4":"has-post-thumbnail","6":"product_cat-uncategorized","8":"first","9":"instock","10":"shipping-taxable","11":"product-type-variable"},"jetpack_sharing_enabled":true,"_links":{"self":[{"href":"https:\/\/piscinemarket.piscinetunisie.com\/index.php?rest_route=\/wp\/v2\/product\/631","targetHints":{"allow":["GET"]}}],"collection":[{"href":"https:\/\/piscinemarket.piscinetunisie.com\/index.php?rest_route=\/wp\/v2\/product"}],"about":[{"href":"https:\/\/piscinemarket.piscinetunisie.com\/index.php?rest_route=\/wp\/v2\/types\/product"}],"replies":[{"embeddable":true,"href":"https:\/\/piscinemarket.piscinetunisie.com\/index.php?rest_route=%2Fwp%2Fv2%2Fcomments&post=631"}],"wp:featuredmedia":[{"embeddable":true,"href":"https:\/\/piscinemarket.piscinetunisie.com\/index.php?rest_route=\/wp\/v2\/media\/658"}],"wp:attachment":[{"href":"https:\/\/piscinemarket.piscinetunisie.com\/index.php?rest_route=%2Fwp%2Fv2%2Fmedia&parent=631"}],"wp:term":[{"taxonomy":"product_cat","embeddable":true,"href":"https:\/\/piscinemarket.piscinetunisie.com\/index.php?rest_route=%2Fwp%2Fv2%2Fproduct_cat&post=631"},{"taxonomy":"product_tag","embeddable":true,"href":"https:\/\/piscinemarket.piscinetunisie.com\/index.php?rest_route=%2Fwp%2Fv2%2Fproduct_tag&post=631"}],"curies":[{"name":"wp","href":"https:\/\/api.w.org\/{rel}","templated":true}]}}