{"id":624,"date":"2024-05-15T15:35:05","date_gmt":"2024-05-15T15:35:05","guid":{"rendered":"https:\/\/piscinemarket.piscinetunisie.com\/?post_type=product&#038;p=624"},"modified":"2024-05-15T15:35:21","modified_gmt":"2024-05-15T15:35:21","slug":"import-placeholder-for-1982","status":"publish","type":"product","link":"https:\/\/piscinemarket.piscinetunisie.com\/?product=import-placeholder-for-1982","title":{"rendered":"Import placeholder for 1982"},"content":{"rendered":"<p>Testeur salinit\u00e9 pour piscine Kit complet pour l&#8217;analyse du taux de sel dans les piscines et spas. Gr\u00e2ce aux 10 bandelettes contenues dans le pack AquaChek sel blanc, vous obtenez des r\u00e9sultats rapidement et simplement.<br \/>\nVisitez notre page Facebook pour vous inspirer de nos r\u00e9alisations ou les r\u00e9alisations des piscinistes qui nous font confiance.<\/p>\n<div>Aquachek est le sp\u00e9cialiste des kits de traitement pour eau de piscine et spas. Rapides, simples \u00e0 utiliser et fiables, les diff\u00e9rents tests propos\u00e9s vous permettront de surveiller votre eau et de la garder d&#8217;une limpidit\u00e9 exemplaire.La trousse d&#8217;analyse bandelettes Aquacheck vous permet d&#8217;analyser le taux de sel de votre eau, dans le cas d&#8217;un traitement par \u00e9lectrolyse.<\/div>\n<div>\n<p>Pour maintenir l&#8217;eau de votre piscine effectuer un test \u00e0 chaque extr\u00e9mit\u00e9 au moins deux fois par semaine, pour un SPA faire le test avant chaque utilisation. Il est recommander de noter vos r\u00e9sultats \u00e0 chaque tests.<\/p>\n<div><\/div>\n<\/div>\n<p>Les packs d&#8217;analyse Aquachek vous facilient la vie. Les manipulations fasitidieuses ne sont plus qu&#8217;un lointain souvenir !<br \/>\nEn quelques secondes, vous testez et vous ajustez en fonction des r\u00e9sultats obtenus.<\/p>\n<h5>Importance du niveau de sel :<\/h5>\n<p>Le sel ou chlorure de sodium est l&#8217;ingr\u00e9dient de base pour g\u00e9n\u00e9rer du chlore dans les piscines trait\u00e9es par \u00e9lectrolyse.<br \/>\nLe taux id\u00e9al est g\u00e9n\u00e9ralement compris entre 2500 et 5000 ppm<\/p>\n<p>L&#8217;\u00e9lectrolyseur transforme le sel en chlore libre, ensuite celui-ci purifie l&#8217;eau de votre piscine, puis en \u00e9liminant bact\u00e9ries et autres organismes vivants.<br \/>\nEnsuite Il est n\u00e9cessaire de veiller \u00e0 conserver un niveau de sel correct, de mani\u00e8re \u00e0 obtenir la quantit\u00e9 de chlore libre d\u00e9sir\u00e9e, et \u00e0 conserver une eau limpide et saine.<\/p>\n<p>Un taux incorrect de chlore peut entra\u00eener des disfonctionnements. Ainsi S&#8217;il est trop bas, l&#8217;\u00e9lectrolyseur ne fonctionne pas correctement. S&#8217;il est trop \u00e9lev\u00e9, en plus de troubler l&#8217;eau et lui donner un go\u00fbt sal\u00e9. Enfin elle peut causer la corrosion des \u00e9l\u00e9ments m\u00e9talliques.<\/p>\n<p><strong>Marque : <\/strong> <a href=\"https:\/\/www.astralpool.com\/fr\/\">ASTRALPOOL<\/a><br \/>\n<strong>Marque Made in\u00a0: <\/strong>ESPAGNOL<\/p>\n","protected":false},"excerpt":{"rendered":"<p>Testeur salinit\u00e9 pour piscine Kit complet pour l&#8217;analyse du taux de sel dans les piscines et spas. Gr\u00e2ce aux 10 bandelettes contenues dans le pack AquaChek sel blanc, vous obtenez des r\u00e9sultats rapidement et simplement. Visitez notre page Facebook pour vous inspirer de nos r\u00e9alisations ou les r\u00e9alisations des piscinistes qui nous font confiance. Aquachek [&hellip;]<\/p>\n","protected":false},"featured_media":651,"comment_status":"open","ping_status":"closed","template":"","meta":[],"product_cat":[15],"product_tag":[],"class_list":{"0":"post-624","1":"product","2":"type-product","3":"status-publish","4":"has-post-thumbnail","6":"product_cat-uncategorized","8":"first","9":"outofstock","10":"shipping-taxable","11":"product-type-simple"},"jetpack_sharing_enabled":true,"_links":{"self":[{"href":"https:\/\/piscinemarket.piscinetunisie.com\/index.php?rest_route=\/wp\/v2\/product\/624","targetHints":{"allow":["GET"]}}],"collection":[{"href":"https:\/\/piscinemarket.piscinetunisie.com\/index.php?rest_route=\/wp\/v2\/product"}],"about":[{"href":"https:\/\/piscinemarket.piscinetunisie.com\/index.php?rest_route=\/wp\/v2\/types\/product"}],"replies":[{"embeddable":true,"href":"https:\/\/piscinemarket.piscinetunisie.com\/index.php?rest_route=%2Fwp%2Fv2%2Fcomments&post=624"}],"wp:featuredmedia":[{"embeddable":true,"href":"https:\/\/piscinemarket.piscinetunisie.com\/index.php?rest_route=\/wp\/v2\/media\/651"}],"wp:attachment":[{"href":"https:\/\/piscinemarket.piscinetunisie.com\/index.php?rest_route=%2Fwp%2Fv2%2Fmedia&parent=624"}],"wp:term":[{"taxonomy":"product_cat","embeddable":true,"href":"https:\/\/piscinemarket.piscinetunisie.com\/index.php?rest_route=%2Fwp%2Fv2%2Fproduct_cat&post=624"},{"taxonomy":"product_tag","embeddable":true,"href":"https:\/\/piscinemarket.piscinetunisie.com\/index.php?rest_route=%2Fwp%2Fv2%2Fproduct_tag&post=624"}],"curies":[{"name":"wp","href":"https:\/\/api.w.org\/{rel}","templated":true}]}}