{"id":614,"date":"2024-05-15T15:35:04","date_gmt":"2024-05-15T15:35:04","guid":{"rendered":"https:\/\/piscinemarket.piscinetunisie.com\/?post_type=product&#038;p=614"},"modified":"2024-05-15T15:35:24","modified_gmt":"2024-05-15T15:35:24","slug":"import-placeholder-for-1970","status":"publish","type":"product","link":"https:\/\/piscinemarket.piscinetunisie.com\/?product=import-placeholder-for-1970","title":{"rendered":"Import placeholder for 1970"},"content":{"rendered":"<p>Cellule Electrolyseur BSV\u00a0 (<a href=\"https:\/\/www.piscinetunisie.com\/bspool\/\">BSpool<\/a>).<br \/>\nNettoyage de la cellule d&#8217;\u00e9lectrolyse: Vous devrez nettoyer la cellule d&#8217;\u00e9lectrolyse dans les cas suivants :<br \/>\n&#8211; Si l&#8217;indication de niveau de sel bas s\u2019active et la concentration est correcte.<br \/>\n&#8211; Si l&#8217;indicateur de surcharge s\u2019active et le niveau de sel il est correct.<br \/>\n&#8211; Si vous constatez la pr\u00e9sence d\u2019incrustations de chaux sur les surfaces des \u00e9lectrodes. Dans ce cas, il est en outre possible de r\u00e9gler et adapter.<br \/>\nCellule Electrolyseur BSV\u00a0 de fa\u00e7on \u00e0 ce que la p\u00e9riode entre les nettoyages automatiques soit plus courte. Cette fr\u00e9quence sera en fonction de la duret\u00e9 de l&#8217;eau de votre r\u00e9gion.<br \/>\nPlongez la cellule dans une solution <a href=\"https:\/\/new.societechimiquedefrance.fr\/produits\/acide-chlorhydrique\/#:~:text=L'acide%20chlorhydrique%20est%20un,suc%20gastrique%20de%20l'estomac.\">d&#8217;acide chlorhydrique<\/a>, ou bien dans un produit commercial pour le nettoyage des cellules d&#8217;\u00e9lectrolyse (NETACEL). N&#8217;utilisez pas d&#8217;objets pointus qui pourraient endommager la couche de titane des \u00e9lectrodes.<\/p>\n<p><b>Nettoyage de la cellule d&#8217;\u00e9lectrolyse:<\/b>\u00a0 Vous devrez nettoyer la cellule d&#8217;\u00e9lectrolyse dans les cas suivants :<br \/>\n&#8211; Si l&#8217;indication de niveau de sel bas s\u2019active et la concentration est correcte.<br \/>\n&#8211; Si l&#8217;indicateur de surcharge s\u2019active et le niveau de sel il est correct.<br \/>\n&#8211; Si vous constatez la pr\u00e9sence d\u2019incrustations de chaux sur les surfaces des \u00e9lectrodes. Dans ce cas, il est en outre possible de r\u00e9gler et adapter.<\/p>\n<div>l&#8217;appareil de fa\u00e7on \u00e0 ce que la p\u00e9riode entre les nettoyages automatiques soit plus courte. Cette fr\u00e9quence sera en fonction de la duret\u00e9 de l&#8217;eau de votre r\u00e9gion.<br \/>\nPlongez la cellule dans une solution d&#8217;acide chlorhydrique, ou bien dans un produit commercial pour le nettoyage des cellules d&#8217;\u00e9lectrolyse (NETACEL). N&#8217;utilisez pas d&#8217;objets pointus qui pourraient endommager la couche de titane des \u00e9lectrodes.<\/div>\n","protected":false},"excerpt":{"rendered":"<p>Cellule Electrolyseur BSV\u00a0 (BSpool). Nettoyage de la cellule d&#8217;\u00e9lectrolyse: Vous devrez nettoyer la cellule d&#8217;\u00e9lectrolyse dans les cas suivants : &#8211; Si l&#8217;indication de niveau de sel bas s\u2019active et la concentration est correcte. &#8211; Si l&#8217;indicateur de surcharge s\u2019active et le niveau de sel il est correct. &#8211; Si vous constatez la pr\u00e9sence d\u2019incrustations [&hellip;]<\/p>\n","protected":false},"featured_media":644,"comment_status":"open","ping_status":"closed","template":"","meta":[],"product_cat":[15],"product_tag":[],"class_list":{"0":"post-614","1":"product","2":"type-product","3":"status-publish","4":"has-post-thumbnail","6":"product_cat-uncategorized","8":"first","9":"instock","10":"shipping-taxable","11":"product-type-variable"},"jetpack_sharing_enabled":true,"_links":{"self":[{"href":"https:\/\/piscinemarket.piscinetunisie.com\/index.php?rest_route=\/wp\/v2\/product\/614","targetHints":{"allow":["GET"]}}],"collection":[{"href":"https:\/\/piscinemarket.piscinetunisie.com\/index.php?rest_route=\/wp\/v2\/product"}],"about":[{"href":"https:\/\/piscinemarket.piscinetunisie.com\/index.php?rest_route=\/wp\/v2\/types\/product"}],"replies":[{"embeddable":true,"href":"https:\/\/piscinemarket.piscinetunisie.com\/index.php?rest_route=%2Fwp%2Fv2%2Fcomments&post=614"}],"wp:featuredmedia":[{"embeddable":true,"href":"https:\/\/piscinemarket.piscinetunisie.com\/index.php?rest_route=\/wp\/v2\/media\/644"}],"wp:attachment":[{"href":"https:\/\/piscinemarket.piscinetunisie.com\/index.php?rest_route=%2Fwp%2Fv2%2Fmedia&parent=614"}],"wp:term":[{"taxonomy":"product_cat","embeddable":true,"href":"https:\/\/piscinemarket.piscinetunisie.com\/index.php?rest_route=%2Fwp%2Fv2%2Fproduct_cat&post=614"},{"taxonomy":"product_tag","embeddable":true,"href":"https:\/\/piscinemarket.piscinetunisie.com\/index.php?rest_route=%2Fwp%2Fv2%2Fproduct_tag&post=614"}],"curies":[{"name":"wp","href":"https:\/\/api.w.org\/{rel}","templated":true}]}}