{"id":60,"date":"2024-05-15T15:30:20","date_gmt":"2024-05-15T15:30:20","guid":{"rendered":"https:\/\/piscinemarket.piscinetunisie.com\/?post_type=product&#038;p=60"},"modified":"2024-05-15T15:30:25","modified_gmt":"2024-05-15T15:30:25","slug":"import-placeholder-for-167","status":"publish","type":"product","link":"https:\/\/piscinemarket.piscinetunisie.com\/?product=import-placeholder-for-167","title":{"rendered":"Import placeholder for 167"},"content":{"rendered":"<h5>&#8220;Projecteur Extra Plat pour Piscine : Installation Facile et Confort Optimal&#8221;<\/h5>\n<p>Si vous cherchez une solution d&#8217;\u00e9clairage pour votre piscine qui soit \u00e0 la fois efficace et<br \/>\nfacile \u00e0 installer, le Projecteur Extra Plat est une option id\u00e9ale. Il est sp\u00e9cialement con\u00e7u<br \/>\npour les piscines avec des parois minces, principalement celles \u00e9quip\u00e9es de panneaux.<\/p>\n<h6>Caract\u00e9ristiques du Projecteur Extra Plat<\/h6>\n<p>\u25cf Installation Simplifi\u00e9e : Le support de ce projecteur peut \u00eatre solidement fix\u00e9 sur la<br \/>\nparoi mince de la piscine, ce qui est particuli\u00e8rement adapt\u00e9 aux piscines avec des<br \/>\npanneaux. De plus, il permet le remblaiement de la piscine. La face avant du<br \/>\nprojecteur est install\u00e9e en m\u00eame temps que le liner de la piscine.<br \/>\n\u25cf Mat\u00e9riaux Durables : Ce projecteur est fabriqu\u00e9 en mati\u00e8re plastique inalt\u00e9rable, ce<br \/>\nqui assure sa r\u00e9sistance \u00e0 l&#8217;environnement aquatique.<br \/>\n\u25cf Niche Non Requise : Contrairement \u00e0 de nombreux autres projecteurs, celui-ci n&#8217;a<br \/>\npas besoin d&#8217;une niche pour \u00eatre install\u00e9. Il se fixe solidement \u00e0 la paroi \u00e0 l&#8217;aide d&#8217;une<br \/>\ncroix en plastique renforc\u00e9, d&#8217;un \u00e9crou, de vis et de joints, offrant une solution<br \/>\nd&#8217;installation sans tracas.<br \/>\n\u25cf C\u00e2ble Fourni : Le projecteur est livr\u00e9 avec un c\u00e2ble de 2,5 m\u00e8tres pour une<br \/>\ninstallation pratique.<br \/>\n\u25cf \u00c9clairage Halog\u00e8ne : Il est \u00e9quip\u00e9 d&#8217;une lampe halog\u00e8ne de 100 W fonctionnant \u00e0<br \/>\n12 V. Il est important de noter que selon la r\u00e9glementation de l&#8217;UE (r\u00e8glement (UE)<br \/>\n2019\/2020), les lampes halog\u00e8nes ne seront plus introduites sur le march\u00e9 de l&#8217;Union<br \/>\neurop\u00e9enne \u00e0 partir du 1er septembre 2021 en raison de r\u00e9glementations<br \/>\nenvironnementales.<br \/>\nOffrant une installation sans n\u00e9cessit\u00e9 de niche, ce projecteur extra plat est une solution<br \/>\nid\u00e9ale pour \u00e9clairer votre piscine. Il est con\u00e7u pour les parois minces, et sa construction en<br \/>\nplastique durable garantit sa long\u00e9vit\u00e9. Simplifiez votre projet d&#8217;\u00e9clairage de piscine avec ce<br \/>\nprojecteur extra plat.<\/p>\n<p>Marque : <a href=\"https:\/\/www.piscinetunisie.com\/astralpool-tunis\/\">ASTRALPOOL<\/a><br \/>\nMarque made in : ESPAGNE<\/p>\n<p>Visitez notre page Facebook <a href=\"https:\/\/www.facebook.com\/STGEgroup\">STGEgroup<\/a> pour vous inspirer de nos r\u00e9alisations ou les<br \/>\nr\u00e9alisations des piscinistes qui nous font confiance.<\/p>\n","protected":false},"excerpt":{"rendered":"<p>&#8220;Projecteur Extra Plat pour Piscine : Installation Facile et Confort Optimal&#8221; Si vous cherchez une solution d&#8217;\u00e9clairage pour votre piscine qui soit \u00e0 la fois efficace et facile \u00e0 installer, le Projecteur Extra Plat est une option id\u00e9ale. Il est sp\u00e9cialement con\u00e7u pour les piscines avec des parois minces, principalement celles \u00e9quip\u00e9es de panneaux. Caract\u00e9ristiques [&hellip;]<\/p>\n","protected":false},"featured_media":90,"comment_status":"open","ping_status":"closed","template":"","meta":[],"product_cat":[15],"product_tag":[],"class_list":{"0":"post-60","1":"product","2":"type-product","3":"status-publish","4":"has-post-thumbnail","6":"product_cat-uncategorized","8":"first","9":"instock","10":"shipping-taxable","11":"product-type-simple"},"jetpack_sharing_enabled":true,"_links":{"self":[{"href":"https:\/\/piscinemarket.piscinetunisie.com\/index.php?rest_route=\/wp\/v2\/product\/60","targetHints":{"allow":["GET"]}}],"collection":[{"href":"https:\/\/piscinemarket.piscinetunisie.com\/index.php?rest_route=\/wp\/v2\/product"}],"about":[{"href":"https:\/\/piscinemarket.piscinetunisie.com\/index.php?rest_route=\/wp\/v2\/types\/product"}],"replies":[{"embeddable":true,"href":"https:\/\/piscinemarket.piscinetunisie.com\/index.php?rest_route=%2Fwp%2Fv2%2Fcomments&post=60"}],"wp:featuredmedia":[{"embeddable":true,"href":"https:\/\/piscinemarket.piscinetunisie.com\/index.php?rest_route=\/wp\/v2\/media\/90"}],"wp:attachment":[{"href":"https:\/\/piscinemarket.piscinetunisie.com\/index.php?rest_route=%2Fwp%2Fv2%2Fmedia&parent=60"}],"wp:term":[{"taxonomy":"product_cat","embeddable":true,"href":"https:\/\/piscinemarket.piscinetunisie.com\/index.php?rest_route=%2Fwp%2Fv2%2Fproduct_cat&post=60"},{"taxonomy":"product_tag","embeddable":true,"href":"https:\/\/piscinemarket.piscinetunisie.com\/index.php?rest_route=%2Fwp%2Fv2%2Fproduct_tag&post=60"}],"curies":[{"name":"wp","href":"https:\/\/api.w.org\/{rel}","templated":true}]}}