{"id":532,"date":"2024-05-15T15:34:30","date_gmt":"2024-05-15T15:34:30","guid":{"rendered":"https:\/\/piscinemarket.piscinetunisie.com\/?post_type=product&#038;p=532"},"modified":"2024-05-15T15:34:41","modified_gmt":"2024-05-15T15:34:41","slug":"import-placeholder-for-1817","status":"publish","type":"product","link":"https:\/\/piscinemarket.piscinetunisie.com\/?product=import-placeholder-for-1817","title":{"rendered":"Import placeholder for 1817"},"content":{"rendered":"<p>Sac de Verre Filtrant piscine filtrant de 25KG.<br \/>\nLe verre \u2018\u00e9co filtrant est fait de perles de verre recycl\u00e9es et polies. Il remplace la charge filtrante du filtre \u00e0 sable de la piscine. L\u2019\u00e9co-filtre en verre offre une solution plus \u00e9cologique gr\u00e2ce \u00e0 l\u2019utilisation d\u2019eau (5 fois moins de contre-lavage) et de produits chimiques pour traiter l\u2019eau (\u00e9vite la formation d\u2019un biofilm de bact\u00e9ries qui limite l\u2019efficacit\u00e9 de la d\u00e9sinfection).<\/p>\n<p>Meilleure filtration : 15 microns et moins de 5 microns avec un floculant<br \/>\nUne dur\u00e9e de vie plus longue : jusqu\u2019\u00e0 5 fois plus longue que le sable<br \/>\nColmatage limit\u00e9 des filtres : 5 fois moins de rembobinage<br \/>\nPr\u00e9vient la formation de biofilms et de bact\u00e9ries<br \/>\nTaille des grains : entre 0,4 et 1,6 mm<br \/>\nConforme \u00e0 la norme UNE EN 12902:2006<br \/>\nContenu du sac : 25 kg<br \/>\n<strong>Granulom\u00e9trie de Verre Filtrant piscine disponible : <\/strong><br \/>\n&#8211;  0.5-1<br \/>\n&#8211;  1-3<br \/>\nAutres granulom\u00e9tries sur commande.<br \/>\nVisitez notre page Facebook pour vous inspirer de nos r\u00e9alisations ou les r\u00e9alisations des piscinistes qui nous font confiance.<br \/>\n<a https:\/\/www.piscinetunisie.com\/astralpool\/\"><\/a><br \/>\n<strong>Marque : <\/strong> <a href=\"https:\/\/www.astralpool.com\/fr\/\">ASTRALPOOL<\/a><br \/>\n<strong>Marque Made in\u00a0: <\/strong>ESPAGNOL<\/p>\n","protected":false},"excerpt":{"rendered":"<p>Sac de Verre Filtrant piscine filtrant de 25KG. Le verre \u2018\u00e9co filtrant est fait de perles de verre recycl\u00e9es et polies. Il remplace la charge filtrante du filtre \u00e0 sable de la piscine. L\u2019\u00e9co-filtre en verre offre une solution plus \u00e9cologique gr\u00e2ce \u00e0 l\u2019utilisation d\u2019eau (5 fois moins de contre-lavage) et de produits chimiques pour [&hellip;]<\/p>\n","protected":false},"featured_media":551,"comment_status":"open","ping_status":"closed","template":"","meta":[],"product_cat":[15],"product_tag":[],"class_list":{"0":"post-532","1":"product","2":"type-product","3":"status-publish","4":"has-post-thumbnail","6":"product_cat-uncategorized","8":"first","9":"instock","10":"shipping-taxable","11":"product-type-variable"},"jetpack_sharing_enabled":true,"_links":{"self":[{"href":"https:\/\/piscinemarket.piscinetunisie.com\/index.php?rest_route=\/wp\/v2\/product\/532","targetHints":{"allow":["GET"]}}],"collection":[{"href":"https:\/\/piscinemarket.piscinetunisie.com\/index.php?rest_route=\/wp\/v2\/product"}],"about":[{"href":"https:\/\/piscinemarket.piscinetunisie.com\/index.php?rest_route=\/wp\/v2\/types\/product"}],"replies":[{"embeddable":true,"href":"https:\/\/piscinemarket.piscinetunisie.com\/index.php?rest_route=%2Fwp%2Fv2%2Fcomments&post=532"}],"wp:featuredmedia":[{"embeddable":true,"href":"https:\/\/piscinemarket.piscinetunisie.com\/index.php?rest_route=\/wp\/v2\/media\/551"}],"wp:attachment":[{"href":"https:\/\/piscinemarket.piscinetunisie.com\/index.php?rest_route=%2Fwp%2Fv2%2Fmedia&parent=532"}],"wp:term":[{"taxonomy":"product_cat","embeddable":true,"href":"https:\/\/piscinemarket.piscinetunisie.com\/index.php?rest_route=%2Fwp%2Fv2%2Fproduct_cat&post=532"},{"taxonomy":"product_tag","embeddable":true,"href":"https:\/\/piscinemarket.piscinetunisie.com\/index.php?rest_route=%2Fwp%2Fv2%2Fproduct_tag&post=532"}],"curies":[{"name":"wp","href":"https:\/\/api.w.org\/{rel}","templated":true}]}}