{"id":494,"date":"2024-05-15T15:34:11","date_gmt":"2024-05-15T15:34:11","guid":{"rendered":"https:\/\/piscinemarket.piscinetunisie.com\/?post_type=product&#038;p=494"},"modified":"2024-05-15T15:34:26","modified_gmt":"2024-05-15T15:34:26","slug":"import-placeholder-for-1778","status":"publish","type":"product","link":"https:\/\/piscinemarket.piscinetunisie.com\/?product=import-placeholder-for-1778","title":{"rendered":"Import placeholder for 1778"},"content":{"rendered":"<h5>D\u00e9couvrez nos bras de rechange pour t\u00eate de balai<\/h5>\n<p>une solution pratique et fiable pour maintenir votre \u00e9quipement de nettoyage de piscine en parfait \u00e9tat. Nos bras de rechange, \u00e0<br \/>\nvis papillon, sont de la marque Astralpool, gage de qualit\u00e9 et de durabilit\u00e9.<br \/>\nLe d\u00e9tail de la taille de notre poign\u00e9e de remplacement \u00e0 t\u00eate en V est d&#8217;environ 24&#215;12 cm,<br \/>\noffrant une taille compacte et l\u00e9g\u00e8re pour une portabilit\u00e9 optimale. Avant d&#8217;effectuer votre<br \/>\nachat, veuillez v\u00e9rifier attentivement les dimensions pour assurer une compatibilit\u00e9 parfaite<br \/>\navec votre balai de piscine existant.<br \/>\nFabriqu\u00e9e en ABS de qualit\u00e9 sup\u00e9rieure, notre poign\u00e9e de t\u00eate d&#8217;aspirateur est con\u00e7ue pour<br \/>\noffrir une r\u00e9sistance et une durabilit\u00e9 exceptionnelles. Sa construction robuste garantit qu&#8217;elle<br \/>\nne se casse pas facilement et qu&#8217;elle conserve sa forme originale m\u00eame lors d&#8217;une utilisation<br \/>\nintensive. Vous pouvez compter sur sa long\u00e9vit\u00e9 pour vous accompagner pendant de<br \/>\nnombreuses saisons de nettoyage.<br \/>\nL&#8217;installation de nos bras de rechange est un jeu d&#8217;enfant. Plus besoin de vous soucier des<br \/>\nop\u00e9rations compliqu\u00e9es. Ces pi\u00e8ces de poign\u00e9e durables sont con\u00e7ues pour une installation<br \/>\npratique sur votre aspirateur de piscine. Vous gagnerez du temps et des efforts pr\u00e9cieux<br \/>\npour profiter pleinement de votre vie sans vous soucier de votre \u00e9quipement de nettoyage.<br \/>\nNotre poign\u00e9e de remplacement pour t\u00eate d&#8217;aspiration convient \u00e0 la plupart des t\u00eates<br \/>\nd&#8217;aspiration standard et se fixe facilement sur des tiges t\u00e9lescopiques standards. Vous<br \/>\npouvez remplacer directement votre ancienne poign\u00e9e cass\u00e9e sans perdre de temps. Cette<br \/>\nsolution simple et efficace am\u00e9liorera l&#8217;efficacit\u00e9 de votre travail de nettoyage.<\/p>\n<h6>Plus des d\u00e9tails<\/h6>\n<p>N&#8217;oubliez pas de visiter <a href=\"https:\/\/www.facebook.com\/STGEgroup\/\">notre page Facebook<\/a> pour trouver l&#8217;inspiration \u00e0 travers nos<br \/>\nr\u00e9alisations et celles des piscinistes qui nous font confiance. Vous y trouverez des conseils<br \/>\nutiles pour l&#8217;entretien et le nettoyage de votre piscine, ainsi que des informations sur nos<br \/>\nproduits.<br \/>\nNe laissez pas un bras de t\u00eate de balai endommag\u00e9 vous emp\u00eacher de maintenir votre<br \/>\npiscine propre et \u00e9tincelante. Choisissez nos bras de rechange pour t\u00eate de balai, fabriqu\u00e9s<br \/>\npar Astralpool, et offrez \u00e0 votre \u00e9quipement la qualit\u00e9 et la fiabilit\u00e9 qu&#8217;il m\u00e9rite.<\/p>\n<p><strong>Marque : <\/strong> <a href=\"https:\/\/www.piscinetunisie.com\/astralpool-tunis\/\">ASTRALPOOL<\/a><br \/>\n<strong>Marque Made in\u00a0: <\/strong>ESPAGNOL<\/p>\n","protected":false},"excerpt":{"rendered":"<p>D\u00e9couvrez nos bras de rechange pour t\u00eate de balai une solution pratique et fiable pour maintenir votre \u00e9quipement de nettoyage de piscine en parfait \u00e9tat. Nos bras de rechange, \u00e0 vis papillon, sont de la marque Astralpool, gage de qualit\u00e9 et de durabilit\u00e9. Le d\u00e9tail de la taille de notre poign\u00e9e de remplacement \u00e0 t\u00eate [&hellip;]<\/p>\n","protected":false},"featured_media":517,"comment_status":"open","ping_status":"closed","template":"","meta":[],"product_cat":[15],"product_tag":[],"class_list":{"0":"post-494","1":"product","2":"type-product","3":"status-publish","4":"has-post-thumbnail","6":"product_cat-uncategorized","8":"first","9":"instock","10":"shipping-taxable","11":"product-type-simple"},"jetpack_sharing_enabled":true,"_links":{"self":[{"href":"https:\/\/piscinemarket.piscinetunisie.com\/index.php?rest_route=\/wp\/v2\/product\/494","targetHints":{"allow":["GET"]}}],"collection":[{"href":"https:\/\/piscinemarket.piscinetunisie.com\/index.php?rest_route=\/wp\/v2\/product"}],"about":[{"href":"https:\/\/piscinemarket.piscinetunisie.com\/index.php?rest_route=\/wp\/v2\/types\/product"}],"replies":[{"embeddable":true,"href":"https:\/\/piscinemarket.piscinetunisie.com\/index.php?rest_route=%2Fwp%2Fv2%2Fcomments&post=494"}],"wp:featuredmedia":[{"embeddable":true,"href":"https:\/\/piscinemarket.piscinetunisie.com\/index.php?rest_route=\/wp\/v2\/media\/517"}],"wp:attachment":[{"href":"https:\/\/piscinemarket.piscinetunisie.com\/index.php?rest_route=%2Fwp%2Fv2%2Fmedia&parent=494"}],"wp:term":[{"taxonomy":"product_cat","embeddable":true,"href":"https:\/\/piscinemarket.piscinetunisie.com\/index.php?rest_route=%2Fwp%2Fv2%2Fproduct_cat&post=494"},{"taxonomy":"product_tag","embeddable":true,"href":"https:\/\/piscinemarket.piscinetunisie.com\/index.php?rest_route=%2Fwp%2Fv2%2Fproduct_tag&post=494"}],"curies":[{"name":"wp","href":"https:\/\/api.w.org\/{rel}","templated":true}]}}