{"id":488,"date":"2024-05-15T15:34:11","date_gmt":"2024-05-15T15:34:11","guid":{"rendered":"https:\/\/piscinemarket.piscinetunisie.com\/?post_type=product&#038;p=488"},"modified":"2024-05-15T15:34:22","modified_gmt":"2024-05-15T15:34:22","slug":"import-placeholder-for-1740","status":"publish","type":"product","link":"https:\/\/piscinemarket.piscinetunisie.com\/?product=import-placeholder-for-1740","title":{"rendered":"Import placeholder for 1740"},"content":{"rendered":"<h5><strong>Personnalisez votre espace aquatique<\/strong><\/h5>\n<p><strong>Le coffret de commande electrique pour<a href=\"https:\/\/www.piscinetunisie.com\/shop\/cascade-emaux-2\/\"> cascade EMAUX<\/a><\/strong> est un \u00e9quipement essentiel pour am\u00e9liorer votre exp\u00e9rience dans votre piscine, bassin ou spa. Ce coffret \u00e9lectrique offre la possibilit\u00e9 de <strong>commander \u00e0 distance les <a href=\"https:\/\/www.piscinetunisie.com\/shop\/cascade-emaux\/\">lames d&#8217;eau LED<\/a><\/strong>, ce qui vous permet de cr\u00e9er une atmosph\u00e8re unique dans votre espace aquatique. Avec l&#8217;utilisation d&#8217;une t\u00e9l\u00e9commande intuitive, vous pouvez acc\u00e9der \u00e0 10 programmes lumineux diff\u00e9rents, offrant une personnalisation maximale pour r\u00e9pondre \u00e0 vos besoins et pr\u00e9f\u00e9rences.<\/p>\n<p>L&#8217;int\u00e9r\u00eat de ce coffret de commande r\u00e9side dans sa capacit\u00e9 \u00e0 vous permettre de contr\u00f4ler les lames d&#8217;eau LED \u00e0 distance. Vous n&#8217;avez plus besoin de manipuler les interrupteurs ou de vous d\u00e9placer pour ajuster l&#8217;\u00e9clairage de votre piscine, de votre bassin ou de votre spa. La t\u00e9l\u00e9commande fournie vous donne un <strong>acc\u00e8s instantan\u00e9 \u00e0 une vari\u00e9t\u00e9 de programmes lumineux<\/strong>, vous permettant de cr\u00e9er l&#8217;ambiance parfaite pour chaque occasion.<\/p>\n<p>Que vous souhaitiez une <strong>ambiance apaisante<\/strong> et relaxante pour une <strong>soir\u00e9e tranquille<\/strong>, ou une illumination dynamique pour une f\u00eate anim\u00e9e, ce coffret de commande offre la flexibilit\u00e9 n\u00e9cessaire pour r\u00e9pondre \u00e0 vos d\u00e9sirs. Vous pouvez changer de programme d&#8217;\u00e9clairage en un clin d&#8217;\u0153il, adaptant ainsi votre espace \u00e0 toutes les situations.<\/p>\n<p>L&#8217;installation de ce coffret est simple et son utilisation est intuitive. Il s&#8217;int\u00e8gre facilement \u00e0 votre syst\u00e8me \u00e9lectrique existant, offrant un contr\u00f4le sans faille de vos <a href=\"https:\/\/www.piscinetunisie.com\/shop\/cascade-emaux\/\">lames d&#8217;eau LED<\/a>. De plus, la qualit\u00e9 et la durabilit\u00e9 des produits EMAUX sont reconnues, assurant une utilisation \u00e0 long terme sans soucis.<\/p>\n<p>En optant pour le coffret de commande electrique pour <a href=\"https:\/\/www.piscinetunisie.com\/shop\/cascade-emaux-2\/\">cascade EMAUX<\/a>, vous ajoutez une touche d&#8217;\u00e9l\u00e9gance et de convivialit\u00e9 \u00e0 votre espace aquatique. Vous pouvez transformer votre piscine, votre bassin ou votre spa en un lieu de d\u00e9tente ou de c\u00e9l\u00e9bration, selon vos souhaits. D\u00e9couvrez les avantages de la personnalisation avec ce coffret \u00e9lectrique et profitez d&#8217;une exp\u00e9rience aquatique exceptionnelle. Pour plus d&#8217;informations sur la gamme de produits EMAUX, n&#8217;h\u00e9sitez pas \u00e0 nous contacter.<\/p>\n<p>Visitez notre page Facebook<strong>\u00a0 <a href=\"https:\/\/www.facebook.com\/STGEgroup\">STGEgroup<\/a>\u00a0<\/strong> pour vous inspirer de nos r\u00e9alisations ou les r\u00e9alisations des piscinistes qui nous font confiance.<\/p>\n","protected":false},"excerpt":{"rendered":"<p>Personnalisez votre espace aquatique Le coffret de commande electrique pour cascade EMAUX est un \u00e9quipement essentiel pour am\u00e9liorer votre exp\u00e9rience dans votre piscine, bassin ou spa. Ce coffret \u00e9lectrique offre la possibilit\u00e9 de commander \u00e0 distance les lames d&#8217;eau LED, ce qui vous permet de cr\u00e9er une atmosph\u00e8re unique dans votre espace aquatique. Avec l&#8217;utilisation [&hellip;]<\/p>\n","protected":false},"featured_media":513,"comment_status":"open","ping_status":"closed","template":"","meta":[],"product_cat":[15],"product_tag":[],"class_list":{"0":"post-488","1":"product","2":"type-product","3":"status-publish","4":"has-post-thumbnail","6":"product_cat-uncategorized","8":"first","9":"instock","10":"shipping-taxable","11":"product-type-simple"},"jetpack_sharing_enabled":true,"_links":{"self":[{"href":"https:\/\/piscinemarket.piscinetunisie.com\/index.php?rest_route=\/wp\/v2\/product\/488","targetHints":{"allow":["GET"]}}],"collection":[{"href":"https:\/\/piscinemarket.piscinetunisie.com\/index.php?rest_route=\/wp\/v2\/product"}],"about":[{"href":"https:\/\/piscinemarket.piscinetunisie.com\/index.php?rest_route=\/wp\/v2\/types\/product"}],"replies":[{"embeddable":true,"href":"https:\/\/piscinemarket.piscinetunisie.com\/index.php?rest_route=%2Fwp%2Fv2%2Fcomments&post=488"}],"wp:featuredmedia":[{"embeddable":true,"href":"https:\/\/piscinemarket.piscinetunisie.com\/index.php?rest_route=\/wp\/v2\/media\/513"}],"wp:attachment":[{"href":"https:\/\/piscinemarket.piscinetunisie.com\/index.php?rest_route=%2Fwp%2Fv2%2Fmedia&parent=488"}],"wp:term":[{"taxonomy":"product_cat","embeddable":true,"href":"https:\/\/piscinemarket.piscinetunisie.com\/index.php?rest_route=%2Fwp%2Fv2%2Fproduct_cat&post=488"},{"taxonomy":"product_tag","embeddable":true,"href":"https:\/\/piscinemarket.piscinetunisie.com\/index.php?rest_route=%2Fwp%2Fv2%2Fproduct_tag&post=488"}],"curies":[{"name":"wp","href":"https:\/\/api.w.org\/{rel}","templated":true}]}}