{"id":432,"date":"2024-05-15T15:33:49","date_gmt":"2024-05-15T15:33:49","guid":{"rendered":"https:\/\/piscinemarket.piscinetunisie.com\/?post_type=product&#038;p=432"},"modified":"2024-05-15T15:34:08","modified_gmt":"2024-05-15T15:34:08","slug":"import-placeholder-for-1616","status":"publish","type":"product","link":"https:\/\/piscinemarket.piscinetunisie.com\/?product=import-placeholder-for-1616","title":{"rendered":"Import placeholder for 1616"},"content":{"rendered":"<p>Le nouveau rogrammateur \u00e0 pille <a href=\"https:\/\/www.piscinetunisie.com\/rain-bird\/\"> Rain Bird<\/a> ESP-9V combine une programmation intuitive \u00e0 une conception robuste, qui lui permet de r\u00e9sister aux conditions les plus humides et poussi\u00e9reuses. Cela en fait le choix id\u00e9al pour vos besoins en mati\u00e8re de contr\u00f4le de l&#8217;arrosage, et ce, dans quelques r\u00e9gions que vous vous trouviez.<\/p>\n<p>Vous pourrez dormir sur vos deux oreilles en sachant que Rain Bird est l\u00e0 pour vous aider si votre programmateur d&#8217;arrosage rencontre des probl\u00e8mes.<br \/>\nStructure \u00e9tanche \u2014 excellente protection contre la terre, la poussi\u00e8re et l&#8217;eau de fa\u00e7on \u00e0 ce que vous puissiez installer votre programmateur d&#8217;arrosage \u00e0 pille partout o\u00f9 vous le souhaitez<br \/>\nAutonomie des piles sup\u00e9rieure \u00e0 2 ans \u2014 autonomie des piles hors pair, m\u00eame dans des conditions difficiles et humides<br \/>\nProgrammation intuitive \u2014 les prestataires, gestionnaires immobiliers et particuliers peuvent facilement optimiser leurs flux de travail et arroser avec pr\u00e9cision<br \/>\nVous avez d\u00e9j\u00e0 suffisamment de motifs de stress. Ne laissez pas votre syst\u00e8me de contr\u00f4le de l&#8217;arrosage s&#8217;ajouter \u00e0 la liste. Le nouveau programmateur ESP-9V est facile \u00e0 utiliser, facile \u00e0 installer et facile \u00e0 entretenir.<\/p>\n<p><strong>Marque : <\/strong> <a href=\"https:\/\/www.rainbird.com\/fr\/eur\">RAIN BIRD<\/a><\/p>\n","protected":false},"excerpt":{"rendered":"<p>Le nouveau rogrammateur \u00e0 pille Rain Bird ESP-9V combine une programmation intuitive \u00e0 une conception robuste, qui lui permet de r\u00e9sister aux conditions les plus humides et poussi\u00e9reuses. Cela en fait le choix id\u00e9al pour vos besoins en mati\u00e8re de contr\u00f4le de l&#8217;arrosage, et ce, dans quelques r\u00e9gions que vous vous trouviez. Vous pourrez dormir [&hellip;]<\/p>\n","protected":false},"featured_media":462,"comment_status":"open","ping_status":"closed","template":"","meta":[],"product_cat":[15],"product_tag":[],"class_list":{"0":"post-432","1":"product","2":"type-product","3":"status-publish","4":"has-post-thumbnail","6":"product_cat-uncategorized","8":"first","9":"instock","10":"shipping-taxable","11":"product-type-variable"},"jetpack_sharing_enabled":true,"_links":{"self":[{"href":"https:\/\/piscinemarket.piscinetunisie.com\/index.php?rest_route=\/wp\/v2\/product\/432","targetHints":{"allow":["GET"]}}],"collection":[{"href":"https:\/\/piscinemarket.piscinetunisie.com\/index.php?rest_route=\/wp\/v2\/product"}],"about":[{"href":"https:\/\/piscinemarket.piscinetunisie.com\/index.php?rest_route=\/wp\/v2\/types\/product"}],"replies":[{"embeddable":true,"href":"https:\/\/piscinemarket.piscinetunisie.com\/index.php?rest_route=%2Fwp%2Fv2%2Fcomments&post=432"}],"wp:featuredmedia":[{"embeddable":true,"href":"https:\/\/piscinemarket.piscinetunisie.com\/index.php?rest_route=\/wp\/v2\/media\/462"}],"wp:attachment":[{"href":"https:\/\/piscinemarket.piscinetunisie.com\/index.php?rest_route=%2Fwp%2Fv2%2Fmedia&parent=432"}],"wp:term":[{"taxonomy":"product_cat","embeddable":true,"href":"https:\/\/piscinemarket.piscinetunisie.com\/index.php?rest_route=%2Fwp%2Fv2%2Fproduct_cat&post=432"},{"taxonomy":"product_tag","embeddable":true,"href":"https:\/\/piscinemarket.piscinetunisie.com\/index.php?rest_route=%2Fwp%2Fv2%2Fproduct_tag&post=432"}],"curies":[{"name":"wp","href":"https:\/\/api.w.org\/{rel}","templated":true}]}}