{"id":400,"date":"2024-05-15T15:33:30","date_gmt":"2024-05-15T15:33:30","guid":{"rendered":"https:\/\/piscinemarket.piscinetunisie.com\/?post_type=product&#038;p=400"},"modified":"2024-05-15T15:33:42","modified_gmt":"2024-05-15T15:33:42","slug":"import-placeholder-for-1558","status":"publish","type":"product","link":"https:\/\/piscinemarket.piscinetunisie.com\/?product=import-placeholder-for-1558","title":{"rendered":"Import placeholder for 1558"},"content":{"rendered":"<p>Les piscines hors-sol sont les meilleures options pour acqu\u00e9rir une piscine \u00e9conomique. Elles s\u2019adaptent \u00e0 diff\u00e9rents terrains : jardins, terrasses, cour int\u00e9rieure\u2026 Il vous suffit de mesurer les dimensions de votre jardin, connaitre votre budget et nous vous proposons diff\u00e9rents mod\u00e8les de piscine hors-sol. Tous les mod\u00e8les sont faciles \u00e0 monter et n\u2019ont pas besoin d\u2019un entretien sp\u00e9cifique. M\u00eame si nous parlons de piscines hors-sol et d\u00e9montable, ces-derni\u00e8re peuvent rester mont\u00e9 durant l\u2019hiver. Il existe diff\u00e9rents types de piscines hors-sol :<\/p>\n<p>En acier\u00a0: piscine hors sol avec structures et renforts en acier sont les plus communes et r\u00e9pandues sur le march\u00e9 europ\u00e9en. <a href=\"https:\/\/www.piscinetunisie.com\/shop\/grepool\/\"> GRE<\/a> :propose une tr\u00e8s large gamme de piscine en acier de finitions, de formes et de dimensions diff\u00e9rentes. L\u2019installation de ces piscines est simple, pas besoin de r\u00e9aliser de gros \u0153uvres avant son montage.<\/p>\n<p>En bois\u00a0: si votre recherche se tourne vers une piscine plus solide et qui s\u2019int\u00e8gre parfaitement dans votre jardin gr\u00e2ce \u00e0 son aspect naturel et rustique, les piscines bois de la marque Sunbay et fabriqu\u00e9e par GRE sont faites pour vous ! Vous pourrez choisir diff\u00e9rents mod\u00e8les aillant des formes, des dimensions et des ahuteurs diff\u00e9rentes : rondes, ovales, rectangulaires ou carr\u00e9es.<\/p>\n<p>En composite\u00a0: Les piscines composites se caract\u00e9risent par leurs grandes solidit\u00e9s, robustesses et une esth\u00e9tique innovante. Le composite est un mat\u00e9riau r\u00e9sistant fabriqu\u00e9 \u00e0 partir d\u2019un m\u00e9lange de bois et de polym\u00e8res. C\u2019est un mat\u00e9riau dur, solide qui se caract\u00e9rise par sa long\u00e9vit\u00e9.<\/p>\n<p>Visitez notre page Facebook pour vous inspirer de nos r\u00e9alisations ou les r\u00e9alisations des piscinistes qui nous font confiance.<\/p>\n<p><strong>Marque : <\/strong> <a href=\"https:\/\/www.grepool.com\/fr\/piscines-hors-sol\">GRE<\/a><br \/>\n<strong>Marque Made in :<\/strong>Spain<\/p>\n","protected":false},"excerpt":{"rendered":"<p>Les piscines hors-sol sont les meilleures options pour acqu\u00e9rir une piscine \u00e9conomique. Elles s\u2019adaptent \u00e0 diff\u00e9rents terrains : jardins, terrasses, cour int\u00e9rieure\u2026 Il vous suffit de mesurer les dimensions de votre jardin, connaitre votre budget et nous vous proposons diff\u00e9rents mod\u00e8les de piscine hors-sol. Tous les mod\u00e8les sont faciles \u00e0 monter et n\u2019ont pas besoin [&hellip;]<\/p>\n","protected":false},"featured_media":410,"comment_status":"open","ping_status":"closed","template":"","meta":[],"product_cat":[15],"product_tag":[],"class_list":{"0":"post-400","1":"product","2":"type-product","3":"status-publish","4":"has-post-thumbnail","6":"product_cat-uncategorized","8":"first","9":"instock","10":"shipping-taxable","11":"product-type-external"},"jetpack_sharing_enabled":true,"_links":{"self":[{"href":"https:\/\/piscinemarket.piscinetunisie.com\/index.php?rest_route=\/wp\/v2\/product\/400","targetHints":{"allow":["GET"]}}],"collection":[{"href":"https:\/\/piscinemarket.piscinetunisie.com\/index.php?rest_route=\/wp\/v2\/product"}],"about":[{"href":"https:\/\/piscinemarket.piscinetunisie.com\/index.php?rest_route=\/wp\/v2\/types\/product"}],"replies":[{"embeddable":true,"href":"https:\/\/piscinemarket.piscinetunisie.com\/index.php?rest_route=%2Fwp%2Fv2%2Fcomments&post=400"}],"wp:featuredmedia":[{"embeddable":true,"href":"https:\/\/piscinemarket.piscinetunisie.com\/index.php?rest_route=\/wp\/v2\/media\/410"}],"wp:attachment":[{"href":"https:\/\/piscinemarket.piscinetunisie.com\/index.php?rest_route=%2Fwp%2Fv2%2Fmedia&parent=400"}],"wp:term":[{"taxonomy":"product_cat","embeddable":true,"href":"https:\/\/piscinemarket.piscinetunisie.com\/index.php?rest_route=%2Fwp%2Fv2%2Fproduct_cat&post=400"},{"taxonomy":"product_tag","embeddable":true,"href":"https:\/\/piscinemarket.piscinetunisie.com\/index.php?rest_route=%2Fwp%2Fv2%2Fproduct_tag&post=400"}],"curies":[{"name":"wp","href":"https:\/\/api.w.org\/{rel}","templated":true}]}}