{"id":399,"date":"2024-05-15T15:33:30","date_gmt":"2024-05-15T15:33:30","guid":{"rendered":"https:\/\/piscinemarket.piscinetunisie.com\/?post_type=product&#038;p=399"},"modified":"2024-05-15T15:33:41","modified_gmt":"2024-05-15T15:33:41","slug":"import-placeholder-for-1548","status":"publish","type":"product","link":"https:\/\/piscinemarket.piscinetunisie.com\/?product=import-placeholder-for-1548","title":{"rendered":"Import placeholder for 1548"},"content":{"rendered":"<p>La piscine hors-sol PLAYA par <a href=\"https:\/\/www.piscinetunisie.com\/shop\/laghetto\/\">  LAGHETTO<\/a> :<\/strong> existe en 3 versions diff\u00e9rentes, pour s\u2019adapter \u00e0 toutes vos envies et vos besoins, que vous souhaitiez profiter de la fra\u00eecheur de l\u2019eau en \u00e9t\u00e9, de la douceur de ses hydromassages ou d\u2019une version chauffante pour profiter de vos soir\u00e9es les pieds dans l\u2019eau :<\/p>\n<p>Piscine PLAYA LAGHETTO version mini piscine : une petite piscine hors-sol esth\u00e9tique et robuste pour vous rafra\u00eechir durant la saison estivale<br \/>\nPiscine PLAYA LAGHETTO version hydro : profitez des bienfaits de l\u2019hydroth\u00e9rapie avec ses bulles massantes qui viennent vous apaiser<br \/>\nPiscine PLAYA LAGHETTO version hydro et r\u00e9chauffeur : offrez-vous une mini piscine hors-sol avec les bienfaits d\u2019un spa, la chaleur de l\u2019eau et les bulles massantes pour une exp\u00e9rience d\u00e9tente et bien-\u00eatre \u00e0 domicile<br \/>\nPiscine LAGHETTO PLAYA : un kit piscine hors-sol complet et de nombreux accessoires pour r\u00e9pondre \u00e0 vos besoins<br \/>\nChaque mod\u00e8le de piscine hors-sol PLAYA par LAGHETTO est livr\u00e9 avec un kit complet d\u2019\u00e9quipements comprenant :<\/p>\n<p>Syst\u00e8me de filtration et de traitement de l\u2019eau propres \u00e0 Laghetto<br \/>\nProjecteur \u00e0 LED<br \/>\nUne structure en acier galvanis\u00e9 et inoxydable, recouvert de peinture Epoxy<br \/>\nUn rev\u00eatement int\u00e9rieur en PVC arm\u00e9 : 2 coloris au choix<br \/>\nDes panneaux ext\u00e9rieurs en fibre synth\u00e9tique tress\u00e9e avec bordure int\u00e9gr\u00e9e : 3 coloris au choix<br \/>\nUn balai manuel \u00e9quip\u00e9 de brosses, pour le nettoyage du fond de la piscine<br \/>\nLa version r\u00e9chauffeur et bulles contient \u00e9galement :<\/p>\n<p>Filtrage avec r\u00e9chauffeur<br \/>\nBoutons r\u00e9tro\u00e9clair\u00e9s \u00e0 LED<br \/>\nEnfin, vous pourrez \u00e9galement vous procurer en option tous les \u00e9quipements adapt\u00e9s \u00e0 votre piscine hors-sol PLAYA :<\/p>\n<p>Coussins bain de soleil : 4 coloris au choix<br \/>\nCouverture isothermique<br \/>\nB\u00e2che de protection<\/p>\n<p>Visitez notre page Facebook pour vous inspirer de nos r\u00e9alisations ou les r\u00e9alisations des piscinistes qui nous font confiance.<\/p>\n<p><strong>Marque : <\/strong> <a href=\"https:\/\/www.piscinelaghetto.com\/fr\/gallery\">Laghetto<\/a><br \/>\n<strong>Marque Made in :<\/strong>Italie<\/p>\n","protected":false},"excerpt":{"rendered":"<p>La piscine hors-sol PLAYA par LAGHETTO : existe en 3 versions diff\u00e9rentes, pour s\u2019adapter \u00e0 toutes vos envies et vos besoins, que vous souhaitiez profiter de la fra\u00eecheur de l\u2019eau en \u00e9t\u00e9, de la douceur de ses hydromassages ou d\u2019une version chauffante pour profiter de vos soir\u00e9es les pieds dans l\u2019eau : Piscine PLAYA LAGHETTO [&hellip;]<\/p>\n","protected":false},"featured_media":406,"comment_status":"open","ping_status":"closed","template":"","meta":[],"product_cat":[15],"product_tag":[],"class_list":{"0":"post-399","1":"product","2":"type-product","3":"status-publish","4":"has-post-thumbnail","6":"product_cat-uncategorized","8":"first","9":"instock","10":"shipping-taxable","11":"product-type-external"},"jetpack_sharing_enabled":true,"_links":{"self":[{"href":"https:\/\/piscinemarket.piscinetunisie.com\/index.php?rest_route=\/wp\/v2\/product\/399","targetHints":{"allow":["GET"]}}],"collection":[{"href":"https:\/\/piscinemarket.piscinetunisie.com\/index.php?rest_route=\/wp\/v2\/product"}],"about":[{"href":"https:\/\/piscinemarket.piscinetunisie.com\/index.php?rest_route=\/wp\/v2\/types\/product"}],"replies":[{"embeddable":true,"href":"https:\/\/piscinemarket.piscinetunisie.com\/index.php?rest_route=%2Fwp%2Fv2%2Fcomments&post=399"}],"wp:featuredmedia":[{"embeddable":true,"href":"https:\/\/piscinemarket.piscinetunisie.com\/index.php?rest_route=\/wp\/v2\/media\/406"}],"wp:attachment":[{"href":"https:\/\/piscinemarket.piscinetunisie.com\/index.php?rest_route=%2Fwp%2Fv2%2Fmedia&parent=399"}],"wp:term":[{"taxonomy":"product_cat","embeddable":true,"href":"https:\/\/piscinemarket.piscinetunisie.com\/index.php?rest_route=%2Fwp%2Fv2%2Fproduct_cat&post=399"},{"taxonomy":"product_tag","embeddable":true,"href":"https:\/\/piscinemarket.piscinetunisie.com\/index.php?rest_route=%2Fwp%2Fv2%2Fproduct_tag&post=399"}],"curies":[{"name":"wp","href":"https:\/\/api.w.org\/{rel}","templated":true}]}}