{"id":354,"date":"2024-05-15T15:33:05","date_gmt":"2024-05-15T15:33:05","guid":{"rendered":"https:\/\/piscinemarket.piscinetunisie.com\/?post_type=product&#038;p=354"},"modified":"2024-05-15T15:33:25","modified_gmt":"2024-05-15T15:33:25","slug":"import-placeholder-for-1421","status":"publish","type":"product","link":"https:\/\/piscinemarket.piscinetunisie.com\/?product=import-placeholder-for-1421","title":{"rendered":"Import placeholder for 1421"},"content":{"rendered":"<p>POMPE Sena Gamme de pompes de nouvelle g\u00e9n\u00e9ration. Avec des puissances allant de 1\/3 CV \u00e0 1,25 CV sur des moteurs monophas\u00e9s et de 3\/4 CV \u00e0 1,25 CV sur des moteurs triphas\u00e9s. Marquage GS. Protection moteur IP-55, isolation Classe F, AISI-316 sur toutes les parties en contact direct avec l\u2019eau. Branchements \u00e0 la tuyauterie \u00e0 l\u2019aide<br \/>\nd\u2019une gaine \u00e0 coller de 50 mm de diam\u00e8tre. D\u00e9bits en l\/h \u00e0 6 m.c.a. pour 0,33 CV, \u00e0 8 m.c.a. pour 0,5 CV et \u00e0 10 m.c.a. pour le reste de la gamme. 3000 rpm. D\u00e9bits en l\/h \u00e0 6 m.c.a. pour 0,33 CV, \u00e0 8 m.c.a. pour 0,5 CV et \u00e0 10 m.c.a. pour le reste de la gamme. 3000 rpm.<br \/>\n<strong>POMPE Sena disponible : <\/strong><br \/>\n&#8211; 0.33CV Mono<br \/>\n&#8211; 0.5CV Mono (6m3\/h,10m) AS<br \/>\n&#8211; 0,75CV Mono( 9m3\/h,10m)<br \/>\n&#8211; 0.75CV Tri 25464 ( 9m3\/h,10m)AS<br \/>\n&#8211; 1CV Mono ( 12m3\/h,10m) AS<br \/>\n&#8211; 1CV Tri (12m3\/h,10m) AS<br \/>\n&#8211; 1,25 CV Mono (14m3\/h.10m) AS<br \/>\n&#8211; 1.25CV Tri ( 14m3\/h,10m) AS<\/p>\n<p>Visitez notre page Facebook pour vous inspirer de nos r\u00e9alisations ou les r\u00e9alisations des piscinistes qui nous font confiance.<br \/>\n<a https:\/\/www.piscinetunisie.com\/astralpool\/\"><\/a><br \/>\n<strong>Marque : <\/strong> <a href=\"https:\/\/www.astralpool.com\/fr\/\">ASTRALPOOL<\/a><br \/>\n<strong>Marque Made in\u00a0: <\/strong>ESPAGNOL<\/p>\n","protected":false},"excerpt":{"rendered":"<p>POMPE Sena Gamme de pompes de nouvelle g\u00e9n\u00e9ration. Avec des puissances allant de 1\/3 CV \u00e0 1,25 CV sur des moteurs monophas\u00e9s et de 3\/4 CV \u00e0 1,25 CV sur des moteurs triphas\u00e9s. Marquage GS. Protection moteur IP-55, isolation Classe F, AISI-316 sur toutes les parties en contact direct avec l\u2019eau. Branchements \u00e0 la tuyauterie [&hellip;]<\/p>\n","protected":false},"featured_media":372,"comment_status":"open","ping_status":"closed","template":"","meta":[],"product_cat":[15],"product_tag":[],"class_list":{"0":"post-354","1":"product","2":"type-product","3":"status-publish","4":"has-post-thumbnail","6":"product_cat-uncategorized","8":"first","9":"instock","10":"shipping-taxable","11":"product-type-variable"},"jetpack_sharing_enabled":true,"_links":{"self":[{"href":"https:\/\/piscinemarket.piscinetunisie.com\/index.php?rest_route=\/wp\/v2\/product\/354","targetHints":{"allow":["GET"]}}],"collection":[{"href":"https:\/\/piscinemarket.piscinetunisie.com\/index.php?rest_route=\/wp\/v2\/product"}],"about":[{"href":"https:\/\/piscinemarket.piscinetunisie.com\/index.php?rest_route=\/wp\/v2\/types\/product"}],"replies":[{"embeddable":true,"href":"https:\/\/piscinemarket.piscinetunisie.com\/index.php?rest_route=%2Fwp%2Fv2%2Fcomments&post=354"}],"wp:featuredmedia":[{"embeddable":true,"href":"https:\/\/piscinemarket.piscinetunisie.com\/index.php?rest_route=\/wp\/v2\/media\/372"}],"wp:attachment":[{"href":"https:\/\/piscinemarket.piscinetunisie.com\/index.php?rest_route=%2Fwp%2Fv2%2Fmedia&parent=354"}],"wp:term":[{"taxonomy":"product_cat","embeddable":true,"href":"https:\/\/piscinemarket.piscinetunisie.com\/index.php?rest_route=%2Fwp%2Fv2%2Fproduct_cat&post=354"},{"taxonomy":"product_tag","embeddable":true,"href":"https:\/\/piscinemarket.piscinetunisie.com\/index.php?rest_route=%2Fwp%2Fv2%2Fproduct_tag&post=354"}],"curies":[{"name":"wp","href":"https:\/\/api.w.org\/{rel}","templated":true}]}}