{"id":350,"date":"2024-05-15T15:33:04","date_gmt":"2024-05-15T15:33:04","guid":{"rendered":"https:\/\/piscinemarket.piscinetunisie.com\/?post_type=product&#038;p=350"},"modified":"2024-05-15T15:33:25","modified_gmt":"2024-05-15T15:33:25","slug":"import-placeholder-for-1417","status":"publish","type":"product","link":"https:\/\/piscinemarket.piscinetunisie.com\/?product=import-placeholder-for-1417","title":{"rendered":"Import placeholder for 1417"},"content":{"rendered":"<p>Corps de pompe et supports en plastique thermoform\u00e9s, axe moteur de acier inox AISI-316 avec double isolement. Moteur protection IP-55. Panier de pr\u00e9filtre 8 litres de capacit\u00e9. Couvercle pr\u00e9filtre  transparent. Autoaspirante \u00e0 1,5 m. Connexions femelle \u00d8 90 \u00e0 coller. Conforme \u00e0 la Norme Efficacit\u00e9 \u00c9nergetique classe IE2.<br \/>\nLa Pompe maxim Astralpool centrifuge haute performance MAXIM a \u00e9t\u00e9 d\u00e9velopp\u00e9e pour une utilisation dans les piscines publiques. Elle est enti\u00e8rement fabriqu\u00e9e en plastique technique qui lui assure une dur\u00e9e de vie plus longue. Comprend un pr\u00e9filtre amovible de 8 litres de capacit\u00e9, avec une cl\u00e9 sp\u00e9ciale qui permet un acc\u00e8s facile au panier du pr\u00e9filtre.<br \/>\nIl existe trois versions de la La Pompe maxim Astralpool avec moteurs triphas\u00e9s de 3,5 CV, 4,5 CV et 5,5 CV.<br \/>\nLes moteurs ont une tension de fonctionnement de 230 V\/400 V, et supportent des variations de +\/- 10 %.<br \/>\nLa qualit\u00e9 de cette pompe vous a permis d&#8217;obtenir la marque GS d\u00e9livr\u00e9e par T\u00dcV Product Service.<br \/>\nConforme \u00e0 la norme d&#8217;efficacit\u00e9 \u00e9nerg\u00e9tique classe IE2.<br \/>\nVisitez notre page Facebook pour vous inspirer de nos r\u00e9alisations ou les r\u00e9alisations des piscinistes qui nous font confiance.<br \/>\n<a https:\/\/www.piscinetunisie.com\/astralpool\/\"><\/a><br \/>\n<strong>Marque : <\/strong> <a href=\"https:\/\/www.astralpool.com\/fr\/\">ASTRALPOOL<\/a><br \/>\n<strong>Marque Made in\u00a0: <\/strong>ESPAGNOL<\/p>\n","protected":false},"excerpt":{"rendered":"<p>Corps de pompe et supports en plastique thermoform\u00e9s, axe moteur de acier inox AISI-316 avec double isolement. Moteur protection IP-55. Panier de pr\u00e9filtre 8 litres de capacit\u00e9. Couvercle pr\u00e9filtre transparent. Autoaspirante \u00e0 1,5 m. Connexions femelle \u00d8 90 \u00e0 coller. Conforme \u00e0 la Norme Efficacit\u00e9 \u00c9nergetique classe IE2. La Pompe maxim Astralpool centrifuge haute performance [&hellip;]<\/p>\n","protected":false},"featured_media":371,"comment_status":"open","ping_status":"closed","template":"","meta":[],"product_cat":[15],"product_tag":[],"class_list":{"0":"post-350","1":"product","2":"type-product","3":"status-publish","4":"has-post-thumbnail","6":"product_cat-uncategorized","8":"first","9":"instock","10":"shipping-taxable","11":"product-type-variable"},"jetpack_sharing_enabled":true,"_links":{"self":[{"href":"https:\/\/piscinemarket.piscinetunisie.com\/index.php?rest_route=\/wp\/v2\/product\/350","targetHints":{"allow":["GET"]}}],"collection":[{"href":"https:\/\/piscinemarket.piscinetunisie.com\/index.php?rest_route=\/wp\/v2\/product"}],"about":[{"href":"https:\/\/piscinemarket.piscinetunisie.com\/index.php?rest_route=\/wp\/v2\/types\/product"}],"replies":[{"embeddable":true,"href":"https:\/\/piscinemarket.piscinetunisie.com\/index.php?rest_route=%2Fwp%2Fv2%2Fcomments&post=350"}],"wp:featuredmedia":[{"embeddable":true,"href":"https:\/\/piscinemarket.piscinetunisie.com\/index.php?rest_route=\/wp\/v2\/media\/371"}],"wp:attachment":[{"href":"https:\/\/piscinemarket.piscinetunisie.com\/index.php?rest_route=%2Fwp%2Fv2%2Fmedia&parent=350"}],"wp:term":[{"taxonomy":"product_cat","embeddable":true,"href":"https:\/\/piscinemarket.piscinetunisie.com\/index.php?rest_route=%2Fwp%2Fv2%2Fproduct_cat&post=350"},{"taxonomy":"product_tag","embeddable":true,"href":"https:\/\/piscinemarket.piscinetunisie.com\/index.php?rest_route=%2Fwp%2Fv2%2Fproduct_tag&post=350"}],"curies":[{"name":"wp","href":"https:\/\/api.w.org\/{rel}","templated":true}]}}