{"id":349,"date":"2024-05-15T15:33:04","date_gmt":"2024-05-15T15:33:04","guid":{"rendered":"https:\/\/piscinemarket.piscinetunisie.com\/?post_type=product&#038;p=349"},"modified":"2024-05-15T15:33:10","modified_gmt":"2024-05-15T15:33:10","slug":"import-placeholder-for-1375","status":"publish","type":"product","link":"https:\/\/piscinemarket.piscinetunisie.com\/?product=import-placeholder-for-1375","title":{"rendered":"Import placeholder for 1375"},"content":{"rendered":"<p>Le Vulcano Nozzle produit un ensemble de jets paraboliques \u00e0 diff\u00e9rents niveaux et longueurs, cr\u00e9ant un effet tr\u00e8s attractif.<br \/>\nIls sont enti\u00e8rement fabriqu\u00e9s en acier inoxydable AISI 316, ce qui conf\u00e8re une grande robustesse et r\u00e9sistance \u00e0 l\u2019oxydation, ainsi qu\u2019une finition plus \u00e9l\u00e9gante \u00e0 la source.<\/p>\n","protected":false},"excerpt":{"rendered":"<p>Le Vulcano Nozzle produit un ensemble de jets paraboliques \u00e0 diff\u00e9rents niveaux et longueurs, cr\u00e9ant un effet tr\u00e8s attractif. Ils sont enti\u00e8rement fabriqu\u00e9s en acier inoxydable AISI 316, ce qui conf\u00e8re une grande robustesse et r\u00e9sistance \u00e0 l\u2019oxydation, ainsi qu\u2019une finition plus \u00e9l\u00e9gante \u00e0 la source.<\/p>\n","protected":false},"featured_media":370,"comment_status":"open","ping_status":"closed","template":"","meta":[],"product_cat":[15],"product_tag":[],"class_list":{"0":"post-349","1":"product","2":"type-product","3":"status-publish","4":"has-post-thumbnail","6":"product_cat-uncategorized","8":"first","9":"instock","10":"shipping-taxable","11":"product-type-simple"},"jetpack_sharing_enabled":true,"_links":{"self":[{"href":"https:\/\/piscinemarket.piscinetunisie.com\/index.php?rest_route=\/wp\/v2\/product\/349","targetHints":{"allow":["GET"]}}],"collection":[{"href":"https:\/\/piscinemarket.piscinetunisie.com\/index.php?rest_route=\/wp\/v2\/product"}],"about":[{"href":"https:\/\/piscinemarket.piscinetunisie.com\/index.php?rest_route=\/wp\/v2\/types\/product"}],"replies":[{"embeddable":true,"href":"https:\/\/piscinemarket.piscinetunisie.com\/index.php?rest_route=%2Fwp%2Fv2%2Fcomments&post=349"}],"wp:featuredmedia":[{"embeddable":true,"href":"https:\/\/piscinemarket.piscinetunisie.com\/index.php?rest_route=\/wp\/v2\/media\/370"}],"wp:attachment":[{"href":"https:\/\/piscinemarket.piscinetunisie.com\/index.php?rest_route=%2Fwp%2Fv2%2Fmedia&parent=349"}],"wp:term":[{"taxonomy":"product_cat","embeddable":true,"href":"https:\/\/piscinemarket.piscinetunisie.com\/index.php?rest_route=%2Fwp%2Fv2%2Fproduct_cat&post=349"},{"taxonomy":"product_tag","embeddable":true,"href":"https:\/\/piscinemarket.piscinetunisie.com\/index.php?rest_route=%2Fwp%2Fv2%2Fproduct_tag&post=349"}],"curies":[{"name":"wp","href":"https:\/\/api.w.org\/{rel}","templated":true}]}}