{"id":348,"date":"2024-05-15T15:33:04","date_gmt":"2024-05-15T15:33:04","guid":{"rendered":"https:\/\/piscinemarket.piscinetunisie.com\/?post_type=product&#038;p=348"},"modified":"2024-05-15T15:33:09","modified_gmt":"2024-05-15T15:33:09","slug":"import-placeholder-for-1373","status":"publish","type":"product","link":"https:\/\/piscinemarket.piscinetunisie.com\/?product=import-placeholder-for-1373","title":{"rendered":"Import placeholder for 1373"},"content":{"rendered":"<p>Foamy Nozzle produit un jet tr\u00e8s mousseux et consistant. L\u2019effet ornemental ne d\u00e9pend pas du niveau de l\u2019eau et est tr\u00e8s r\u00e9sistant au vent, g\u00e9n\u00e9rant une grande uniformit\u00e9 \u00e0 la source.<br \/>\nCela produit \u00e9galement une plus grande oxyg\u00e9nation de l\u2019eau.<\/p>\n<p>Deux mod\u00e8les sont disponibles, fabriqu\u00e9s enti\u00e8rement en acier inoxydable AISI 316, ce qui offre une grande robustesse et r\u00e9sistance \u00e0 l\u2019oxydation et une finition plus \u00e9l\u00e9gante \u00e0 la source. Pour le mod\u00e8le 35mm, un mod\u00e8le en acier inoxydable et un int\u00e9rieur en plastique sont disponibles.<\/p>\n","protected":false},"excerpt":{"rendered":"<p>Foamy Nozzle produit un jet tr\u00e8s mousseux et consistant. L\u2019effet ornemental ne d\u00e9pend pas du niveau de l\u2019eau et est tr\u00e8s r\u00e9sistant au vent, g\u00e9n\u00e9rant une grande uniformit\u00e9 \u00e0 la source. Cela produit \u00e9galement une plus grande oxyg\u00e9nation de l\u2019eau. Deux mod\u00e8les sont disponibles, fabriqu\u00e9s enti\u00e8rement en acier inoxydable AISI 316, ce qui offre une [&hellip;]<\/p>\n","protected":false},"featured_media":369,"comment_status":"open","ping_status":"closed","template":"","meta":[],"product_cat":[15],"product_tag":[],"class_list":{"0":"post-348","1":"product","2":"type-product","3":"status-publish","4":"has-post-thumbnail","6":"product_cat-uncategorized","8":"first","9":"instock","10":"shipping-taxable","11":"product-type-simple"},"jetpack_sharing_enabled":true,"_links":{"self":[{"href":"https:\/\/piscinemarket.piscinetunisie.com\/index.php?rest_route=\/wp\/v2\/product\/348","targetHints":{"allow":["GET"]}}],"collection":[{"href":"https:\/\/piscinemarket.piscinetunisie.com\/index.php?rest_route=\/wp\/v2\/product"}],"about":[{"href":"https:\/\/piscinemarket.piscinetunisie.com\/index.php?rest_route=\/wp\/v2\/types\/product"}],"replies":[{"embeddable":true,"href":"https:\/\/piscinemarket.piscinetunisie.com\/index.php?rest_route=%2Fwp%2Fv2%2Fcomments&post=348"}],"wp:featuredmedia":[{"embeddable":true,"href":"https:\/\/piscinemarket.piscinetunisie.com\/index.php?rest_route=\/wp\/v2\/media\/369"}],"wp:attachment":[{"href":"https:\/\/piscinemarket.piscinetunisie.com\/index.php?rest_route=%2Fwp%2Fv2%2Fmedia&parent=348"}],"wp:term":[{"taxonomy":"product_cat","embeddable":true,"href":"https:\/\/piscinemarket.piscinetunisie.com\/index.php?rest_route=%2Fwp%2Fv2%2Fproduct_cat&post=348"},{"taxonomy":"product_tag","embeddable":true,"href":"https:\/\/piscinemarket.piscinetunisie.com\/index.php?rest_route=%2Fwp%2Fv2%2Fproduct_tag&post=348"}],"curies":[{"name":"wp","href":"https:\/\/api.w.org\/{rel}","templated":true}]}}