{"id":322,"date":"2024-05-15T15:32:43","date_gmt":"2024-05-15T15:32:43","guid":{"rendered":"https:\/\/piscinemarket.piscinetunisie.com\/?post_type=product&#038;p=322"},"modified":"2024-05-15T15:33:02","modified_gmt":"2024-05-15T15:33:02","slug":"import-placeholder-for-1340","status":"publish","type":"product","link":"https:\/\/piscinemarket.piscinetunisie.com\/?product=import-placeholder-for-1340","title":{"rendered":"Import placeholder for 1340"},"content":{"rendered":"<p>Installation facile avec syst\u00e8me de plomberie et base pr\u00e9install\u00e9s, le Groupe de filtration offre la solution id\u00e9ale pour un utilisateur \u00e0 la maison qui recherche une performance de filtration conviviale et excellente.<\/p>\n<p>L&#8217;ensemble de filtration du Groupe de filtration comprend un r\u00e9servoir de filtre en fibre de verre r\u00e9sistant aux rayons UV \u00e0 montage sup\u00e9rieur, une vanne multivoies \u00e0 6 voies et des pompes de piscine fix\u00e9es \u00e0 la base.<br \/>\n<strong>int\u00e8gres : <\/strong><br \/>\n-Vanne Multiport \u00e0 6 voies<br \/>\n-Pression max : 36psi \/ 2.5bar<br \/>\n-Cuve de filtration en fibre de verre \u00e0 montage sup\u00e9rieur<br \/>\n-Connexions : 1.5&#8243; \/ 50mm<br \/>\n-Alimentation \u00e9lectrique : 230V<\/p>\n<p>Visitez notre page Facebook pour vous inspirer de nos r\u00e9alisations ou les r\u00e9alisations des piscinistes qui nous font confiance.<\/p>\n<p><a href=\"https:\/\/www.piscinetunisie.com\/zodiac\/\"> EMAUX<\/a> :<\/strong>\u00a0<br \/>\n<strong>Marque : <\/strong> <a href=\"https:\/\/emauxgroup.com\/fr\/emaux-water-technology-fr\/\">EMAUX<\/a><br \/>\n<strong>Marque made in : <\/strong> CHINA<\/p>\n","protected":false},"excerpt":{"rendered":"<p>Installation facile avec syst\u00e8me de plomberie et base pr\u00e9install\u00e9s, le Groupe de filtration offre la solution id\u00e9ale pour un utilisateur \u00e0 la maison qui recherche une performance de filtration conviviale et excellente. L&#8217;ensemble de filtration du Groupe de filtration comprend un r\u00e9servoir de filtre en fibre de verre r\u00e9sistant aux rayons UV \u00e0 montage sup\u00e9rieur, [&hellip;]<\/p>\n","protected":false},"featured_media":334,"comment_status":"open","ping_status":"closed","template":"","meta":[],"product_cat":[15],"product_tag":[],"class_list":{"0":"post-322","1":"product","2":"type-product","3":"status-publish","4":"has-post-thumbnail","6":"product_cat-uncategorized","8":"first","9":"instock","10":"shipping-taxable","11":"product-type-variable"},"jetpack_sharing_enabled":true,"_links":{"self":[{"href":"https:\/\/piscinemarket.piscinetunisie.com\/index.php?rest_route=\/wp\/v2\/product\/322","targetHints":{"allow":["GET"]}}],"collection":[{"href":"https:\/\/piscinemarket.piscinetunisie.com\/index.php?rest_route=\/wp\/v2\/product"}],"about":[{"href":"https:\/\/piscinemarket.piscinetunisie.com\/index.php?rest_route=\/wp\/v2\/types\/product"}],"replies":[{"embeddable":true,"href":"https:\/\/piscinemarket.piscinetunisie.com\/index.php?rest_route=%2Fwp%2Fv2%2Fcomments&post=322"}],"wp:featuredmedia":[{"embeddable":true,"href":"https:\/\/piscinemarket.piscinetunisie.com\/index.php?rest_route=\/wp\/v2\/media\/334"}],"wp:attachment":[{"href":"https:\/\/piscinemarket.piscinetunisie.com\/index.php?rest_route=%2Fwp%2Fv2%2Fmedia&parent=322"}],"wp:term":[{"taxonomy":"product_cat","embeddable":true,"href":"https:\/\/piscinemarket.piscinetunisie.com\/index.php?rest_route=%2Fwp%2Fv2%2Fproduct_cat&post=322"},{"taxonomy":"product_tag","embeddable":true,"href":"https:\/\/piscinemarket.piscinetunisie.com\/index.php?rest_route=%2Fwp%2Fv2%2Fproduct_tag&post=322"}],"curies":[{"name":"wp","href":"https:\/\/api.w.org\/{rel}","templated":true}]}}