{"id":287,"date":"2024-05-15T15:32:17","date_gmt":"2024-05-15T15:32:17","guid":{"rendered":"https:\/\/piscinemarket.piscinetunisie.com\/?post_type=product&#038;p=287"},"modified":"2024-05-15T15:32:57","modified_gmt":"2024-05-15T15:32:57","slug":"import-placeholder-for-1315","status":"publish","type":"product","link":"https:\/\/piscinemarket.piscinetunisie.com\/?product=import-placeholder-for-1315","title":{"rendered":"Import placeholder for 1315"},"content":{"rendered":"<p>D\u00e9couvrez la <strong>cascade One d&#8217;Astralpoo<\/strong>l, une combinaison parfaite de surfaces m\u00e9talliques qui r\u00e9pond aux tendances actuelles du march\u00e9 de la d\u00e9coration int\u00e9rieure et ext\u00e9rieure. La cascade One offre une fusion \u00e9l\u00e9gante du satin et du vernis, s&#8217;adaptant harmonieusement \u00e0 une vari\u00e9t\u00e9 de d\u00e9cors, qu&#8217;il s&#8217;agisse de configurations rustiques ou r\u00e9solument modernes. Ces produits sont con\u00e7us en utilisant de l&#8217;acier inoxydable de qualit\u00e9 sup\u00e9rieure de type AISI-316, garantissant une durabilit\u00e9 exceptionnelle.<\/p>\n<p>Lorsque vous optez pour la cascade One, vous choisissez l&#8217;\u00e9l\u00e9gance et la r\u00e9sistance. La finition en acier inoxydable AISI-316 assure une protection accrue contre la corrosion, ce qui les rend adapt\u00e9s aux espaces int\u00e9rieurs et ext\u00e9rieurs expos\u00e9s aux \u00e9l\u00e9ments. De plus, le colisage est \u00e9galement en acier inoxydable AISI-316, garantissant une coh\u00e9rence dans la qualit\u00e9 et la durabilit\u00e9.<\/p>\n<p>Les produits de la marque ASTRALPOOL sont r\u00e9put\u00e9s pour leur excellence et leur savoir-faire in\u00e9gal\u00e9. Vous pouvez avoir confiance en la qualit\u00e9 de la marque espagnole, reconnue \u00e0 l&#8217;\u00e9chelle mondiale pour son engagement envers la satisfaction du client. Opter pour des produits de marque espagnole, c&#8217;est investir dans le style et la qualit\u00e9 europ\u00e9enne.<\/p>\n<p>En r\u00e9sum\u00e9, la cascade One d&#8217;Astralpool est une combinaison parfaite de surfaces m\u00e9talliques en acier inoxydable AISI-316, offrant une \u00e9l\u00e9gance intemporelle et une durabilit\u00e9 exceptionnelle. Que vous souhaitiez mettre en valeur un d\u00e9cor rustique ou contemporain, la cascade One s&#8217;int\u00e8grera parfaitement. Faites le choix de la qualit\u00e9 espagnole, et offrez-vous une exp\u00e9rience de d\u00e9coration int\u00e9rieure et ext\u00e9rieure in\u00e9gal\u00e9e.<\/p>\n<p><strong>Marque : <\/strong> ASTRALPOOL<br \/>\n<strong>Marque made in : <\/strong> ESPAGNOL<\/p>\n<p>Visitez notre page Facebook<strong>\u00a0\u00a0<a href=\"https:\/\/www.facebook.com\/STGEgroup\" target=\"_blank\" rel=\"noopener\">STGEgroup<\/a>\u00a0<\/strong>\u00a0pour vous inspirer de nos r\u00e9alisations ou les r\u00e9alisations des piscinistes qui nous font confiance.<\/p>\n","protected":false},"excerpt":{"rendered":"<p>D\u00e9couvrez la cascade One d&#8217;Astralpool, une combinaison parfaite de surfaces m\u00e9talliques qui r\u00e9pond aux tendances actuelles du march\u00e9 de la d\u00e9coration int\u00e9rieure et ext\u00e9rieure. La cascade One offre une fusion \u00e9l\u00e9gante du satin et du vernis, s&#8217;adaptant harmonieusement \u00e0 une vari\u00e9t\u00e9 de d\u00e9cors, qu&#8217;il s&#8217;agisse de configurations rustiques ou r\u00e9solument modernes. Ces produits sont con\u00e7us [&hellip;]<\/p>\n","protected":false},"featured_media":333,"comment_status":"open","ping_status":"closed","template":"","meta":[],"product_cat":[15],"product_tag":[],"class_list":{"0":"post-287","1":"product","2":"type-product","3":"status-publish","4":"has-post-thumbnail","6":"product_cat-uncategorized","8":"first","9":"instock","10":"shipping-taxable","11":"product-type-simple"},"jetpack_sharing_enabled":true,"_links":{"self":[{"href":"https:\/\/piscinemarket.piscinetunisie.com\/index.php?rest_route=\/wp\/v2\/product\/287","targetHints":{"allow":["GET"]}}],"collection":[{"href":"https:\/\/piscinemarket.piscinetunisie.com\/index.php?rest_route=\/wp\/v2\/product"}],"about":[{"href":"https:\/\/piscinemarket.piscinetunisie.com\/index.php?rest_route=\/wp\/v2\/types\/product"}],"replies":[{"embeddable":true,"href":"https:\/\/piscinemarket.piscinetunisie.com\/index.php?rest_route=%2Fwp%2Fv2%2Fcomments&post=287"}],"wp:featuredmedia":[{"embeddable":true,"href":"https:\/\/piscinemarket.piscinetunisie.com\/index.php?rest_route=\/wp\/v2\/media\/333"}],"wp:attachment":[{"href":"https:\/\/piscinemarket.piscinetunisie.com\/index.php?rest_route=%2Fwp%2Fv2%2Fmedia&parent=287"}],"wp:term":[{"taxonomy":"product_cat","embeddable":true,"href":"https:\/\/piscinemarket.piscinetunisie.com\/index.php?rest_route=%2Fwp%2Fv2%2Fproduct_cat&post=287"},{"taxonomy":"product_tag","embeddable":true,"href":"https:\/\/piscinemarket.piscinetunisie.com\/index.php?rest_route=%2Fwp%2Fv2%2Fproduct_tag&post=287"}],"curies":[{"name":"wp","href":"https:\/\/api.w.org\/{rel}","templated":true}]}}