{"id":286,"date":"2024-05-15T15:32:16","date_gmt":"2024-05-15T15:32:16","guid":{"rendered":"https:\/\/piscinemarket.piscinetunisie.com\/?post_type=product&#038;p=286"},"modified":"2024-05-15T15:32:52","modified_gmt":"2024-05-15T15:32:52","slug":"import-placeholder-for-1313","status":"publish","type":"product","link":"https:\/\/piscinemarket.piscinetunisie.com\/?product=import-placeholder-for-1313","title":{"rendered":"Import placeholder for 1313"},"content":{"rendered":"<p>D\u00e9couvrez la cascade r\u00e9sidentielle en acier inoxydable poli d&#8217;Astralpool, une solution \u00e9l\u00e9gante pour sublimer votre espace ext\u00e9rieur. Cette cascade r\u00e9sidentielle Inox, d&#8217;une longueur de 500 mm .<\/p>\n<p>Elle est fabriqu\u00e9e en acier inoxydable AISI-316, garantissant une r\u00e9sistance exceptionnelle \u00e0 la corrosion.<\/p>\n<p>L&#8217;installation de cette cascade est un jeu d&#8217;enfant. Elle se fixe solidement au sol \u00e0 l&#8217;aide de vis et d&#8217;ancrages, assurant une stabilit\u00e9 totale. Que vous souhaitiez ajouter une touche d&#8217;\u00e9l\u00e9gance \u00e0 votre jardin, votre terrasse ou votre piscine. Cette cascade r\u00e9sidentielle est un choix id\u00e9al.<\/p>\n<p>La finition en acier inoxydable AISI-316 assure non seulement une protection maximale contre la corrosion, mais conf\u00e8re \u00e9galement \u00e0 cette cascade un aspect brillant et sophistiqu\u00e9 qui r\u00e9siste aux \u00e9l\u00e9ments ext\u00e9rieurs. La cascade r\u00e9sidentielle Inox 316 d&#8217;Astralpool est le r\u00e9sultat du savoir-faire de la marque espagnole renomm\u00e9e, ASTRALPOOL. Leur engagement envers la satisfaction du client est in\u00e9gal\u00e9, ce qui en fait un choix de confiance pour votre espace ext\u00e9rieur.<\/p>\n<p>En optant pour cette cascade, vous faites le choix de la qualit\u00e9 espagnole, avec une marque qui poss\u00e8de une r\u00e9putation internationale. Offrez \u00e0 votre espace ext\u00e9rieur une touche de style europ\u00e9en avec cette cascade r\u00e9sidentielle en acier inoxydable poli par Astralpool. Faites de votre espace un lieu de d\u00e9tente \u00e9l\u00e9gant, r\u00e9sistant et unique, gr\u00e2ce \u00e0 cette pi\u00e8ce de qualit\u00e9 exceptionnelle.<\/p>\n<p>Marque : <a href=\"https:\/\/www.piscinetunisie.com\/astralpool-tunis\/\">ASTRALPOOL<\/a><br \/>\nMarque made in : ESPAGNOL<\/p>\n<p>Visitez notre page Facebook <a href=\"https:\/\/www.facebook.com\/STGEgroup\">STGEgroup <\/a>pour vous inspirer de nos r\u00e9alisations ou les r\u00e9alisations des piscinistes qui nous font confiance.<\/p>\n","protected":false},"excerpt":{"rendered":"<p>D\u00e9couvrez la cascade r\u00e9sidentielle en acier inoxydable poli d&#8217;Astralpool, une solution \u00e9l\u00e9gante pour sublimer votre espace ext\u00e9rieur. Cette cascade r\u00e9sidentielle Inox, d&#8217;une longueur de 500 mm . Elle est fabriqu\u00e9e en acier inoxydable AISI-316, garantissant une r\u00e9sistance exceptionnelle \u00e0 la corrosion. L&#8217;installation de cette cascade est un jeu d&#8217;enfant. Elle se fixe solidement au sol [&hellip;]<\/p>\n","protected":false},"featured_media":332,"comment_status":"open","ping_status":"closed","template":"","meta":[],"product_cat":[15],"product_tag":[],"class_list":{"0":"post-286","1":"product","2":"type-product","3":"status-publish","4":"has-post-thumbnail","6":"product_cat-uncategorized","8":"first","9":"instock","10":"shipping-taxable","11":"product-type-simple"},"jetpack_sharing_enabled":true,"_links":{"self":[{"href":"https:\/\/piscinemarket.piscinetunisie.com\/index.php?rest_route=\/wp\/v2\/product\/286","targetHints":{"allow":["GET"]}}],"collection":[{"href":"https:\/\/piscinemarket.piscinetunisie.com\/index.php?rest_route=\/wp\/v2\/product"}],"about":[{"href":"https:\/\/piscinemarket.piscinetunisie.com\/index.php?rest_route=\/wp\/v2\/types\/product"}],"replies":[{"embeddable":true,"href":"https:\/\/piscinemarket.piscinetunisie.com\/index.php?rest_route=%2Fwp%2Fv2%2Fcomments&post=286"}],"wp:featuredmedia":[{"embeddable":true,"href":"https:\/\/piscinemarket.piscinetunisie.com\/index.php?rest_route=\/wp\/v2\/media\/332"}],"wp:attachment":[{"href":"https:\/\/piscinemarket.piscinetunisie.com\/index.php?rest_route=%2Fwp%2Fv2%2Fmedia&parent=286"}],"wp:term":[{"taxonomy":"product_cat","embeddable":true,"href":"https:\/\/piscinemarket.piscinetunisie.com\/index.php?rest_route=%2Fwp%2Fv2%2Fproduct_cat&post=286"},{"taxonomy":"product_tag","embeddable":true,"href":"https:\/\/piscinemarket.piscinetunisie.com\/index.php?rest_route=%2Fwp%2Fv2%2Fproduct_tag&post=286"}],"curies":[{"name":"wp","href":"https:\/\/api.w.org\/{rel}","templated":true}]}}