{"id":285,"date":"2024-05-15T15:32:16","date_gmt":"2024-05-15T15:32:16","guid":{"rendered":"https:\/\/piscinemarket.piscinetunisie.com\/?post_type=product&#038;p=285"},"modified":"2024-05-15T15:32:49","modified_gmt":"2024-05-15T15:32:49","slug":"import-placeholder-for-1311","status":"publish","type":"product","link":"https:\/\/piscinemarket.piscinetunisie.com\/?product=import-placeholder-for-1311","title":{"rendered":"Import placeholder for 1311"},"content":{"rendered":"<p>D\u00e9couvrez laCascade Droite Inox 316 AISI-316 d&#8217;Astralpool, une combinaison<br \/>\nparfaite de surfaces m\u00e9talliques qui suit de pr\u00e8s les derni\u00e8res tendances du march\u00e9 de la<br \/>\nd\u00e9coration ext\u00e9rieure. Cette Cascade Droite Inox 316 offre une fusion \u00e9l\u00e9gante de satin et de vernis,<br \/>\ns&#8217;int\u00e9grant harmonieusement dans une vari\u00e9t\u00e9 d&#8217;environnements, qu&#8217;ils soient rustiques ou<br \/>\nr\u00e9solument modernes.<\/p>\n<p>Fabriqu\u00e9e avec de l&#8217;acier inoxydable AISI-316, cette cascade allie style et durabilit\u00e9. L&#8217;acier<br \/>\ninoxydable AISI-316 est reconnu pour sa r\u00e9sistance \u00e0 la corrosion, ce qui en fait un choix<br \/>\nparfait pour une installation en ext\u00e9rieur. Vous pouvez \u00eatre assur\u00e9 que cette cascade droite<br \/>\nrestera belle et fonctionnelle pendant de nombreuses ann\u00e9es.<\/p>\n<p>La finition en acier inoxydable AISI-316 non seulement conf\u00e8re \u00e0 cette cascade un aspect<br \/>\n\u00e9l\u00e9gant, mais la prot\u00e8ge \u00e9galement des \u00e9l\u00e9ments ext\u00e9rieurs. Le colisage de ce produit est<br \/>\n\u00e9galement en acier inoxydable AISI-316, garantissant une coh\u00e9rence dans la qualit\u00e9 et la<br \/>\ndurabilit\u00e9.<\/p>\n<p>Astralpool, une marque de renomm\u00e9e mondiale, est fi\u00e8re de vous pr\u00e9senter cette cascade<br \/>\ndroite, con\u00e7ue pour sublimer votre espace ext\u00e9rieur. Leur engagement envers la satisfaction<br \/>\ndu client est in\u00e9gal\u00e9, faisant de cette marque espagnole un choix de confiance pour votre<br \/>\nprojet.<\/p>\n<p>Optez pour la qualit\u00e9 espagnole et ajoutez une touche d&#8217;\u00e9l\u00e9gance \u00e0 votre jardin, terrasse ou<br \/>\npiscine avec la cascade droite en acier inoxydable AISI-316 d&#8217;Astralpool. Transformez votre<br \/>\nespace en un lieu de d\u00e9tente \u00e9l\u00e9gant et r\u00e9sistant, gr\u00e2ce \u00e0 cette pi\u00e8ce de qualit\u00e9<br \/>\nexceptionnelle.<br \/>\nMarque : <a href=\"https:\/\/www.piscinetunisie.com\/astralpool-tunis\/\">ASTRALPOOL<\/a><br \/>\nMarque made in : ESPAGNOL<br \/>\nVisitez notre page Facebook <a href=\"https:\/\/www.facebook.com\/STGEgroup\">STGEgroup <\/a>pour vous inspirer de nos<\/p>\n","protected":false},"excerpt":{"rendered":"<p>D\u00e9couvrez laCascade Droite Inox 316 AISI-316 d&#8217;Astralpool, une combinaison parfaite de surfaces m\u00e9talliques qui suit de pr\u00e8s les derni\u00e8res tendances du march\u00e9 de la d\u00e9coration ext\u00e9rieure. Cette Cascade Droite Inox 316 offre une fusion \u00e9l\u00e9gante de satin et de vernis, s&#8217;int\u00e9grant harmonieusement dans une vari\u00e9t\u00e9 d&#8217;environnements, qu&#8217;ils soient rustiques ou r\u00e9solument modernes. Fabriqu\u00e9e avec de [&hellip;]<\/p>\n","protected":false},"featured_media":331,"comment_status":"open","ping_status":"closed","template":"","meta":[],"product_cat":[15],"product_tag":[],"class_list":{"0":"post-285","1":"product","2":"type-product","3":"status-publish","4":"has-post-thumbnail","6":"product_cat-uncategorized","8":"first","9":"instock","10":"shipping-taxable","11":"product-type-simple"},"jetpack_sharing_enabled":true,"_links":{"self":[{"href":"https:\/\/piscinemarket.piscinetunisie.com\/index.php?rest_route=\/wp\/v2\/product\/285","targetHints":{"allow":["GET"]}}],"collection":[{"href":"https:\/\/piscinemarket.piscinetunisie.com\/index.php?rest_route=\/wp\/v2\/product"}],"about":[{"href":"https:\/\/piscinemarket.piscinetunisie.com\/index.php?rest_route=\/wp\/v2\/types\/product"}],"replies":[{"embeddable":true,"href":"https:\/\/piscinemarket.piscinetunisie.com\/index.php?rest_route=%2Fwp%2Fv2%2Fcomments&post=285"}],"wp:featuredmedia":[{"embeddable":true,"href":"https:\/\/piscinemarket.piscinetunisie.com\/index.php?rest_route=\/wp\/v2\/media\/331"}],"wp:attachment":[{"href":"https:\/\/piscinemarket.piscinetunisie.com\/index.php?rest_route=%2Fwp%2Fv2%2Fmedia&parent=285"}],"wp:term":[{"taxonomy":"product_cat","embeddable":true,"href":"https:\/\/piscinemarket.piscinetunisie.com\/index.php?rest_route=%2Fwp%2Fv2%2Fproduct_cat&post=285"},{"taxonomy":"product_tag","embeddable":true,"href":"https:\/\/piscinemarket.piscinetunisie.com\/index.php?rest_route=%2Fwp%2Fv2%2Fproduct_tag&post=285"}],"curies":[{"name":"wp","href":"https:\/\/api.w.org\/{rel}","templated":true}]}}