{"id":284,"date":"2024-05-15T15:32:16","date_gmt":"2024-05-15T15:32:16","guid":{"rendered":"https:\/\/piscinemarket.piscinetunisie.com\/?post_type=product&#038;p=284"},"modified":"2024-05-15T15:32:40","modified_gmt":"2024-05-15T15:32:40","slug":"import-placeholder-for-1309","status":"publish","type":"product","link":"https:\/\/piscinemarket.piscinetunisie.com\/?product=import-placeholder-for-1309","title":{"rendered":"Import placeholder for 1309"},"content":{"rendered":"<p>D\u00e9couvrez la Cascade Bali Inox 316 d&#8217;Astralpool, une expression parfaite de l&#8217;\u00e9l\u00e9gance<br \/>\ncontemporaine en phase avec les tendances actuelles du march\u00e9 de la d\u00e9coration<br \/>\next\u00e9rieure. Cette cascade offre une fusion gracieuse de satin et de vernis, s&#8217;adaptant<br \/>\nharmonieusement \u00e0 une vari\u00e9t\u00e9 d&#8217;environnements, des espaces rustiques aux d\u00e9cors les<br \/>\nplus modernes.<br \/>\nFabriqu\u00e9e avec de l&#8217;acier inoxydable AISI-316, cette cascade est synonyme de style et de<br \/>\ndurabilit\u00e9. L&#8217;acier inoxydable AISI-316 est reconnu pour sa r\u00e9sistance exceptionnelle \u00e0 la<br \/>\ncorrosion, en faisant un choix judicieux pour une installation en ext\u00e9rieur. Vous pouvez \u00eatre<br \/>\ns\u00fbr que la Cascade Bali Inox 316 conservera sa beaut\u00e9 et son efficacit\u00e9 pendant de<br \/>\nnombreuses ann\u00e9es.<br \/>\nLa finition en acier inoxydable AISI-316 ne fait pas que donner \u00e0 cette cascade une<br \/>\nesth\u00e9tique \u00e9l\u00e9gante, elle la prot\u00e8ge \u00e9galement des agressions ext\u00e9rieures. Le colisage est<br \/>\n\u00e9galement r\u00e9alis\u00e9 en acier inoxydable AISI-316, garantissant la coh\u00e9rence de qualit\u00e9 et de<br \/>\ndurabilit\u00e9.<br \/>\nAstralpool, une marque de renomm\u00e9e mondiale, vous pr\u00e9sente avec fiert\u00e9 la Cascade Bali<br \/>\nInox 316. Leur engagement envers la satisfaction du client est in\u00e9gal\u00e9, ce qui en fait une<br \/>\nmarque espagnole de confiance pour votre projet.<br \/>\nOptez pour la qualit\u00e9 espagnole et apportez une touche d&#8217;\u00e9l\u00e9gance \u00e0 votre jardin, terrasse<br \/>\nou piscine avec la Cascade Bali Inox 316 d&#8217;Astralpool. Transformez votre espace ext\u00e9rieur<br \/>\nen un lieu de d\u00e9tente \u00e9l\u00e9gant et r\u00e9sistant gr\u00e2ce \u00e0 cette pi\u00e8ce de qualit\u00e9 exceptionnelle.<\/p>\n<p>Marque : ASTRALPOOL<br \/>\nMarque made in : ESPAGNOL<br \/>\nVisitez notre page Facebook <a href=\"https:\/\/www.facebook.com\/STGEgroup\">STGEgroup <\/a>pour vous inspirer de nos r\u00e9alisations ou les<br \/>\nr\u00e9alisations des piscinistes qui nous font confiance.<\/p>\n","protected":false},"excerpt":{"rendered":"<p>D\u00e9couvrez la Cascade Bali Inox 316 d&#8217;Astralpool, une expression parfaite de l&#8217;\u00e9l\u00e9gance contemporaine en phase avec les tendances actuelles du march\u00e9 de la d\u00e9coration ext\u00e9rieure. Cette cascade offre une fusion gracieuse de satin et de vernis, s&#8217;adaptant harmonieusement \u00e0 une vari\u00e9t\u00e9 d&#8217;environnements, des espaces rustiques aux d\u00e9cors les plus modernes. Fabriqu\u00e9e avec de l&#8217;acier inoxydable [&hellip;]<\/p>\n","protected":false},"featured_media":305,"comment_status":"open","ping_status":"closed","template":"","meta":[],"product_cat":[15],"product_tag":[],"class_list":{"0":"post-284","1":"product","2":"type-product","3":"status-publish","4":"has-post-thumbnail","6":"product_cat-uncategorized","8":"first","9":"instock","10":"shipping-taxable","11":"product-type-simple"},"jetpack_sharing_enabled":true,"_links":{"self":[{"href":"https:\/\/piscinemarket.piscinetunisie.com\/index.php?rest_route=\/wp\/v2\/product\/284","targetHints":{"allow":["GET"]}}],"collection":[{"href":"https:\/\/piscinemarket.piscinetunisie.com\/index.php?rest_route=\/wp\/v2\/product"}],"about":[{"href":"https:\/\/piscinemarket.piscinetunisie.com\/index.php?rest_route=\/wp\/v2\/types\/product"}],"replies":[{"embeddable":true,"href":"https:\/\/piscinemarket.piscinetunisie.com\/index.php?rest_route=%2Fwp%2Fv2%2Fcomments&post=284"}],"wp:featuredmedia":[{"embeddable":true,"href":"https:\/\/piscinemarket.piscinetunisie.com\/index.php?rest_route=\/wp\/v2\/media\/305"}],"wp:attachment":[{"href":"https:\/\/piscinemarket.piscinetunisie.com\/index.php?rest_route=%2Fwp%2Fv2%2Fmedia&parent=284"}],"wp:term":[{"taxonomy":"product_cat","embeddable":true,"href":"https:\/\/piscinemarket.piscinetunisie.com\/index.php?rest_route=%2Fwp%2Fv2%2Fproduct_cat&post=284"},{"taxonomy":"product_tag","embeddable":true,"href":"https:\/\/piscinemarket.piscinetunisie.com\/index.php?rest_route=%2Fwp%2Fv2%2Fproduct_tag&post=284"}],"curies":[{"name":"wp","href":"https:\/\/api.w.org\/{rel}","templated":true}]}}