{"id":283,"date":"2024-05-15T15:32:16","date_gmt":"2024-05-15T15:32:16","guid":{"rendered":"https:\/\/piscinemarket.piscinetunisie.com\/?post_type=product&#038;p=283"},"modified":"2024-05-15T15:32:35","modified_gmt":"2024-05-15T15:32:35","slug":"import-placeholder-for-1306","status":"publish","type":"product","link":"https:\/\/piscinemarket.piscinetunisie.com\/?product=import-placeholder-for-1306","title":{"rendered":"Import placeholder for 1306"},"content":{"rendered":"<p><span style=\"font-family: arial, sans-serif;\">H2O Clean permet un traitement de vos piscines de mani\u00e8re 100% naturelle, avec la certitude d\u2019une eau saine parfaitement trait\u00e9e.<\/span><\/p>\n<p><span style=\"font-family: arial, sans-serif;\">Les pastilles H2O Clean permettent \u00e9galement d\u2019obtenir une eau parfaitement adoucie, la s\u00e9curit\u00e9 pour vos adoucisseurs et la garantie d\u2019un sel tr\u00e8s pur, sans additif.<\/span><\/p>\n<p><span style=\"font-family: arial, sans-serif;\">Les pastilles d\u2019H2O Clean ont une dissolution optimale : 120 minutes pour atteindre la densit\u00e9 maximale de 1200 kg\/m3.<\/span><\/p>\n<p><span style=\"font-family: arial, sans-serif;\">H2O Clean est conforme aux trois normes europ\u00e9ennes en :<br \/>\n16401 : utilisation pour l\u2019\u00e9lectrolyse de piscine<br \/>\n973 : utilisation pour l\u2019adoucissement de l\u2019eau<br \/>\n14805 : utilisation pour le traitement de l\u2019eau, un taux de m\u00e9taux lourds tr\u00e8s faible par rapport aux exigences de la norme<\/span><\/p>\n<p><span style=\"font-family: arial, sans-serif;\">H2O Clean est une pastille cylindrique fabriqu\u00e9e sous haute pression pour une solidit\u00e9 extr\u00eame.<\/span><\/p>\n<h6>Application<\/h6>\n<p><span style=\"font-family: arial, sans-serif;\">Electrolyse pour piscine :<br \/>\nL\u2019eau de piscine sal\u00e9e passe \u00e0 travers la cellule de l\u2019\u00e9lectrolyseur, le sel est alors transform\u00e9 en hypochlorite de sodium, un d\u00e9sinfectant puissant aussi appel\u00e9 chlore naturel. L\u2019eau de piscine contenant l\u2019hypochlorite de sodium rejoint le bassin o\u00f9 l\u2019action des UV va transformer l\u2019hypochlorite de sodium en chlorure de sodium. Le proc\u00e9d\u00e9 peut ainsi recommencer ind\u00e9finiment.<\/span><\/p>\n<p><span style=\"font-family: arial, sans-serif;\">Adoucissement de l\u2019eau :<br \/>\nL\u2019adoucissement de l\u2019eau consiste en une \u00e9limination totale ou partielle des ions alcalino-terreux responsables de la duret\u00e9 de l\u2019eau. Cette \u00e9limination repose sur l\u2019\u00e9change d\u2019ions. Les ions contenus dans l\u2019eau sont retenus par la r\u00e9sine pour \u00eatre remplac\u00e9s par une quantit\u00e9 \u00e9quivalente d\u2019autres ions. En l\u2019occurrence les ions Calcium et Magn\u00e9sium sont remplac\u00e9s par des ions sodium.H2O Clean :<br \/>\nFormule chimique : NaCl<br \/>\nPuret\u00e9 : 99,8% de NaCl<br \/>\nConditionnement : 25 kg, palette 80 x 120 (1 tonne)<br \/>\nType de sel : sel vacuum (sel raffin\u00e9)<br \/>\nDimension : 25 x 17 mm<br \/>\nDur\u00e9e d\u2019utilisation : 3 ans \u00e0 partir de la date de fabrication<br \/>\nAutre : sans anti-mottant<br \/>\nMasse volumique : 1100 kg\/m3<br \/>\nTemps de dissolution : 120 minutes pour atteindre la densit\u00e9 maximale de 1200 kg\/m3<\/span><\/p>\n<p><strong>Marque : <\/strong> <a href=\"https:\/\/www.piscinetunisie.com\/astralpool-tunis\/\">ASTRALPOOL<\/a><br \/>\n<strong>Marque made in : <\/strong> ESPAGNOL<\/p>\n","protected":false},"excerpt":{"rendered":"<p>H2O Clean permet un traitement de vos piscines de mani\u00e8re 100% naturelle, avec la certitude d\u2019une eau saine parfaitement trait\u00e9e. Les pastilles H2O Clean permettent \u00e9galement d\u2019obtenir une eau parfaitement adoucie, la s\u00e9curit\u00e9 pour vos adoucisseurs et la garantie d\u2019un sel tr\u00e8s pur, sans additif. Les pastilles d\u2019H2O Clean ont une dissolution optimale : 120 [&hellip;]<\/p>\n","protected":false},"featured_media":303,"comment_status":"open","ping_status":"closed","template":"","meta":[],"product_cat":[15],"product_tag":[],"class_list":{"0":"post-283","1":"product","2":"type-product","3":"status-publish","4":"has-post-thumbnail","6":"product_cat-uncategorized","8":"first","9":"instock","10":"shipping-taxable","11":"product-type-simple"},"jetpack_sharing_enabled":true,"_links":{"self":[{"href":"https:\/\/piscinemarket.piscinetunisie.com\/index.php?rest_route=\/wp\/v2\/product\/283","targetHints":{"allow":["GET"]}}],"collection":[{"href":"https:\/\/piscinemarket.piscinetunisie.com\/index.php?rest_route=\/wp\/v2\/product"}],"about":[{"href":"https:\/\/piscinemarket.piscinetunisie.com\/index.php?rest_route=\/wp\/v2\/types\/product"}],"replies":[{"embeddable":true,"href":"https:\/\/piscinemarket.piscinetunisie.com\/index.php?rest_route=%2Fwp%2Fv2%2Fcomments&post=283"}],"wp:featuredmedia":[{"embeddable":true,"href":"https:\/\/piscinemarket.piscinetunisie.com\/index.php?rest_route=\/wp\/v2\/media\/303"}],"wp:attachment":[{"href":"https:\/\/piscinemarket.piscinetunisie.com\/index.php?rest_route=%2Fwp%2Fv2%2Fmedia&parent=283"}],"wp:term":[{"taxonomy":"product_cat","embeddable":true,"href":"https:\/\/piscinemarket.piscinetunisie.com\/index.php?rest_route=%2Fwp%2Fv2%2Fproduct_cat&post=283"},{"taxonomy":"product_tag","embeddable":true,"href":"https:\/\/piscinemarket.piscinetunisie.com\/index.php?rest_route=%2Fwp%2Fv2%2Fproduct_tag&post=283"}],"curies":[{"name":"wp","href":"https:\/\/api.w.org\/{rel}","templated":true}]}}