{"id":282,"date":"2024-05-15T15:32:16","date_gmt":"2024-05-15T15:32:16","guid":{"rendered":"https:\/\/piscinemarket.piscinetunisie.com\/?post_type=product&#038;p=282"},"modified":"2024-05-15T15:32:30","modified_gmt":"2024-05-15T15:32:30","slug":"import-placeholder-for-1304","status":"publish","type":"product","link":"https:\/\/piscinemarket.piscinetunisie.com\/?product=import-placeholder-for-1304","title":{"rendered":"Import placeholder for 1304"},"content":{"rendered":"<h5>Thermom\u00e8tre BLUE LINE<\/h5>\n<p>Petit mod\u00e8le pour piscine : l&#8217;alliance parfaite de la pr\u00e9cision, du<br \/>\nstyle et de la fiabilit\u00e9 !<br \/>\nSi vous \u00eates \u00e0 la recherche d&#8217;un thermom\u00e8tre de qualit\u00e9 pour votre piscine, ne cherchez pas<br \/>\nplus loin ! Le Thermom\u00e8tre BLUE LINE Petit mod\u00e8le est sp\u00e9cialement con\u00e7u pour r\u00e9pondre<br \/>\n\u00e0 vos besoins. Dot\u00e9 de caract\u00e9ristiques uniques et d&#8217;une fabrication exceptionnelle, ce<br \/>\nthermom\u00e8tre est un incontournable pour tous les propri\u00e9taires de piscine soucieux de la<br \/>\npr\u00e9cision et de l&#8217;esth\u00e9tique.<br \/>\nLe Thermom\u00e8tre BLUE LINE Petit mod\u00e8le est disponible en 6 mod\u00e8les diff\u00e9rents : canard,<br \/>\ndauphin, grenouille et baleine. Quel que soit votre style ou vos pr\u00e9f\u00e9rences, vous trouverez<br \/>\ncertainement un mod\u00e8le qui correspond \u00e0 votre personnalit\u00e9 et qui ajoutera une touche de<br \/>\ncharme et d&#8217;amusement \u00e0 votre piscine.<br \/>\nL&#8217;un des points forts de ce thermom\u00e8tre est sa capacit\u00e9 \u00e0 mesurer la temp\u00e9rature de l&#8217;eau<br \/>\nde votre piscine \u00e0 la fois en degr\u00e9s Celsius et Fahrenheit. Ainsi, vous avez la flexibilit\u00e9 de<br \/>\nchoisir l&#8217;unit\u00e9 de mesure qui vous convient le mieux, selon vos pr\u00e9f\u00e9rences et habitudes de<br \/>\nmesure.<br \/>\nLorsque vous optez pour le Thermom\u00e8tre BLUE LINE Petit mod\u00e8le, vous misez sur la<br \/>\nqualit\u00e9 et la fiabilit\u00e9 de la marque ASTRALPOOL, une marque espagnole renomm\u00e9e dans<br \/>\nl&#8217;industrie de la piscine. Les produits ASTRALPOOL sont r\u00e9put\u00e9s pour leur durabilit\u00e9 et leur<br \/>\nperformance, garantissant une utilisation prolong\u00e9e et une pr\u00e9cision constante au fil du<br \/>\ntemps.<br \/>\nNe laissez pas la temp\u00e9rature de votre piscine devenir un myst\u00e8re ! Optez pour le<br \/>\nThermom\u00e8tre BLUE LINE Petit mod\u00e8le pour piscine et profitez d&#8217;un outil pratique, pr\u00e9cis et<br \/>\nesth\u00e9tique pour mesurer la temp\u00e9rature de votre eau. Faites confiance \u00e0 la marque<br \/>\nASTRALPOOL et \u00e0 notre expertise pour garantir la qualit\u00e9 de votre exp\u00e9rience de baignade,<br \/>\ntout en ajoutant une touche de style unique \u00e0 votre oasis aquatique.<\/p>\n<h5>\nPlus de details<\/h5>\n<p>Visitez <a href=\"https:\/\/www.facebook.com\/STGEgroup\/\">notre page Facebook<\/a> pour vous inspirer de nos r\u00e9alisations ou les r\u00e9alisations des piscinistes qui nous font confiance.<\/p>\n<p><strong>Marque : <\/strong> <a href=\"https:\/\/www.piscinetunisie.com\/astralpool-tunis\/\">ASTRALPOOL<\/a><br \/>\n<strong>Marque Made in\u00a0: <\/strong>ESPAGNOL<\/p>\n","protected":false},"excerpt":{"rendered":"<p>Thermom\u00e8tre BLUE LINE Petit mod\u00e8le pour piscine : l&#8217;alliance parfaite de la pr\u00e9cision, du style et de la fiabilit\u00e9 ! Si vous \u00eates \u00e0 la recherche d&#8217;un thermom\u00e8tre de qualit\u00e9 pour votre piscine, ne cherchez pas plus loin ! Le Thermom\u00e8tre BLUE LINE Petit mod\u00e8le est sp\u00e9cialement con\u00e7u pour r\u00e9pondre \u00e0 vos besoins. Dot\u00e9 de [&hellip;]<\/p>\n","protected":false},"featured_media":299,"comment_status":"open","ping_status":"closed","template":"","meta":[],"product_cat":[15],"product_tag":[],"class_list":{"0":"post-282","1":"product","2":"type-product","3":"status-publish","4":"has-post-thumbnail","6":"product_cat-uncategorized","8":"first","9":"instock","10":"shipping-taxable","11":"product-type-simple"},"jetpack_sharing_enabled":true,"_links":{"self":[{"href":"https:\/\/piscinemarket.piscinetunisie.com\/index.php?rest_route=\/wp\/v2\/product\/282","targetHints":{"allow":["GET"]}}],"collection":[{"href":"https:\/\/piscinemarket.piscinetunisie.com\/index.php?rest_route=\/wp\/v2\/product"}],"about":[{"href":"https:\/\/piscinemarket.piscinetunisie.com\/index.php?rest_route=\/wp\/v2\/types\/product"}],"replies":[{"embeddable":true,"href":"https:\/\/piscinemarket.piscinetunisie.com\/index.php?rest_route=%2Fwp%2Fv2%2Fcomments&post=282"}],"wp:featuredmedia":[{"embeddable":true,"href":"https:\/\/piscinemarket.piscinetunisie.com\/index.php?rest_route=\/wp\/v2\/media\/299"}],"wp:attachment":[{"href":"https:\/\/piscinemarket.piscinetunisie.com\/index.php?rest_route=%2Fwp%2Fv2%2Fmedia&parent=282"}],"wp:term":[{"taxonomy":"product_cat","embeddable":true,"href":"https:\/\/piscinemarket.piscinetunisie.com\/index.php?rest_route=%2Fwp%2Fv2%2Fproduct_cat&post=282"},{"taxonomy":"product_tag","embeddable":true,"href":"https:\/\/piscinemarket.piscinetunisie.com\/index.php?rest_route=%2Fwp%2Fv2%2Fproduct_tag&post=282"}],"curies":[{"name":"wp","href":"https:\/\/api.w.org\/{rel}","templated":true}]}}