{"id":277,"date":"2024-05-15T15:32:16","date_gmt":"2024-05-15T15:32:16","guid":{"rendered":"https:\/\/piscinemarket.piscinetunisie.com\/?post_type=product&#038;p=277"},"modified":"2024-05-15T15:37:19","modified_gmt":"2024-05-15T15:37:19","slug":"import-placeholder-for-1298","status":"publish","type":"product","link":"https:\/\/piscinemarket.piscinetunisie.com\/?product=import-placeholder-for-1298","title":{"rendered":"Import placeholder for 1298"},"content":{"rendered":"<p>PH pour piscine COMPOSITION :<a href=\"https:\/\/en.wikipedia.org\/wiki\/Sodium_bisulfate#:~:text=Sodium%20bisulfate%2C%20also%20known%20as,the%20molecular%20formula%20NaHSO4.\"> Bisulfate de sodium(NaHSO4)<\/a><\/p>\n<p>FORMULE CHIMIQUE : N a HSO 4<br \/>\nCAS No.: 7681-38-1<\/p>\n<p>CARACTERISTIQUES :<\/p>\n<p>&#8211; Aspect : Granul\u00e9 blanc<br \/>\n&#8211; Solubilit\u00e9 en eau \u00e0 25\u00b0 C : 280 g \/ l<br \/>\n&#8211; Densit\u00e9 : 1,4 kg \/ l<\/p>\n<p><img loading=\"lazy\" decoding=\"async\" class=\"alignnone size-medium wp-image-1302\" src=\"https:\/\/piscinetunisie.com\/wp-content\/uploads\/2022\/02\/Capture-300x93.png\" alt=\"\" width=\"300\" height=\"93\" \/><br \/>\nEMPLOI ET DOSAGE<br \/>\nC\u2019est un agent abaisseur du p H de l\u2019eau de piscines.<\/p>\n<p>Le PH pour piscine (-) poudre peut \u00eatre ajout\u00e9 directement dans le bassin, mais en dehors des heures de baignade.<\/p>\n<p>Le dosage varie selon l\u2019alcalinit\u00e9 de l\u2019eau, normalement pour abaisser le pH de 0, 1 (7,7 \u00e0 7,6 par exemple) ; Il faut ajouter :<\/p>\n<p>1 kg par 100 m\u00b3 d\u2019eau de piscine<br \/>\nV\u00e9rifiez le pH de l\u2019eau de votre piscine<\/p>\n<p>Il convient de v\u00e9rifier le pH de l\u2019eau au moins chaque semaine.<\/p>\n<p>Plusieurs techniques existent :<\/p>\n<p>La plus simple est d\u2019utiliser un pH-m\u00e8tre \u00e9lectronique : vous le plongez dans l\u2019eau et lisez le r\u00e9sultat sur un petit \u00e9cran.<\/p>\n<p>Il existe \u00e9galement des testeurs de pH colorim\u00e9triques, sous forme de comprim\u00e9s, de r\u00e9actifs liquides ou de bandelettes test (le papier pH pour piscine ou rouge de ph\u00e9nol pour piscine par exemple). L\u2019eau r\u00e9agit \u00e0 un produit particulier et une ou plusieurs couleurs apparaissent sur le testeur : ces couleurs vous indiquent le pH.<\/p>\n<p>Les tests doivent \u00eatre fait avec attention et pr\u00e9cision. Il convient d\u2019attendre le temps recommand\u00e9 et de ne rien faire qui fausserait les r\u00e9sultats :<\/p>\n<p>Faites les tests pH au sec,<\/p>\n<p>il ne faut pas\u00a0 :<\/p>\n<p>secouez\u00a0 les produits testeurs (bandelettes ou comprim\u00e9s),<br \/>\ntouchez\u00a0 avec les doigts,<br \/>\nlaissez\u00a0 vos produits au soleil,<br \/>\nutilisez\u00a0 de testeurs p\u00e9rim\u00e9s : v\u00e9rifiez la date d\u2019expiration des produits.<\/p>\n<p>Si vous n\u2019\u00eates pas s\u00fbr du pH de votre piscine, il vaut mieux refaire un test avant de commencer un traitement.<\/p>\n<p><strong>Marque : <\/strong> <a href=\"https:\/\/www.piscinetunisie.com\/xaka-products\/\">XAKA<\/a><br \/>\nMarque made in :ESPAGNOL<\/p>\n","protected":false},"excerpt":{"rendered":"<p>PH pour piscine COMPOSITION : Bisulfate de sodium(NaHSO4) FORMULE CHIMIQUE : N a HSO 4 CAS No.: 7681-38-1 CARACTERISTIQUES : &#8211; Aspect : Granul\u00e9 blanc &#8211; Solubilit\u00e9 en eau \u00e0 25\u00b0 C : 280 g \/ l &#8211; Densit\u00e9 : 1,4 kg \/ l EMPLOI ET DOSAGE C\u2019est un agent abaisseur du p H de [&hellip;]<\/p>\n","protected":false},"featured_media":295,"comment_status":"open","ping_status":"closed","template":"","meta":[],"product_cat":[15],"product_tag":[],"class_list":{"0":"post-277","1":"product","2":"type-product","3":"status-publish","4":"has-post-thumbnail","6":"product_cat-uncategorized","8":"first","9":"instock","10":"shipping-taxable","11":"product-type-variable"},"jetpack_sharing_enabled":true,"_links":{"self":[{"href":"https:\/\/piscinemarket.piscinetunisie.com\/index.php?rest_route=\/wp\/v2\/product\/277","targetHints":{"allow":["GET"]}}],"collection":[{"href":"https:\/\/piscinemarket.piscinetunisie.com\/index.php?rest_route=\/wp\/v2\/product"}],"about":[{"href":"https:\/\/piscinemarket.piscinetunisie.com\/index.php?rest_route=\/wp\/v2\/types\/product"}],"replies":[{"embeddable":true,"href":"https:\/\/piscinemarket.piscinetunisie.com\/index.php?rest_route=%2Fwp%2Fv2%2Fcomments&post=277"}],"wp:featuredmedia":[{"embeddable":true,"href":"https:\/\/piscinemarket.piscinetunisie.com\/index.php?rest_route=\/wp\/v2\/media\/295"}],"wp:attachment":[{"href":"https:\/\/piscinemarket.piscinetunisie.com\/index.php?rest_route=%2Fwp%2Fv2%2Fmedia&parent=277"}],"wp:term":[{"taxonomy":"product_cat","embeddable":true,"href":"https:\/\/piscinemarket.piscinetunisie.com\/index.php?rest_route=%2Fwp%2Fv2%2Fproduct_cat&post=277"},{"taxonomy":"product_tag","embeddable":true,"href":"https:\/\/piscinemarket.piscinetunisie.com\/index.php?rest_route=%2Fwp%2Fv2%2Fproduct_tag&post=277"}],"curies":[{"name":"wp","href":"https:\/\/api.w.org\/{rel}","templated":true}]}}