{"id":275,"date":"2024-05-15T15:32:15","date_gmt":"2024-05-15T15:32:15","guid":{"rendered":"https:\/\/piscinemarket.piscinetunisie.com\/?post_type=product&#038;p=275"},"modified":"2024-05-15T15:32:24","modified_gmt":"2024-05-15T15:32:24","slug":"import-placeholder-for-1296","status":"publish","type":"product","link":"https:\/\/piscinemarket.piscinetunisie.com\/?product=import-placeholder-for-1296","title":{"rendered":"Import placeholder for 1296"},"content":{"rendered":"<h5>FLovil choc 12 Pastilles &#8211; Le Floculant Choc ultra<\/h5>\n<p>concentr\u00e9 pour la purification des eaux de<br \/>\npiscines<br \/>\nLe Floculant Choc FLovil est un produit r\u00e9volutionnaire con\u00e7u pour \u00e9liminer efficacement les<br \/>\nparticules polluantes pr\u00e9sentes dans l&#8217;eau de votre piscine. Gr\u00e2ce \u00e0 sa formule calorifiante<br \/>\nultra concentr\u00e9e, il agglom\u00e8re ces particules ind\u00e9sirables, facilitant ainsi leur \u00e9limination par<br \/>\nle filtre \u00e0 sable.<br \/>\nL&#8217;utilisation du Floculant Choc dans votre syst\u00e8me de traitement de l&#8217;eau am\u00e9liore<br \/>\nconsid\u00e9rablement la finesse de filtration et clarifie l&#8217;eau de votre piscine. Vous pouvez ainsi<br \/>\nprofiter d&#8217;une eau cristalline et d&#8217;une exp\u00e9rience de baignade agr\u00e9able.<br \/>\nPour obtenir des r\u00e9sultats optimaux, nous vous recommandons les dosages suivants :<br \/>\n&#8211; Traitement permanent : Pour un entretien r\u00e9gulier, il vous suffit de d\u00e9poser une pastille de<br \/>\nFLovil choc par semaine dans le panier du skimmer, pour chaque tranche de 50 m3 d&#8217;eau de<br \/>\npiscine.<br \/>\n&#8211; Traitement choc : Si vous souhaitez effectuer un traitement plus intense, notamment en<br \/>\ncas de forte pollution de l&#8217;eau, nous vous conseillons d&#8217;utiliser deux pastilles de FLovil choc<br \/>\npar tranche de 50 m3 d&#8217;eau de piscine.<br \/>\nFLovil choc est un produit de qualit\u00e9 sup\u00e9rieure qui vous permettra de maintenir votre<br \/>\npiscine propre et saine. Son efficacit\u00e9 a \u00e9t\u00e9 prouv\u00e9e dans de nombreuses situations, et il est<br \/>\nlargement utilis\u00e9 par les propri\u00e9taires de piscines soucieux de la qualit\u00e9 de leur eau.<br \/>\nPour vous inspirer davantage, n&#8217;h\u00e9sitez pas \u00e0 visiter notre page Facebook. Vous y trouverez<br \/>\ndes r\u00e9alisations impressionnantes effectu\u00e9es par nos clients et les piscinistes qui nous font<br \/>\nconfiance. C&#8217;est une excellente source d&#8217;id\u00e9es et de conseils pour cr\u00e9er la piscine de vos<br \/>\nr\u00eaves.<br \/>\nN&#8217;h\u00e9sitez pas \u00e0 choisir FLovil choc 12 Pastilles pour une purification optimale de votre<br \/>\npiscine. Profitez d&#8217;une eau propre, saine et agr\u00e9able gr\u00e2ce \u00e0 ce floculant puissant.<\/p>\n<h5>Plus de details<\/h5>\n<p>Rejoignez notre communaut\u00e9 sur Facebook et soyez inspir\u00e9 par nos r\u00e9alisations et celles de<br \/>\nnos partenaires piscinistes.<\/p>\n<p><strong>Marque : <\/strong> CRISTALIS<br \/>\n<strong>Marque made in : <\/strong> France<\/p>\n","protected":false},"excerpt":{"rendered":"<p>FLovil choc 12 Pastilles &#8211; Le Floculant Choc ultra concentr\u00e9 pour la purification des eaux de piscines Le Floculant Choc FLovil est un produit r\u00e9volutionnaire con\u00e7u pour \u00e9liminer efficacement les particules polluantes pr\u00e9sentes dans l&#8217;eau de votre piscine. Gr\u00e2ce \u00e0 sa formule calorifiante ultra concentr\u00e9e, il agglom\u00e8re ces particules ind\u00e9sirables, facilitant ainsi leur \u00e9limination par [&hellip;]<\/p>\n","protected":false},"featured_media":293,"comment_status":"open","ping_status":"closed","template":"","meta":[],"product_cat":[15],"product_tag":[],"class_list":{"0":"post-275","1":"product","2":"type-product","3":"status-publish","4":"has-post-thumbnail","6":"product_cat-uncategorized","8":"first","9":"instock","10":"shipping-taxable","11":"product-type-simple"},"jetpack_sharing_enabled":true,"_links":{"self":[{"href":"https:\/\/piscinemarket.piscinetunisie.com\/index.php?rest_route=\/wp\/v2\/product\/275","targetHints":{"allow":["GET"]}}],"collection":[{"href":"https:\/\/piscinemarket.piscinetunisie.com\/index.php?rest_route=\/wp\/v2\/product"}],"about":[{"href":"https:\/\/piscinemarket.piscinetunisie.com\/index.php?rest_route=\/wp\/v2\/types\/product"}],"replies":[{"embeddable":true,"href":"https:\/\/piscinemarket.piscinetunisie.com\/index.php?rest_route=%2Fwp%2Fv2%2Fcomments&post=275"}],"wp:featuredmedia":[{"embeddable":true,"href":"https:\/\/piscinemarket.piscinetunisie.com\/index.php?rest_route=\/wp\/v2\/media\/293"}],"wp:attachment":[{"href":"https:\/\/piscinemarket.piscinetunisie.com\/index.php?rest_route=%2Fwp%2Fv2%2Fmedia&parent=275"}],"wp:term":[{"taxonomy":"product_cat","embeddable":true,"href":"https:\/\/piscinemarket.piscinetunisie.com\/index.php?rest_route=%2Fwp%2Fv2%2Fproduct_cat&post=275"},{"taxonomy":"product_tag","embeddable":true,"href":"https:\/\/piscinemarket.piscinetunisie.com\/index.php?rest_route=%2Fwp%2Fv2%2Fproduct_tag&post=275"}],"curies":[{"name":"wp","href":"https:\/\/api.w.org\/{rel}","templated":true}]}}