{"id":271,"date":"2024-05-15T15:32:15","date_gmt":"2024-05-15T15:32:15","guid":{"rendered":"https:\/\/piscinemarket.piscinetunisie.com\/?post_type=product&#038;p=271"},"modified":"2024-05-15T15:32:40","modified_gmt":"2024-05-15T15:32:40","slug":"import-placeholder-for-1292","status":"publish","type":"product","link":"https:\/\/piscinemarket.piscinetunisie.com\/?product=import-placeholder-for-1292","title":{"rendered":"Import placeholder for 1292"},"content":{"rendered":"<h5>Floculant :<\/h5>\n<p>Am\u00e9liore le rendement du filtre, facilite le nettoyage de l&#8217;eau et offre une eau<br \/>\ncristalline pour votre piscine.<br \/>\nEnsuite le floculant est un produit essentiel pour maintenir la clart\u00e9 de l&#8217;eau de votre piscine et<br \/>\nam\u00e9liorer l&#8217;efficacit\u00e9 de votre syst\u00e8me de filtration. toutefois en favorisant l&#8217;agr\u00e9gation des particules<br \/>\nfines.<\/p>\n<p>le floculant permet de les regrouper en des particules plus grosses qui peuvent ensuite \u00eatre facilement captur\u00e9es par le filtre. Cette m\u00e9thode de traitement est<br \/>\nparticuli\u00e8rement recommand\u00e9e lorsque la filtration seule ne parvient pas \u00e0 pr\u00e9venir la<br \/>\nformation de particules flottante. Ce qui se traduit par une eau trouble.<\/p>\n<p>La floculation est un processus chimique qui se produit lorsqu&#8217;un floculant est ajout\u00e9 \u00e0 l&#8217;eau<br \/>\nde la piscine. Ce produit agit en attirant les particules invisibles \u00e0 l&#8217;\u0153il humain et en les<br \/>\nrassemblant pour former des agr\u00e9gats plus volumineux et facilitant ainsi leur \u00e9limination par le<br \/>\nsyst\u00e8me de filtration. En \u00e9liminant ces particules, le floculant contribue \u00e0 am\u00e9liorer la qualit\u00e9<br \/>\nde l&#8217;eau en \u00e9liminant la turbidit\u00e9 et en lui donnant une apparence cristalline.<\/p>\n<p>Car il est disponible sous forme liquide, le floculant peut \u00eatre utilis\u00e9 pour clarifier l&#8217;eau de votre<br \/>\npiscine. Il est recommand\u00e9 d&#8217;utiliser la quantit\u00e9 appropri\u00e9e en fonction du volume d&#8217;eau \u00e0<br \/>\ntraiter. En agissant sur les particules collo\u00efdales responsables de la turbidit\u00e9.<\/p>\n<p>Si bien que le floculant permet d&#8217;obtenir une eau claire et transparente, offrant ainsi une exp\u00e9rience de baignade<br \/>\nagr\u00e9able et hygi\u00e9nique.<\/p>\n<p>Si votre eau de piscine pr\u00e9sente une turbidit\u00e9 persistante malgr\u00e9 une filtration r\u00e9guli\u00e8re,<br \/>\nl&#8217;ajout d&#8217;un floculant peut \u00eatre une solution efficace pour am\u00e9liorer la situation. Il est<br \/>\nimportant de suivre les instructions d&#8217;utilisation du floculant et de maintenir un bon \u00e9quilibre<br \/>\nchimique dans votre piscine pour obtenir les meilleurs r\u00e9sultats.<\/p>\n<p>sinon il ne laissez pas des particules flottantes g\u00e2cher le plaisir de la baignade dans votre piscine.<br \/>\nUtilisez un floculant pour am\u00e9liorer l&#8217;efficacit\u00e9 de votre syst\u00e8me de filtration et obtenir une<br \/>\neau d&#8217;une puret\u00e9 cristalline. Consultez un professionnel ou un sp\u00e9cialiste des produits de<br \/>\ntraitement de l&#8217;eau de piscine pour obtenir des recommandations sp\u00e9cifiques \u00e0 votre<br \/>\nsituation.<\/p>\n<h5>Plus de details<\/h5>\n<p>Rejoignez notre communaut\u00e9 sur Facebook et soyez inspir\u00e9 par nos r\u00e9alisations et celles de<br \/>\nnos partenaires piscinistes.<\/p>\n<p><strong>Marque : <\/strong> <a href=\"https:\/\/xakaproducts.com\/fr\/\">XAKA<\/a><br \/>\nMarque made in :ESPAGNOL<\/p>\n","protected":false},"excerpt":{"rendered":"<p>Floculant : Am\u00e9liore le rendement du filtre, facilite le nettoyage de l&#8217;eau et offre une eau cristalline pour votre piscine. Ensuite le floculant est un produit essentiel pour maintenir la clart\u00e9 de l&#8217;eau de votre piscine et am\u00e9liorer l&#8217;efficacit\u00e9 de votre syst\u00e8me de filtration. toutefois en favorisant l&#8217;agr\u00e9gation des particules fines. le floculant permet de [&hellip;]<\/p>\n","protected":false},"featured_media":292,"comment_status":"open","ping_status":"closed","template":"","meta":[],"product_cat":[15],"product_tag":[],"class_list":{"0":"post-271","1":"product","2":"type-product","3":"status-publish","4":"has-post-thumbnail","6":"product_cat-uncategorized","8":"first","9":"instock","10":"shipping-taxable","11":"product-type-variable"},"jetpack_sharing_enabled":true,"_links":{"self":[{"href":"https:\/\/piscinemarket.piscinetunisie.com\/index.php?rest_route=\/wp\/v2\/product\/271","targetHints":{"allow":["GET"]}}],"collection":[{"href":"https:\/\/piscinemarket.piscinetunisie.com\/index.php?rest_route=\/wp\/v2\/product"}],"about":[{"href":"https:\/\/piscinemarket.piscinetunisie.com\/index.php?rest_route=\/wp\/v2\/types\/product"}],"replies":[{"embeddable":true,"href":"https:\/\/piscinemarket.piscinetunisie.com\/index.php?rest_route=%2Fwp%2Fv2%2Fcomments&post=271"}],"wp:featuredmedia":[{"embeddable":true,"href":"https:\/\/piscinemarket.piscinetunisie.com\/index.php?rest_route=\/wp\/v2\/media\/292"}],"wp:attachment":[{"href":"https:\/\/piscinemarket.piscinetunisie.com\/index.php?rest_route=%2Fwp%2Fv2%2Fmedia&parent=271"}],"wp:term":[{"taxonomy":"product_cat","embeddable":true,"href":"https:\/\/piscinemarket.piscinetunisie.com\/index.php?rest_route=%2Fwp%2Fv2%2Fproduct_cat&post=271"},{"taxonomy":"product_tag","embeddable":true,"href":"https:\/\/piscinemarket.piscinetunisie.com\/index.php?rest_route=%2Fwp%2Fv2%2Fproduct_tag&post=271"}],"curies":[{"name":"wp","href":"https:\/\/api.w.org\/{rel}","templated":true}]}}