{"id":263,"date":"2024-05-15T15:32:14","date_gmt":"2024-05-15T15:32:14","guid":{"rendered":"https:\/\/piscinemarket.piscinetunisie.com\/?post_type=product&#038;p=263"},"modified":"2024-05-15T15:32:40","modified_gmt":"2024-05-15T15:32:40","slug":"import-placeholder-for-1284","status":"publish","type":"product","link":"https:\/\/piscinemarket.piscinetunisie.com\/?product=import-placeholder-for-1284","title":{"rendered":"Import placeholder for 1284"},"content":{"rendered":"<p>Les galets de chlore\u00a0 multifonction (Chlore piscine Tunisie) sont parfaitement adapt\u00e9s au traitement et au maintien \u00e0 votre piscine.<\/p>\n<p>Emball\u00e9s individuellement, ils sont faciles \u00e0 utiliser et \u00e0 doser.<br \/>\nNos pastilles de chlore 5 en 1 ont un effet de soin sp\u00e9cial en 5 phases, qui r\u00e9gule la valeur du PH, d\u00e9sinfecte l&#8217;eau, contr\u00f4le les algues et clarifie l&#8217;eau gr\u00e2ce aux floculant.<br \/>\nLes galets multifonction sont un produit \u00e0 base de chlore organique, stabilis\u00e9 par de l&#8217;acide cyanurique .<\/p>\n<p>Ils aient une teneur en chlore actif d&#8217;au moins 86%<\/p>\n<p>les pastilles de chlore sont fabriqu\u00e9es selon les normes europ\u00e9ennes<\/p>\n<p>Demandez notre guide piscines GRATUIT et apprenez tout sur <a href=\"https:\/\/www.piscinetunisie.com\/product-category\/entretenir-sa-piscine\/\">l&#8217;entretien de votre piscine<\/a><br \/>\nDisponible :<br \/>\n-1 KG<br \/>\n-5 KG<br \/>\n-25 KG<\/p>\n<p>Le chlore multifonction\u00a0 (Chlore piscine Tunisie) est un produit de traitement de l&#8217;eau de piscine \u00e0 triple ou quadruple action .<\/p>\n<p>C&#8217;est pourquoi on le trouve \u00e9galement sous le nom de chlore multi-actions<\/p>\n<p>Il se pr\u00e9sente sous forme de galets ou de pastilles.<br \/>\nLe chlore multifonction permet \u00e0 la fois de d\u00e9sinfecter l&#8217;eau et de la rendre transparente<br \/>\nLe chlore multifonction comporte ainsi toute ou partie des traitements n\u00e9cessaires \u00e0 l&#8217;eau de votre bassin<\/p>\n<p><strong>Marque : <\/strong> <a href=\"https:\/\/xakaproducts.com\/fr\/\">XAKA<\/a><br \/>\nMarque made in :ESPAGNOL<\/p>\n","protected":false},"excerpt":{"rendered":"<p>Les galets de chlore\u00a0 multifonction (Chlore piscine Tunisie) sont parfaitement adapt\u00e9s au traitement et au maintien \u00e0 votre piscine. Emball\u00e9s individuellement, ils sont faciles \u00e0 utiliser et \u00e0 doser. Nos pastilles de chlore 5 en 1 ont un effet de soin sp\u00e9cial en 5 phases, qui r\u00e9gule la valeur du PH, d\u00e9sinfecte l&#8217;eau, contr\u00f4le les [&hellip;]<\/p>\n","protected":false},"featured_media":290,"comment_status":"open","ping_status":"closed","template":"","meta":[],"product_cat":[15],"product_tag":[],"class_list":{"0":"post-263","1":"product","2":"type-product","3":"status-publish","4":"has-post-thumbnail","6":"product_cat-uncategorized","8":"first","9":"instock","10":"shipping-taxable","11":"product-type-variable"},"jetpack_sharing_enabled":true,"_links":{"self":[{"href":"https:\/\/piscinemarket.piscinetunisie.com\/index.php?rest_route=\/wp\/v2\/product\/263","targetHints":{"allow":["GET"]}}],"collection":[{"href":"https:\/\/piscinemarket.piscinetunisie.com\/index.php?rest_route=\/wp\/v2\/product"}],"about":[{"href":"https:\/\/piscinemarket.piscinetunisie.com\/index.php?rest_route=\/wp\/v2\/types\/product"}],"replies":[{"embeddable":true,"href":"https:\/\/piscinemarket.piscinetunisie.com\/index.php?rest_route=%2Fwp%2Fv2%2Fcomments&post=263"}],"wp:featuredmedia":[{"embeddable":true,"href":"https:\/\/piscinemarket.piscinetunisie.com\/index.php?rest_route=\/wp\/v2\/media\/290"}],"wp:attachment":[{"href":"https:\/\/piscinemarket.piscinetunisie.com\/index.php?rest_route=%2Fwp%2Fv2%2Fmedia&parent=263"}],"wp:term":[{"taxonomy":"product_cat","embeddable":true,"href":"https:\/\/piscinemarket.piscinetunisie.com\/index.php?rest_route=%2Fwp%2Fv2%2Fproduct_cat&post=263"},{"taxonomy":"product_tag","embeddable":true,"href":"https:\/\/piscinemarket.piscinetunisie.com\/index.php?rest_route=%2Fwp%2Fv2%2Fproduct_tag&post=263"}],"curies":[{"name":"wp","href":"https:\/\/api.w.org\/{rel}","templated":true}]}}