{"id":247,"date":"2024-05-15T15:32:00","date_gmt":"2024-05-15T15:32:00","guid":{"rendered":"https:\/\/piscinemarket.piscinetunisie.com\/?post_type=product&#038;p=247"},"modified":"2024-05-15T15:37:19","modified_gmt":"2024-05-15T15:37:19","slug":"import-placeholder-for-1280","status":"publish","type":"product","link":"https:\/\/piscinemarket.piscinetunisie.com\/?product=import-placeholder-for-1280","title":{"rendered":"Import placeholder for 1280"},"content":{"rendered":"<h5>Chlore Granul\u00e9 :<\/h5>\n<p>Un Produit de D\u00e9sinfection Choc pour <a href=\"https:\/\/www.piscinetunisie.com\/\">Votre Piscine<\/a><br \/>\nLe Chlore Granul\u00e9 est un puissant d\u00e9sinfectant en granul\u00e9s sp\u00e9cialement con\u00e7u pour<br \/>\nassurer une d\u00e9sinfection choc efficace de l&#8217;eau de votre piscine. Ce produit est hautement<br \/>\nefficace pour \u00e9liminer les micro-organismes pr\u00e9sents dans l&#8217;eau de la piscine.<br \/>\nLa principale caract\u00e9ristique du Chlore Granul\u00e9 est sa capacit\u00e9 de dissolution rapide, ce qui<br \/>\nsignifie qu&#8217;il se dissout rapidement dans l&#8217;eau sans laisser de r\u00e9sidus ind\u00e9sirables. Avec une<br \/>\nteneur d&#8217;environ 56% de chlore stabilis\u00e9 et une composition \u00e0 base de DCCNA, ce produit<br \/>\noffre une d\u00e9sinfection puissante et durable pour votre piscine.<br \/>\nEn ce qui concerne les dosages recommand\u00e9s, pour une piscine priv\u00e9e lors de la mise en<br \/>\neau, il est recommand\u00e9 d&#8217;utiliser 150 g de Chlore Granul\u00e9 pour chaque 10 m3 d&#8217;eau. En cas<br \/>\nd&#8217;eau verte ou d&#8217;une situation n\u00e9cessitant un traitement choc, la quantit\u00e9 recommand\u00e9e est<br \/>\nde 80 g pour chaque 10 m3 d&#8217;eau. Pour les piscines collectives, il est recommand\u00e9 d&#8217;utiliser<br \/>\nde 400 \u00e0 600 g de Chlore Granul\u00e9 pour chaque 100 m3 d&#8217;eau.<br \/>\nLe Chlore Granul\u00e9 est disponible dans diff\u00e9rentes quantit\u00e9s pour r\u00e9pondre \u00e0 vos besoins<br \/>\nsp\u00e9cifiques. Vous pouvez choisir parmi les options suivantes : 1 KG, 5 KG, 25 KG et 50 KG.<br \/>\nCette diversit\u00e9 d&#8217;options vous permet de s\u00e9lectionner la quantit\u00e9 la plus appropri\u00e9e en<br \/>\nfonction de la taille de votre piscine et de vos besoins de d\u00e9sinfection.<br \/>\nEn conclusion, le Chlore Granul\u00e9 est le choix id\u00e9al pour assurer une d\u00e9sinfection choc<br \/>\nefficace de l&#8217;eau de votre piscine. Sa dissolution rapide, son absence de r\u00e9sidus ind\u00e9sirables<br \/>\net sa teneur \u00e9lev\u00e9e en chlore stabilis\u00e9 en font un produit de qualit\u00e9 sup\u00e9rieure. N&#8217;oubliez pas<br \/>\nde choisir la quantit\u00e9 appropri\u00e9e en fonction de la taille de votre piscine et profitez d&#8217;une eau<br \/>\npropre et saine tout au long de la saison de baignade.<\/p>\n<h5>Plus details<\/h5>\n<p>Visitez notre page Facebook pour vous inspirer de nos r\u00e9alisations ou les r\u00e9alisations des<br \/>\npiscinistes qui nous font confiance.<br \/>\n<strong>Marque : <\/strong> <a href=\"https:\/\/xakaproducts.com\/fr\/\">XAKA<\/a><br \/>\nMarque made in :ESPAGNOL<\/p>\n","protected":false},"excerpt":{"rendered":"<p>Chlore Granul\u00e9 : Un Produit de D\u00e9sinfection Choc pour Votre Piscine Le Chlore Granul\u00e9 est un puissant d\u00e9sinfectant en granul\u00e9s sp\u00e9cialement con\u00e7u pour assurer une d\u00e9sinfection choc efficace de l&#8217;eau de votre piscine. Ce produit est hautement efficace pour \u00e9liminer les micro-organismes pr\u00e9sents dans l&#8217;eau de la piscine. La principale caract\u00e9ristique du Chlore Granul\u00e9 est [&hellip;]<\/p>\n","protected":false},"featured_media":259,"comment_status":"open","ping_status":"closed","template":"","meta":[],"product_cat":[15],"product_tag":[],"class_list":{"0":"post-247","1":"product","2":"type-product","3":"status-publish","4":"has-post-thumbnail","6":"product_cat-uncategorized","8":"first","9":"instock","10":"shipping-taxable","11":"product-type-variable"},"jetpack_sharing_enabled":true,"_links":{"self":[{"href":"https:\/\/piscinemarket.piscinetunisie.com\/index.php?rest_route=\/wp\/v2\/product\/247","targetHints":{"allow":["GET"]}}],"collection":[{"href":"https:\/\/piscinemarket.piscinetunisie.com\/index.php?rest_route=\/wp\/v2\/product"}],"about":[{"href":"https:\/\/piscinemarket.piscinetunisie.com\/index.php?rest_route=\/wp\/v2\/types\/product"}],"replies":[{"embeddable":true,"href":"https:\/\/piscinemarket.piscinetunisie.com\/index.php?rest_route=%2Fwp%2Fv2%2Fcomments&post=247"}],"wp:featuredmedia":[{"embeddable":true,"href":"https:\/\/piscinemarket.piscinetunisie.com\/index.php?rest_route=\/wp\/v2\/media\/259"}],"wp:attachment":[{"href":"https:\/\/piscinemarket.piscinetunisie.com\/index.php?rest_route=%2Fwp%2Fv2%2Fmedia&parent=247"}],"wp:term":[{"taxonomy":"product_cat","embeddable":true,"href":"https:\/\/piscinemarket.piscinetunisie.com\/index.php?rest_route=%2Fwp%2Fv2%2Fproduct_cat&post=247"},{"taxonomy":"product_tag","embeddable":true,"href":"https:\/\/piscinemarket.piscinetunisie.com\/index.php?rest_route=%2Fwp%2Fv2%2Fproduct_tag&post=247"}],"curies":[{"name":"wp","href":"https:\/\/api.w.org\/{rel}","templated":true}]}}