{"id":243,"date":"2024-05-15T15:32:00","date_gmt":"2024-05-15T15:32:00","guid":{"rendered":"https:\/\/piscinemarket.piscinetunisie.com\/?post_type=product&#038;p=243"},"modified":"2024-05-15T15:32:12","modified_gmt":"2024-05-15T15:32:12","slug":"import-placeholder-for-1276","status":"publish","type":"product","link":"https:\/\/piscinemarket.piscinetunisie.com\/?product=import-placeholder-for-1276","title":{"rendered":"Import placeholder for 1276"},"content":{"rendered":"<h5>D\u00e9couvrez notre chlore lent en galets de 200 g<\/h5>\n<p>un moyen efficace et pratique de d\u00e9sinfecter l&#8217;eau de votre piscine. Avec une teneur en chlore actif de 90%, notre chlore en galets offre<br \/>\nune concentration \u00e9lev\u00e9e pour une d\u00e9sinfection optimale. Sa dissolution lente garantit une<br \/>\nlib\u00e9ration progressive du chlore dans l&#8217;eau, assurant une protection continue contre les<br \/>\nbact\u00e9ries et les algues.<br \/>\nVeuillez noter l&#8217;importance de lire attentivement l&#8217;\u00e9tiquette et les informations concernant le<br \/>\nproduit avant toute utilisation. Il est recommand\u00e9 de manipuler le chlore avec pr\u00e9caution et<br \/>\nde suivre les instructions d&#8217;utilisation.<br \/>\nNous proposons notre chlore lent en galets dans diff\u00e9rentes quantit\u00e9s pour r\u00e9pondre \u00e0 vos<br \/>\nbesoins sp\u00e9cifiques. Vous pouvez choisir parmi les formats suivants : 1 kg, 5 kg et 25 kg.<br \/>\nAinsi, vous pouvez acheter la quantit\u00e9 qui convient le mieux \u00e0 votre piscine, en fonction de<br \/>\nsa taille et de la fr\u00e9quence d&#8217;utilisation.<br \/>\nNotre chlore lent en galets est de la marque XAKA, une marque renomm\u00e9e dans le domaine<br \/>\ndes produits de traitement de l&#8217;eau pour piscines. En optant pour notre chlore, vous<br \/>\nchoisissez la qualit\u00e9 et la fiabilit\u00e9 d&#8217;une marque r\u00e9put\u00e9e.<br \/>\nLe chlore est un \u00e9l\u00e9ment essentiel de l&#8217;entretien de votre piscine, permettant de maintenir<\/p>\n<p>une eau propre et saine en \u00e9liminant les impuret\u00e9s et en pr\u00e9venant la croissance des micro-<br \/>\norganismes ind\u00e9sirables. Veillez \u00e0 utiliser le chlore lent en galets de mani\u00e8re appropri\u00e9e, en<\/p>\n<p>respectant les dosages recommand\u00e9s et en surveillant r\u00e9guli\u00e8rement le niveau de chlore<br \/>\ndans votre piscine.<br \/>\nPour une d\u00e9sinfection efficace et une qualit\u00e9 d&#8217;eau optimale, choisissez notre chlore lent en<br \/>\ngalets de 200 g. Avec la marque XAKA, vous pouvez avoir confiance en la performance de<br \/>\nnotre produit. Prenez soin de votre piscine en utilisant des produits de traitement de l&#8217;eau de<br \/>\nqualit\u00e9 sup\u00e9rieure.<\/p>\n<h6>Plus des details<\/h6>\n<p>N&#8217;oubliez pas de visiter <a href=\"https:\/\/www.facebook.com\/STGEgroup\/\">notre page Facebook<\/a> pour trouver l&#8217;inspiration \u00e0 travers nos<br \/>\nr\u00e9alisations et celles des piscinistes qui nous font confiance. Vous y trouverez des conseils<br \/>\nutiles pour l&#8217;entretien et le nettoyage de votre piscine, ainsi que des informations sur nos<br \/>\nproduits.<\/p>\n<p><strong>Marque : <\/strong> <a href=\"https:\/\/xakaproducts.com\/fr\/\">XAKA<\/a><br \/>\nMarque made in :ESPAGNOL<\/p>\n","protected":false},"excerpt":{"rendered":"<p>D\u00e9couvrez notre chlore lent en galets de 200 g un moyen efficace et pratique de d\u00e9sinfecter l&#8217;eau de votre piscine. Avec une teneur en chlore actif de 90%, notre chlore en galets offre une concentration \u00e9lev\u00e9e pour une d\u00e9sinfection optimale. Sa dissolution lente garantit une lib\u00e9ration progressive du chlore dans l&#8217;eau, assurant une protection continue [&hellip;]<\/p>\n","protected":false},"featured_media":258,"comment_status":"open","ping_status":"closed","template":"","meta":[],"product_cat":[15],"product_tag":[],"class_list":{"0":"post-243","1":"product","2":"type-product","3":"status-publish","4":"has-post-thumbnail","6":"product_cat-uncategorized","8":"first","9":"instock","10":"shipping-taxable","11":"product-type-variable"},"jetpack_sharing_enabled":true,"_links":{"self":[{"href":"https:\/\/piscinemarket.piscinetunisie.com\/index.php?rest_route=\/wp\/v2\/product\/243","targetHints":{"allow":["GET"]}}],"collection":[{"href":"https:\/\/piscinemarket.piscinetunisie.com\/index.php?rest_route=\/wp\/v2\/product"}],"about":[{"href":"https:\/\/piscinemarket.piscinetunisie.com\/index.php?rest_route=\/wp\/v2\/types\/product"}],"replies":[{"embeddable":true,"href":"https:\/\/piscinemarket.piscinetunisie.com\/index.php?rest_route=%2Fwp%2Fv2%2Fcomments&post=243"}],"wp:featuredmedia":[{"embeddable":true,"href":"https:\/\/piscinemarket.piscinetunisie.com\/index.php?rest_route=\/wp\/v2\/media\/258"}],"wp:attachment":[{"href":"https:\/\/piscinemarket.piscinetunisie.com\/index.php?rest_route=%2Fwp%2Fv2%2Fmedia&parent=243"}],"wp:term":[{"taxonomy":"product_cat","embeddable":true,"href":"https:\/\/piscinemarket.piscinetunisie.com\/index.php?rest_route=%2Fwp%2Fv2%2Fproduct_cat&post=243"},{"taxonomy":"product_tag","embeddable":true,"href":"https:\/\/piscinemarket.piscinetunisie.com\/index.php?rest_route=%2Fwp%2Fv2%2Fproduct_tag&post=243"}],"curies":[{"name":"wp","href":"https:\/\/api.w.org\/{rel}","templated":true}]}}