{"id":233,"date":"2024-05-15T15:31:59","date_gmt":"2024-05-15T15:31:59","guid":{"rendered":"https:\/\/piscinemarket.piscinetunisie.com\/?post_type=product&#038;p=233"},"modified":"2024-05-15T15:32:09","modified_gmt":"2024-05-15T15:32:09","slug":"import-placeholder-for-1263","status":"publish","type":"product","link":"https:\/\/piscinemarket.piscinetunisie.com\/?product=import-placeholder-for-1263","title":{"rendered":"Import placeholder for 1263"},"content":{"rendered":"<h5>L&#8217;analyse r\u00e9guli\u00e8re du chlore\/brome et du pH<\/h5>\n<p><a href=\"https:\/\/www.piscinetunisie.com\/shop\/trousse-ph-cl-astralpool-dpd\/\">L&#8217;analyse r\u00e9guli\u00e8re du chlore\/brome<\/a> et du <a href=\"https:\/\/www.piscinetunisie.com\/shop\/ph-pour-piscine\/\">pH<\/a> est d&#8217;une importance cruciale pour maintenir<br \/>\nune piscine propre, saine et \u00e9quilibr\u00e9e. Avec notre trousse d&#8217;analyse de qualit\u00e9, vous<br \/>\ndisposez des outils n\u00e9cessaires pour effectuer ces tests de mani\u00e8re pratique et pr\u00e9cise.<br \/>\nNotre trousse comprend le r\u00e9actif DPD 1 pour mesurer le niveau de d\u00e9sinfectant dans l&#8217;eau<br \/>\net le r\u00e9actif Red Phenol pour \u00e9valuer le pH. Ces deux tests sont essentiels pour garantir une<br \/>\nd\u00e9sinfection efficace et un \u00e9quilibre chimique optimal de votre piscine.<br \/>\nPour assurer la fra\u00eecheur et la qualit\u00e9 des r\u00e9actifs, notre trousse d&#8217;analyse est<br \/>\nsoigneusement emball\u00e9e sous blister. Vous pouvez ainsi \u00eatre certain de b\u00e9n\u00e9ficier de<br \/>\nr\u00e9sultats pr\u00e9cis et fiables \u00e0 chaque utilisation.<br \/>\nIl est essentiel de suivre l&#8217;ordre recommand\u00e9 lors des tests : commencez toujours par<br \/>\nmesurer le niveau de chlore\/brome avant d&#8217;\u00e9valuer le pH. Cela est particuli\u00e8rement<br \/>\nimportant, car si le niveau de chlore est trop \u00e9lev\u00e9, le test du pH ne sera pas aussi pr\u00e9cis.<br \/>\nVeillez donc \u00e0 tester dans l&#8217;ordre recommand\u00e9 pour obtenir des r\u00e9sultats fiables.<br \/>\nLa marque ASTRALPOOL est renomm\u00e9e dans l&#8217;industrie des piscines, et notre trousse<br \/>\nd&#8217;analyse ne fait pas exception. Nous sommes fiers de vous offrir des produits de haute<br \/>\nqualit\u00e9, fabriqu\u00e9s en Espagne, qui r\u00e9pondent aux normes les plus strictes en mati\u00e8re<br \/>\nd&#8217;entretien de piscines.<br \/>\nPrenez soin de maintenir des niveaux ad\u00e9quats de chlore\/brome et un pH \u00e9quilibr\u00e9 dans<br \/>\nvotre piscine en utilisant notre trousse d&#8217;analyse. Faites confiance \u00e0 la marque<br \/>\nASTRALPOOL pour des produits fiables, durables et efficaces. Avec notre trousse d&#8217;analyse,<br \/>\nvous pourrez profiter d&#8217;une piscine cristalline et agr\u00e9able tout au long de la saison.<\/p>\n<h6>Plus des d\u00e9tails<\/h6>\n<p>N&#8217;oubliez pas de visiter<a href=\"https:\/\/www.facebook.com\/STGEgroup\/\"> notre page Facebook<\/a> pour trouver l&#8217;inspiration \u00e0 travers nos<br \/>\nr\u00e9alisations et celles des piscinistes qui nous font confiance. Vous y trouverez des conseils<br \/>\nutiles pour l&#8217;entretien et le nettoyage de votre piscine, ainsi que des informations sur nos<br \/>\nproduits.<\/p>\n<p><strong>Marque : <\/strong> <a href=\"https:\/\/www.astralpool.com\/fr\/\">ASTRALPOOL<\/a><br \/>\n<strong>Marque made in : <\/strong> ESPAGNOL<\/p>\n","protected":false},"excerpt":{"rendered":"<p>L&#8217;analyse r\u00e9guli\u00e8re du chlore\/brome et du pH L&#8217;analyse r\u00e9guli\u00e8re du chlore\/brome et du pH est d&#8217;une importance cruciale pour maintenir une piscine propre, saine et \u00e9quilibr\u00e9e. Avec notre trousse d&#8217;analyse de qualit\u00e9, vous disposez des outils n\u00e9cessaires pour effectuer ces tests de mani\u00e8re pratique et pr\u00e9cise. Notre trousse comprend le r\u00e9actif DPD 1 pour mesurer [&hellip;]<\/p>\n","protected":false},"featured_media":256,"comment_status":"open","ping_status":"closed","template":"","meta":[],"product_cat":[15],"product_tag":[],"class_list":{"0":"post-233","1":"product","2":"type-product","3":"status-publish","4":"has-post-thumbnail","6":"product_cat-uncategorized","8":"first","9":"instock","10":"shipping-taxable","11":"product-type-simple"},"jetpack_sharing_enabled":true,"_links":{"self":[{"href":"https:\/\/piscinemarket.piscinetunisie.com\/index.php?rest_route=\/wp\/v2\/product\/233","targetHints":{"allow":["GET"]}}],"collection":[{"href":"https:\/\/piscinemarket.piscinetunisie.com\/index.php?rest_route=\/wp\/v2\/product"}],"about":[{"href":"https:\/\/piscinemarket.piscinetunisie.com\/index.php?rest_route=\/wp\/v2\/types\/product"}],"replies":[{"embeddable":true,"href":"https:\/\/piscinemarket.piscinetunisie.com\/index.php?rest_route=%2Fwp%2Fv2%2Fcomments&post=233"}],"wp:featuredmedia":[{"embeddable":true,"href":"https:\/\/piscinemarket.piscinetunisie.com\/index.php?rest_route=\/wp\/v2\/media\/256"}],"wp:attachment":[{"href":"https:\/\/piscinemarket.piscinetunisie.com\/index.php?rest_route=%2Fwp%2Fv2%2Fmedia&parent=233"}],"wp:term":[{"taxonomy":"product_cat","embeddable":true,"href":"https:\/\/piscinemarket.piscinetunisie.com\/index.php?rest_route=%2Fwp%2Fv2%2Fproduct_cat&post=233"},{"taxonomy":"product_tag","embeddable":true,"href":"https:\/\/piscinemarket.piscinetunisie.com\/index.php?rest_route=%2Fwp%2Fv2%2Fproduct_tag&post=233"}],"curies":[{"name":"wp","href":"https:\/\/api.w.org\/{rel}","templated":true}]}}