{"id":232,"date":"2024-05-15T15:31:58","date_gmt":"2024-05-15T15:31:58","guid":{"rendered":"https:\/\/piscinemarket.piscinetunisie.com\/?post_type=product&#038;p=232"},"modified":"2024-05-15T15:32:08","modified_gmt":"2024-05-15T15:32:08","slug":"import-placeholder-for-1260","status":"publish","type":"product","link":"https:\/\/piscinemarket.piscinetunisie.com\/?product=import-placeholder-for-1260","title":{"rendered":"Import placeholder for 1260"},"content":{"rendered":"<h5>Trousse Ph-Cl ASTRALPOOL liquide<\/h5>\n<p>Pour maintenir une piscine saine et \u00e9quilibr\u00e9e, il est essentiel d&#8217;effectuer r\u00e9guli\u00e8rement des<br \/>\nanalyses du chlore\/brome et du <a href=\"https:\/\/www.piscinetunisie.com\/shop\/ph-pour-piscine\/\">pH<\/a>. Notre trousse d&#8217;analyse est sp\u00e9cialement con\u00e7ue pour<br \/>\nvous permettre de r\u00e9aliser ces tests de mani\u00e8re pr\u00e9cise et facile.<br \/>\nLes r\u00e9actifs liquides inclus dans la trousse sont l&#8217;OTO pour le d\u00e9sinfectant et le Red Phenol<br \/>\npour le pH. Ces r\u00e9actifs de qualit\u00e9 vous garantissent des r\u00e9sultats fiables et pr\u00e9cis.<br \/>\nLa trousse est livr\u00e9e sous blister, assurant la fra\u00eecheur et la durabilit\u00e9 des r\u00e9actifs. Vous<br \/>\npouvez ainsi effectuer vos tests en toute confiance, sachant que les r\u00e9actifs sont de la plus<br \/>\nhaute qualit\u00e9.<br \/>\nIl est important de noter qu&#8217;il est recommand\u00e9 de tester d&#8217;abord le chlore avant le pH. En<br \/>\neffet, si le niveau de chlore est trop \u00e9lev\u00e9, le test du pH ne sera pas aussi pr\u00e9cis. Veillez<br \/>\ndonc \u00e0 toujours effectuer les tests dans l&#8217;ordre recommand\u00e9 pour obtenir des r\u00e9sultats<br \/>\nfiables.<br \/>\nNotre trousse d&#8217;analyse est con\u00e7ue pour simplifier le processus d&#8217;analyse du chlore\/brome et<br \/>\ndu <a href=\"https:\/\/www.piscinetunisie.com\/shop\/trousse-ph-cl-astralpool-dpd\/\">pH<\/a>. Avec une utilisation facile et des r\u00e9actifs de qualit\u00e9, vous pouvez obtenir rapidement<br \/>\nles informations n\u00e9cessaires pour maintenir votre piscine dans un \u00e9tat optimal.<br \/>\nOptez pour notre trousse d&#8217;analyse du chlore\/brome et du pH, livr\u00e9e sous blister, pour des<br \/>\nr\u00e9sultats pr\u00e9cis et une piscine \u00e9quilibr\u00e9e tout au long de la saison.<br \/>\nFaites confiance \u00e0 notre marque pour des produits de qualit\u00e9 et une expertise dans<br \/>\nl&#8217;entretien des piscines.<\/p>\n<h6>Plus Details<\/h6>\n<p>N&#8217;oubliez pas de visiter<a href=\"https:\/\/www.facebook.com\/STGEgroup\/\"> notre page Facebook<\/a> pour trouver l&#8217;inspiration \u00e0 travers nos<br \/>\nr\u00e9alisations et celles des piscinistes qui nous font confiance. Vous y trouverez des conseils<br \/>\nutiles pour l&#8217;entretien et le nettoyage de votre piscine, ainsi que des informations sur nos<br \/>\nproduits.<\/p>\n<p><strong>Marque : <\/strong> <a href=\"https:\/\/www.astralpool.com\/fr\/\">ASTRALPOOL<\/a><br \/>\n<strong>Marque Made in\u00a0: <\/strong>ESPAGNOL<\/p>\n","protected":false},"excerpt":{"rendered":"<p>Trousse Ph-Cl ASTRALPOOL liquide Pour maintenir une piscine saine et \u00e9quilibr\u00e9e, il est essentiel d&#8217;effectuer r\u00e9guli\u00e8rement des analyses du chlore\/brome et du pH. Notre trousse d&#8217;analyse est sp\u00e9cialement con\u00e7ue pour vous permettre de r\u00e9aliser ces tests de mani\u00e8re pr\u00e9cise et facile. Les r\u00e9actifs liquides inclus dans la trousse sont l&#8217;OTO pour le d\u00e9sinfectant et le [&hellip;]<\/p>\n","protected":false},"featured_media":255,"comment_status":"open","ping_status":"closed","template":"","meta":[],"product_cat":[15],"product_tag":[],"class_list":{"0":"post-232","1":"product","2":"type-product","3":"status-publish","4":"has-post-thumbnail","6":"product_cat-uncategorized","8":"first","9":"instock","10":"shipping-taxable","11":"product-type-simple"},"jetpack_sharing_enabled":true,"_links":{"self":[{"href":"https:\/\/piscinemarket.piscinetunisie.com\/index.php?rest_route=\/wp\/v2\/product\/232","targetHints":{"allow":["GET"]}}],"collection":[{"href":"https:\/\/piscinemarket.piscinetunisie.com\/index.php?rest_route=\/wp\/v2\/product"}],"about":[{"href":"https:\/\/piscinemarket.piscinetunisie.com\/index.php?rest_route=\/wp\/v2\/types\/product"}],"replies":[{"embeddable":true,"href":"https:\/\/piscinemarket.piscinetunisie.com\/index.php?rest_route=%2Fwp%2Fv2%2Fcomments&post=232"}],"wp:featuredmedia":[{"embeddable":true,"href":"https:\/\/piscinemarket.piscinetunisie.com\/index.php?rest_route=\/wp\/v2\/media\/255"}],"wp:attachment":[{"href":"https:\/\/piscinemarket.piscinetunisie.com\/index.php?rest_route=%2Fwp%2Fv2%2Fmedia&parent=232"}],"wp:term":[{"taxonomy":"product_cat","embeddable":true,"href":"https:\/\/piscinemarket.piscinetunisie.com\/index.php?rest_route=%2Fwp%2Fv2%2Fproduct_cat&post=232"},{"taxonomy":"product_tag","embeddable":true,"href":"https:\/\/piscinemarket.piscinetunisie.com\/index.php?rest_route=%2Fwp%2Fv2%2Fproduct_tag&post=232"}],"curies":[{"name":"wp","href":"https:\/\/api.w.org\/{rel}","templated":true}]}}