{"id":231,"date":"2024-05-15T15:31:58","date_gmt":"2024-05-15T15:31:58","guid":{"rendered":"https:\/\/piscinemarket.piscinetunisie.com\/?post_type=product&#038;p=231"},"modified":"2024-05-15T15:32:07","modified_gmt":"2024-05-15T15:32:07","slug":"import-placeholder-for-1259","status":"publish","type":"product","link":"https:\/\/piscinemarket.piscinetunisie.com\/?product=import-placeholder-for-1259","title":{"rendered":"Import placeholder for 1259"},"content":{"rendered":"<h5>Trousse \u00e0 bandelettes 6 en 1<\/h5>\n<p>Si vous avez des pr\u00e9occupations concernant la qualit\u00e9 de l&#8217;eau de votre bassin et que vous<br \/>\nsouhaitez obtenir rapidement des informations sur les niveaux de produits chimiques utilis\u00e9s,<br \/>\nnotre testeur PH CL est l&#8217;outil id\u00e9al.<\/p>\n<p>Avec nos bandelettes de test, vous pouvez obtenir en quelques secondes des mesures<br \/>\npr\u00e9cises pour le chlore ou le brome, le chlore total, le pH, l&#8217;alcalinit\u00e9, la duret\u00e9 totale et le<br \/>\nstabilisant pr\u00e9sents dans votre eau.<\/p>\n<p>Il est essentiel de maintenir un bon \u00e9quilibre de l&#8217;eau de votre bassin, et cela commence par<br \/>\nun r\u00e9glage ad\u00e9quat du pH. Malheureusement, le pH est souvent n\u00e9glig\u00e9 lors du traitement<br \/>\ndes eaux de spa, alors qu&#8217;il joue un r\u00f4le crucial pour pr\u00e9venir de nombreux d\u00e9sagr\u00e9ments<br \/>\ntels que les irritations des yeux et de la peau.<\/p>\n<p>En utilisant notre testeur PH CL, vous faciliterez \u00e9galement l&#8217;action de votre d\u00e9sinfectant,<br \/>\ngarantissant ainsi une eau saine et agr\u00e9able.<\/p>\n<p>Gr\u00e2ce aux languettes de test, vous pourrez contr\u00f4ler efficacement :<\/p>\n<ul>\n<li>Le niveau de chlore<\/li>\n<li>Le niveau de stabilisant dans l&#8217;eau<\/li>\n<li>La duret\u00e9 totale de l&#8217;eau<\/li>\n<li>*Le pH de l&#8217;eau<\/li>\n<li>L&#8217;alcalinit\u00e9 de l&#8217;eau<\/li>\n<li>Le taux de chlore total<\/li>\n<li>Le niveau de brome<\/li>\n<\/ul>\n<p>Pour b\u00e9n\u00e9ficier d&#8217;une eau de bassin optimale, n&#8217;h\u00e9sitez pas \u00e0 utiliser notre testeur PH CL et<br \/>\n\u00e0 suivre les recommandations pour un r\u00e9glage appropri\u00e9 des niveaux de produits chimiques.<\/p>\n<h5>Plus d\u00e9tails<\/h5>\n<p>N&#8217;oubliez pas de visiter<a href=\"https:\/\/www.facebook.com\/STGEgroup\/\"> notre page Facebook<\/a> pour trouver l&#8217;inspiration \u00e0 travers nos<br \/>\nr\u00e9alisations et celles des piscinistes qui nous font confiance. Vous y trouverez des conseils<br \/>\nutiles pour l&#8217;entretien et le nettoyage de votre piscine, ainsi que des informations sur nos<br \/>\nproduits.<\/p>\n<p><strong>Marque : <\/strong> <a href=\"https:\/\/www.astralpool.com\/fr\/\">ASTRALPOOL<\/a><br \/>\n<strong>Marque Made in\u00a0: <\/strong>ESPAGNOL<\/p>\n","protected":false},"excerpt":{"rendered":"<p>Trousse \u00e0 bandelettes 6 en 1 Si vous avez des pr\u00e9occupations concernant la qualit\u00e9 de l&#8217;eau de votre bassin et que vous souhaitez obtenir rapidement des informations sur les niveaux de produits chimiques utilis\u00e9s, notre testeur PH CL est l&#8217;outil id\u00e9al. Avec nos bandelettes de test, vous pouvez obtenir en quelques secondes des mesures pr\u00e9cises [&hellip;]<\/p>\n","protected":false},"featured_media":254,"comment_status":"open","ping_status":"closed","template":"","meta":[],"product_cat":[15],"product_tag":[],"class_list":{"0":"post-231","1":"product","2":"type-product","3":"status-publish","4":"has-post-thumbnail","6":"product_cat-uncategorized","8":"first","9":"instock","10":"shipping-taxable","11":"product-type-simple"},"jetpack_sharing_enabled":true,"_links":{"self":[{"href":"https:\/\/piscinemarket.piscinetunisie.com\/index.php?rest_route=\/wp\/v2\/product\/231","targetHints":{"allow":["GET"]}}],"collection":[{"href":"https:\/\/piscinemarket.piscinetunisie.com\/index.php?rest_route=\/wp\/v2\/product"}],"about":[{"href":"https:\/\/piscinemarket.piscinetunisie.com\/index.php?rest_route=\/wp\/v2\/types\/product"}],"replies":[{"embeddable":true,"href":"https:\/\/piscinemarket.piscinetunisie.com\/index.php?rest_route=%2Fwp%2Fv2%2Fcomments&post=231"}],"wp:featuredmedia":[{"embeddable":true,"href":"https:\/\/piscinemarket.piscinetunisie.com\/index.php?rest_route=\/wp\/v2\/media\/254"}],"wp:attachment":[{"href":"https:\/\/piscinemarket.piscinetunisie.com\/index.php?rest_route=%2Fwp%2Fv2%2Fmedia&parent=231"}],"wp:term":[{"taxonomy":"product_cat","embeddable":true,"href":"https:\/\/piscinemarket.piscinetunisie.com\/index.php?rest_route=%2Fwp%2Fv2%2Fproduct_cat&post=231"},{"taxonomy":"product_tag","embeddable":true,"href":"https:\/\/piscinemarket.piscinetunisie.com\/index.php?rest_route=%2Fwp%2Fv2%2Fproduct_tag&post=231"}],"curies":[{"name":"wp","href":"https:\/\/api.w.org\/{rel}","templated":true}]}}